{"id":36314,"date":"2025-10-31T17:55:27","date_gmt":"2025-10-31T15:55:27","guid":{"rendered":"https:\/\/rainbowkjewelry.com\/?post_type=product&#038;p=36314"},"modified":"2025-11-04T16:01:24","modified_gmt":"2025-11-04T14:01:24","slug":"bague-tourbillon-large","status":"publish","type":"product","link":"https:\/\/rainbowkjewelry.com\/fr\/produit\/bague-tourbillon-large\/","title":{"rendered":"BAGUE TOURBILLON LARGE"},"content":{"rendered":"","protected":false},"excerpt":{"rendered":"<p>Mat\u00e9riel: OR 14K<br \/>\nwhite diamonds 0,52cts<\/p>\n<p>L&rsquo;art du mouvement et de la g\u00e9om\u00e9trie, l&rsquo;essence m\u00eame du Tourbillon.<br \/>\nUne source d&rsquo;inspiration pour la bague large TOURBILLON. Une pi\u00e8ce sculpt\u00e9e comme un mouvement, \u00e0 la fois architecturale et d&rsquo;une fluidit\u00e9 envo\u00fbtante. Une ligne de haute joaillerie g\u00e9om\u00e9trique fa\u00e7onn\u00e9e par d&rsquo;\u00e9l\u00e9gantes courbes, alliant l&rsquo;\u00e9clat de l&rsquo;or, la puret\u00e9 des diamants et la pr\u00e9cision des sertissages baguette.<\/p>\n","protected":false},"featured_media":36317,"template":"","meta":[],"product_brand":[],"product_cat":[315,496,318],"product_tag":[],"class_list":{"0":"post-36314","1":"product","2":"type-product","3":"status-publish","4":"has-post-thumbnail","6":"product_cat-bagues","7":"product_cat-tourbillon-fr","8":"product_cat-tous-les-produits","10":"first","11":"instock","12":"taxable","13":"shipping-taxable","14":"purchasable","15":"product-type-variable"},"acf":[],"yoast_head":"<!-- This site is optimized with the Yoast SEO plugin v27.2 - https:\/\/yoast.com\/product\/yoast-seo-wordpress\/ -->\n<title>BAGUE TOURBILLON LARGE - Rainbow K<\/title>\n<meta name=\"robots\" content=\"index, follow, max-snippet:-1, max-image-preview:large, max-video-preview:-1\" \/>\n<link rel=\"canonical\" href=\"https:\/\/rainbowkjewelry.com\/fr\/produit\/bague-tourbillon-large\/\" \/>\n<meta property=\"og:locale\" content=\"fr_FR\" \/>\n<meta property=\"og:type\" content=\"article\" \/>\n<meta property=\"og:title\" content=\"BAGUE TOURBILLON LARGE - Rainbow K\" \/>\n<meta property=\"og:description\" content=\"Mat\u00e9riel: OR 14K white diamonds 0,52cts  L&#039;art du mouvement et de la g\u00e9om\u00e9trie, l&#039;essence m\u00eame du Tourbillon. Une source d&#039;inspiration pour la bague large TOURBILLON. Une pi\u00e8ce sculpt\u00e9e comme un mouvement, \u00e0 la fois architecturale et d&#039;une fluidit\u00e9 envo\u00fbtante. Une ligne de haute joaillerie g\u00e9om\u00e9trique fa\u00e7onn\u00e9e par d&#039;\u00e9l\u00e9gantes courbes, alliant l&#039;\u00e9clat de l&#039;or, la puret\u00e9 des diamants et la pr\u00e9cision des sertissages baguette.\" \/>\n<meta property=\"og:url\" content=\"https:\/\/rainbowkjewelry.com\/fr\/produit\/bague-tourbillon-large\/\" \/>\n<meta property=\"og:site_name\" content=\"Rainbow K\" \/>\n<meta property=\"article:modified_time\" content=\"2025-11-04T14:01:24+00:00\" \/>\n<meta property=\"og:image\" content=\"https:\/\/rainbowkjewelry.com\/wp-content\/uploads\/2025\/10\/TOURBILLON-ring-large-.jpg\" \/>\n\t<meta property=\"og:image:width\" content=\"1300\" \/>\n\t<meta property=\"og:image:height\" content=\"1300\" \/>\n\t<meta property=\"og:image:type\" content=\"image\/jpeg\" \/>\n<meta name=\"twitter:card\" content=\"summary_large_image\" \/>\n<meta name=\"twitter:label1\" content=\"Dur\u00e9e de lecture estim\u00e9e\" \/>\n\t<meta name=\"twitter:data1\" content=\"1 minute\" \/>\n<script type=\"application\/ld+json\" class=\"yoast-schema-graph\">{\"@context\":\"https:\/\/schema.org\",\"@graph\":[{\"@type\":\"WebPage\",\"@id\":\"https:\/\/rainbowkjewelry.com\/fr\/produit\/bague-tourbillon-large\/\",\"url\":\"https:\/\/rainbowkjewelry.com\/fr\/produit\/bague-tourbillon-large\/\",\"name\":\"BAGUE TOURBILLON LARGE - Rainbow K\",\"isPartOf\":{\"@id\":\"https:\/\/rainbowkjewelry.com\/fr\/#website\"},\"primaryImageOfPage\":{\"@id\":\"https:\/\/rainbowkjewelry.com\/fr\/produit\/bague-tourbillon-large\/#primaryimage\"},\"image\":{\"@id\":\"https:\/\/rainbowkjewelry.com\/fr\/produit\/bague-tourbillon-large\/#primaryimage\"},\"thumbnailUrl\":\"https:\/\/rainbowkjewelry.com\/wp-content\/uploads\/2025\/10\/TOURBILLON-ring-large-.jpg\",\"datePublished\":\"2025-10-31T15:55:27+00:00\",\"dateModified\":\"2025-11-04T14:01:24+00:00\",\"breadcrumb\":{\"@id\":\"https:\/\/rainbowkjewelry.com\/fr\/produit\/bague-tourbillon-large\/#breadcrumb\"},\"inLanguage\":\"fr-FR\",\"potentialAction\":[{\"@type\":\"ReadAction\",\"target\":[\"https:\/\/rainbowkjewelry.com\/fr\/produit\/bague-tourbillon-large\/\"]}]},{\"@type\":\"ImageObject\",\"inLanguage\":\"fr-FR\",\"@id\":\"https:\/\/rainbowkjewelry.com\/fr\/produit\/bague-tourbillon-large\/#primaryimage\",\"url\":\"https:\/\/rainbowkjewelry.com\/wp-content\/uploads\/2025\/10\/TOURBILLON-ring-large-.jpg\",\"contentUrl\":\"https:\/\/rainbowkjewelry.com\/wp-content\/uploads\/2025\/10\/TOURBILLON-ring-large-.jpg\",\"width\":1300,\"height\":1300},{\"@type\":\"BreadcrumbList\",\"@id\":\"https:\/\/rainbowkjewelry.com\/fr\/produit\/bague-tourbillon-large\/#breadcrumb\",\"itemListElement\":[{\"@type\":\"ListItem\",\"position\":1,\"name\":\"Accueil\",\"item\":\"https:\/\/rainbowkjewelry.com\/fr\/\"},{\"@type\":\"ListItem\",\"position\":2,\"name\":\"Boutique\",\"item\":\"https:\/\/rainbowkjewelry.com\/fr\/boutique\/\"},{\"@type\":\"ListItem\",\"position\":3,\"name\":\"BAGUE TOURBILLON LARGE\"}]},{\"@type\":\"WebSite\",\"@id\":\"https:\/\/rainbowkjewelry.com\/fr\/#website\",\"url\":\"https:\/\/rainbowkjewelry.com\/fr\/\",\"name\":\"Rainbow K\",\"description\":\"\",\"publisher\":{\"@id\":\"https:\/\/rainbowkjewelry.com\/fr\/#organization\"},\"potentialAction\":[{\"@type\":\"SearchAction\",\"target\":{\"@type\":\"EntryPoint\",\"urlTemplate\":\"https:\/\/rainbowkjewelry.com\/fr\/?s={search_term_string}\"},\"query-input\":{\"@type\":\"PropertyValueSpecification\",\"valueRequired\":true,\"valueName\":\"search_term_string\"}}],\"inLanguage\":\"fr-FR\"},{\"@type\":\"Organization\",\"@id\":\"https:\/\/rainbowkjewelry.com\/fr\/#organization\",\"name\":\"Rainbow K\",\"url\":\"https:\/\/rainbowkjewelry.com\/fr\/\",\"logo\":{\"@type\":\"ImageObject\",\"inLanguage\":\"fr-FR\",\"@id\":\"https:\/\/rainbowkjewelry.com\/fr\/#\/schema\/logo\/image\/\",\"url\":\"https:\/\/rainbowkjewelry.com\/wp-content\/uploads\/2023\/01\/DARK_LOGO_RAINBOW_K.png\",\"contentUrl\":\"https:\/\/rainbowkjewelry.com\/wp-content\/uploads\/2023\/01\/DARK_LOGO_RAINBOW_K.png\",\"width\":1392,\"height\":451,\"caption\":\"Rainbow K\"},\"image\":{\"@id\":\"https:\/\/rainbowkjewelry.com\/fr\/#\/schema\/logo\/image\/\"},\"sameAs\":[\"https:\/\/www.instagram.com\/rainbowkjewelry\/\"]}]}<\/script>\n<!-- \/ Yoast SEO plugin. -->","yoast_head_json":{"title":"BAGUE TOURBILLON LARGE - Rainbow K","robots":{"index":"index","follow":"follow","max-snippet":"max-snippet:-1","max-image-preview":"max-image-preview:large","max-video-preview":"max-video-preview:-1"},"canonical":"https:\/\/rainbowkjewelry.com\/fr\/produit\/bague-tourbillon-large\/","og_locale":"fr_FR","og_type":"article","og_title":"BAGUE TOURBILLON LARGE - Rainbow K","og_description":"Mat\u00e9riel: OR 14K white diamonds 0,52cts  L'art du mouvement et de la g\u00e9om\u00e9trie, l'essence m\u00eame du Tourbillon. Une source d'inspiration pour la bague large TOURBILLON. Une pi\u00e8ce sculpt\u00e9e comme un mouvement, \u00e0 la fois architecturale et d'une fluidit\u00e9 envo\u00fbtante. Une ligne de haute joaillerie g\u00e9om\u00e9trique fa\u00e7onn\u00e9e par d'\u00e9l\u00e9gantes courbes, alliant l'\u00e9clat de l'or, la puret\u00e9 des diamants et la pr\u00e9cision des sertissages baguette.","og_url":"https:\/\/rainbowkjewelry.com\/fr\/produit\/bague-tourbillon-large\/","og_site_name":"Rainbow K","article_modified_time":"2025-11-04T14:01:24+00:00","og_image":[{"width":1300,"height":1300,"url":"https:\/\/rainbowkjewelry.com\/wp-content\/uploads\/2025\/10\/TOURBILLON-ring-large-.jpg","type":"image\/jpeg"}],"twitter_card":"summary_large_image","twitter_misc":{"Dur\u00e9e de lecture estim\u00e9e":"1 minute"},"schema":{"@context":"https:\/\/schema.org","@graph":[{"@type":"WebPage","@id":"https:\/\/rainbowkjewelry.com\/fr\/produit\/bague-tourbillon-large\/","url":"https:\/\/rainbowkjewelry.com\/fr\/produit\/bague-tourbillon-large\/","name":"BAGUE TOURBILLON LARGE - Rainbow K","isPartOf":{"@id":"https:\/\/rainbowkjewelry.com\/fr\/#website"},"primaryImageOfPage":{"@id":"https:\/\/rainbowkjewelry.com\/fr\/produit\/bague-tourbillon-large\/#primaryimage"},"image":{"@id":"https:\/\/rainbowkjewelry.com\/fr\/produit\/bague-tourbillon-large\/#primaryimage"},"thumbnailUrl":"https:\/\/rainbowkjewelry.com\/wp-content\/uploads\/2025\/10\/TOURBILLON-ring-large-.jpg","datePublished":"2025-10-31T15:55:27+00:00","dateModified":"2025-11-04T14:01:24+00:00","breadcrumb":{"@id":"https:\/\/rainbowkjewelry.com\/fr\/produit\/bague-tourbillon-large\/#breadcrumb"},"inLanguage":"fr-FR","potentialAction":[{"@type":"ReadAction","target":["https:\/\/rainbowkjewelry.com\/fr\/produit\/bague-tourbillon-large\/"]}]},{"@type":"ImageObject","inLanguage":"fr-FR","@id":"https:\/\/rainbowkjewelry.com\/fr\/produit\/bague-tourbillon-large\/#primaryimage","url":"https:\/\/rainbowkjewelry.com\/wp-content\/uploads\/2025\/10\/TOURBILLON-ring-large-.jpg","contentUrl":"https:\/\/rainbowkjewelry.com\/wp-content\/uploads\/2025\/10\/TOURBILLON-ring-large-.jpg","width":1300,"height":1300},{"@type":"BreadcrumbList","@id":"https:\/\/rainbowkjewelry.com\/fr\/produit\/bague-tourbillon-large\/#breadcrumb","itemListElement":[{"@type":"ListItem","position":1,"name":"Accueil","item":"https:\/\/rainbowkjewelry.com\/fr\/"},{"@type":"ListItem","position":2,"name":"Boutique","item":"https:\/\/rainbowkjewelry.com\/fr\/boutique\/"},{"@type":"ListItem","position":3,"name":"BAGUE TOURBILLON LARGE"}]},{"@type":"WebSite","@id":"https:\/\/rainbowkjewelry.com\/fr\/#website","url":"https:\/\/rainbowkjewelry.com\/fr\/","name":"Rainbow K","description":"","publisher":{"@id":"https:\/\/rainbowkjewelry.com\/fr\/#organization"},"potentialAction":[{"@type":"SearchAction","target":{"@type":"EntryPoint","urlTemplate":"https:\/\/rainbowkjewelry.com\/fr\/?s={search_term_string}"},"query-input":{"@type":"PropertyValueSpecification","valueRequired":true,"valueName":"search_term_string"}}],"inLanguage":"fr-FR"},{"@type":"Organization","@id":"https:\/\/rainbowkjewelry.com\/fr\/#organization","name":"Rainbow K","url":"https:\/\/rainbowkjewelry.com\/fr\/","logo":{"@type":"ImageObject","inLanguage":"fr-FR","@id":"https:\/\/rainbowkjewelry.com\/fr\/#\/schema\/logo\/image\/","url":"https:\/\/rainbowkjewelry.com\/wp-content\/uploads\/2023\/01\/DARK_LOGO_RAINBOW_K.png","contentUrl":"https:\/\/rainbowkjewelry.com\/wp-content\/uploads\/2023\/01\/DARK_LOGO_RAINBOW_K.png","width":1392,"height":451,"caption":"Rainbow K"},"image":{"@id":"https:\/\/rainbowkjewelry.com\/fr\/#\/schema\/logo\/image\/"},"sameAs":["https:\/\/www.instagram.com\/rainbowkjewelry\/"]}]}},"_links":{"self":[{"href":"https:\/\/rainbowkjewelry.com\/fr\/wp-json\/wp\/v2\/product\/36314","targetHints":{"allow":["GET"]}}],"collection":[{"href":"https:\/\/rainbowkjewelry.com\/fr\/wp-json\/wp\/v2\/product"}],"about":[{"href":"https:\/\/rainbowkjewelry.com\/fr\/wp-json\/wp\/v2\/types\/product"}],"wp:featuredmedia":[{"embeddable":true,"href":"https:\/\/rainbowkjewelry.com\/fr\/wp-json\/wp\/v2\/media\/36317"}],"wp:attachment":[{"href":"https:\/\/rainbowkjewelry.com\/fr\/wp-json\/wp\/v2\/media?parent=36314"}],"wp:term":[{"taxonomy":"product_brand","embeddable":true,"href":"https:\/\/rainbowkjewelry.com\/fr\/wp-json\/wp\/v2\/product_brand?post=36314"},{"taxonomy":"product_cat","embeddable":true,"href":"https:\/\/rainbowkjewelry.com\/fr\/wp-json\/wp\/v2\/product_cat?post=36314"},{"taxonomy":"product_tag","embeddable":true,"href":"https:\/\/rainbowkjewelry.com\/fr\/wp-json\/wp\/v2\/product_tag?post=36314"}],"curies":[{"name":"wp","href":"https:\/\/api.w.org\/{rel}","templated":true}]}}