{"id":36197,"date":"2025-10-31T13:29:21","date_gmt":"2025-10-31T11:29:21","guid":{"rendered":"https:\/\/rainbowkjewelry.com\/?post_type=product&#038;p=36197"},"modified":"2026-02-10T16:52:48","modified_gmt":"2026-02-10T14:52:48","slug":"bracelet-illusion-pave","status":"publish","type":"product","link":"https:\/\/rainbowkjewelry.com\/fr\/produit\/bracelet-illusion-pave\/","title":{"rendered":"BRACELET ILLUSION PAVE"},"content":{"rendered":"","protected":false},"excerpt":{"rendered":"<p>Mat\u00e9riel : OR 14K<br \/>\nwhite diamonds 2,57cts<\/p>\n<p>Une ode \u00e0 l&rsquo;art de l&rsquo;accumulation, o\u00f9 chaque bracelet est con\u00e7u comme un chef-d&rsquo;\u0153uvre \u00e0 part enti\u00e8re, tout en s&rsquo;int\u00e9grant parfaitement \u00e0 un ensemble harmonieux.<br \/>\nLe bracelet Illusion pav\u00e9 explore le pouvoir de la superposition couture : volumes sculpturaux, textures contrast\u00e9es et ma\u00eetrise de la lumi\u00e8re qui cr\u00e9e un dialogue entre ombre et \u00e9clat.<\/p>\n<p>Chaque forme s&rsquo;encha\u00eene naturellement \u00e0 la suivante, cr\u00e9ant l&rsquo;illusion d&rsquo;un mouvement unique et continu.<\/p>\n<p>On y retrouve :<br \/>\n\u2022 L&rsquo;\u00e9clat pur du pavage de diamants, capturant la lumi\u00e8re sous tous les angles.<br \/>\n\u2022 L&rsquo;or bross\u00e9, travaill\u00e9 selon les plus hauts standards de la haute joaillerie pour un fini satin\u00e9, sublim\u00e9 par un diamant flottant.<br \/>\n\u2022 L&rsquo;or poli, un miroir de lumi\u00e8re qui apporte une pr\u00e9sence audacieuse.<br \/>\n\u2022 L&rsquo;or stri\u00e9, cr\u00e9ant l&rsquo;illusion de mouvement et une vibration visuelle, telle une vague dor\u00e9e perp\u00e9tuelle.<\/p>\n<p>Plus qu&rsquo;une collection, Illusion est une exp\u00e9rience sensorielle, un \u00e9quilibre parfait entre fluidit\u00e9 et structure, entre illusion d&rsquo;optique et savoir-faire exceptionnel.<\/p>\n","protected":false},"featured_media":36203,"template":"","meta":[],"product_brand":[],"product_cat":[309,495,318],"product_tag":[],"class_list":{"0":"post-36197","1":"product","2":"type-product","3":"status-publish","4":"has-post-thumbnail","6":"product_cat-bracelets","7":"product_cat-illusion-fr","8":"product_cat-tous-les-produits","10":"first","11":"instock","12":"taxable","13":"shipping-taxable","14":"purchasable","15":"product-type-variable"},"acf":[],"yoast_head":"<!-- This site is optimized with the Yoast SEO plugin v27.2 - https:\/\/yoast.com\/product\/yoast-seo-wordpress\/ -->\n<title>BRACELET ILLUSION PAVE - Rainbow K<\/title>\n<meta name=\"robots\" content=\"index, follow, max-snippet:-1, max-image-preview:large, max-video-preview:-1\" \/>\n<link rel=\"canonical\" href=\"https:\/\/rainbowkjewelry.com\/fr\/produit\/bracelet-illusion-pave\/\" \/>\n<meta property=\"og:locale\" content=\"fr_FR\" \/>\n<meta property=\"og:type\" content=\"article\" \/>\n<meta property=\"og:title\" content=\"BRACELET ILLUSION PAVE - Rainbow K\" \/>\n<meta property=\"og:description\" content=\"Mat\u00e9riel : OR 14K white diamonds 2,57cts  Une ode \u00e0 l&#039;art de l&#039;accumulation, o\u00f9 chaque bracelet est con\u00e7u comme un chef-d&#039;\u0153uvre \u00e0 part enti\u00e8re, tout en s&#039;int\u00e9grant parfaitement \u00e0 un ensemble harmonieux. Le bracelet Illusion pav\u00e9 explore le pouvoir de la superposition couture : volumes sculpturaux, textures contrast\u00e9es et ma\u00eetrise de la lumi\u00e8re qui cr\u00e9e un dialogue entre ombre et \u00e9clat.  Chaque forme s&#039;encha\u00eene naturellement \u00e0 la suivante, cr\u00e9ant l&#039;illusion d&#039;un mouvement unique et continu.  On y retrouve : \u2022 L&#039;\u00e9clat pur du pavage de diamants, capturant la lumi\u00e8re sous tous les angles. \u2022 L&#039;or bross\u00e9, travaill\u00e9 selon les plus hauts standards de la haute joaillerie pour un fini satin\u00e9, sublim\u00e9 par un diamant flottant. \u2022 L&#039;or poli, un miroir de lumi\u00e8re qui apporte une pr\u00e9sence audacieuse. \u2022 L&#039;or stri\u00e9, cr\u00e9ant l&#039;illusion de mouvement et une vibration visuelle, telle une vague dor\u00e9e perp\u00e9tuelle.  Plus qu&#039;une collection, Illusion est une exp\u00e9rience sensorielle, un \u00e9quilibre parfait entre fluidit\u00e9 et structure, entre illusion d&#039;optique et savoir-faire exceptionnel.\" \/>\n<meta property=\"og:url\" content=\"https:\/\/rainbowkjewelry.com\/fr\/produit\/bracelet-illusion-pave\/\" \/>\n<meta property=\"og:site_name\" content=\"Rainbow K\" \/>\n<meta property=\"article:modified_time\" content=\"2026-02-10T14:52:48+00:00\" \/>\n<meta property=\"og:image\" content=\"https:\/\/rainbowkjewelry.com\/wp-content\/uploads\/2025\/10\/ILLUSION-bracelet-pave.jpg\" \/>\n\t<meta property=\"og:image:width\" content=\"1300\" \/>\n\t<meta property=\"og:image:height\" content=\"1300\" \/>\n\t<meta property=\"og:image:type\" content=\"image\/jpeg\" \/>\n<meta name=\"twitter:card\" content=\"summary_large_image\" \/>\n<meta name=\"twitter:label1\" content=\"Dur\u00e9e de lecture estim\u00e9e\" \/>\n\t<meta name=\"twitter:data1\" content=\"1 minute\" \/>\n<script type=\"application\/ld+json\" class=\"yoast-schema-graph\">{\"@context\":\"https:\/\/schema.org\",\"@graph\":[{\"@type\":\"WebPage\",\"@id\":\"https:\/\/rainbowkjewelry.com\/fr\/produit\/bracelet-illusion-pave\/\",\"url\":\"https:\/\/rainbowkjewelry.com\/fr\/produit\/bracelet-illusion-pave\/\",\"name\":\"BRACELET ILLUSION PAVE - Rainbow K\",\"isPartOf\":{\"@id\":\"https:\/\/rainbowkjewelry.com\/fr\/#website\"},\"primaryImageOfPage\":{\"@id\":\"https:\/\/rainbowkjewelry.com\/fr\/produit\/bracelet-illusion-pave\/#primaryimage\"},\"image\":{\"@id\":\"https:\/\/rainbowkjewelry.com\/fr\/produit\/bracelet-illusion-pave\/#primaryimage\"},\"thumbnailUrl\":\"https:\/\/rainbowkjewelry.com\/wp-content\/uploads\/2025\/10\/ILLUSION-bracelet-pave.jpg\",\"datePublished\":\"2025-10-31T11:29:21+00:00\",\"dateModified\":\"2026-02-10T14:52:48+00:00\",\"breadcrumb\":{\"@id\":\"https:\/\/rainbowkjewelry.com\/fr\/produit\/bracelet-illusion-pave\/#breadcrumb\"},\"inLanguage\":\"fr-FR\",\"potentialAction\":[{\"@type\":\"ReadAction\",\"target\":[\"https:\/\/rainbowkjewelry.com\/fr\/produit\/bracelet-illusion-pave\/\"]}]},{\"@type\":\"ImageObject\",\"inLanguage\":\"fr-FR\",\"@id\":\"https:\/\/rainbowkjewelry.com\/fr\/produit\/bracelet-illusion-pave\/#primaryimage\",\"url\":\"https:\/\/rainbowkjewelry.com\/wp-content\/uploads\/2025\/10\/ILLUSION-bracelet-pave.jpg\",\"contentUrl\":\"https:\/\/rainbowkjewelry.com\/wp-content\/uploads\/2025\/10\/ILLUSION-bracelet-pave.jpg\",\"width\":1300,\"height\":1300},{\"@type\":\"BreadcrumbList\",\"@id\":\"https:\/\/rainbowkjewelry.com\/fr\/produit\/bracelet-illusion-pave\/#breadcrumb\",\"itemListElement\":[{\"@type\":\"ListItem\",\"position\":1,\"name\":\"Accueil\",\"item\":\"https:\/\/rainbowkjewelry.com\/fr\/\"},{\"@type\":\"ListItem\",\"position\":2,\"name\":\"Boutique\",\"item\":\"https:\/\/rainbowkjewelry.com\/fr\/boutique\/\"},{\"@type\":\"ListItem\",\"position\":3,\"name\":\"BRACELET ILLUSION PAVE\"}]},{\"@type\":\"WebSite\",\"@id\":\"https:\/\/rainbowkjewelry.com\/fr\/#website\",\"url\":\"https:\/\/rainbowkjewelry.com\/fr\/\",\"name\":\"Rainbow K\",\"description\":\"\",\"publisher\":{\"@id\":\"https:\/\/rainbowkjewelry.com\/fr\/#organization\"},\"potentialAction\":[{\"@type\":\"SearchAction\",\"target\":{\"@type\":\"EntryPoint\",\"urlTemplate\":\"https:\/\/rainbowkjewelry.com\/fr\/?s={search_term_string}\"},\"query-input\":{\"@type\":\"PropertyValueSpecification\",\"valueRequired\":true,\"valueName\":\"search_term_string\"}}],\"inLanguage\":\"fr-FR\"},{\"@type\":\"Organization\",\"@id\":\"https:\/\/rainbowkjewelry.com\/fr\/#organization\",\"name\":\"Rainbow K\",\"url\":\"https:\/\/rainbowkjewelry.com\/fr\/\",\"logo\":{\"@type\":\"ImageObject\",\"inLanguage\":\"fr-FR\",\"@id\":\"https:\/\/rainbowkjewelry.com\/fr\/#\/schema\/logo\/image\/\",\"url\":\"https:\/\/rainbowkjewelry.com\/wp-content\/uploads\/2023\/01\/DARK_LOGO_RAINBOW_K.png\",\"contentUrl\":\"https:\/\/rainbowkjewelry.com\/wp-content\/uploads\/2023\/01\/DARK_LOGO_RAINBOW_K.png\",\"width\":1392,\"height\":451,\"caption\":\"Rainbow K\"},\"image\":{\"@id\":\"https:\/\/rainbowkjewelry.com\/fr\/#\/schema\/logo\/image\/\"},\"sameAs\":[\"https:\/\/www.instagram.com\/rainbowkjewelry\/\"]}]}<\/script>\n<!-- \/ Yoast SEO plugin. -->","yoast_head_json":{"title":"BRACELET ILLUSION PAVE - Rainbow K","robots":{"index":"index","follow":"follow","max-snippet":"max-snippet:-1","max-image-preview":"max-image-preview:large","max-video-preview":"max-video-preview:-1"},"canonical":"https:\/\/rainbowkjewelry.com\/fr\/produit\/bracelet-illusion-pave\/","og_locale":"fr_FR","og_type":"article","og_title":"BRACELET ILLUSION PAVE - Rainbow K","og_description":"Mat\u00e9riel : OR 14K white diamonds 2,57cts  Une ode \u00e0 l'art de l'accumulation, o\u00f9 chaque bracelet est con\u00e7u comme un chef-d'\u0153uvre \u00e0 part enti\u00e8re, tout en s'int\u00e9grant parfaitement \u00e0 un ensemble harmonieux. Le bracelet Illusion pav\u00e9 explore le pouvoir de la superposition couture : volumes sculpturaux, textures contrast\u00e9es et ma\u00eetrise de la lumi\u00e8re qui cr\u00e9e un dialogue entre ombre et \u00e9clat.  Chaque forme s'encha\u00eene naturellement \u00e0 la suivante, cr\u00e9ant l'illusion d'un mouvement unique et continu.  On y retrouve : \u2022 L'\u00e9clat pur du pavage de diamants, capturant la lumi\u00e8re sous tous les angles. \u2022 L'or bross\u00e9, travaill\u00e9 selon les plus hauts standards de la haute joaillerie pour un fini satin\u00e9, sublim\u00e9 par un diamant flottant. \u2022 L'or poli, un miroir de lumi\u00e8re qui apporte une pr\u00e9sence audacieuse. \u2022 L'or stri\u00e9, cr\u00e9ant l'illusion de mouvement et une vibration visuelle, telle une vague dor\u00e9e perp\u00e9tuelle.  Plus qu'une collection, Illusion est une exp\u00e9rience sensorielle, un \u00e9quilibre parfait entre fluidit\u00e9 et structure, entre illusion d'optique et savoir-faire exceptionnel.","og_url":"https:\/\/rainbowkjewelry.com\/fr\/produit\/bracelet-illusion-pave\/","og_site_name":"Rainbow K","article_modified_time":"2026-02-10T14:52:48+00:00","og_image":[{"width":1300,"height":1300,"url":"https:\/\/rainbowkjewelry.com\/wp-content\/uploads\/2025\/10\/ILLUSION-bracelet-pave.jpg","type":"image\/jpeg"}],"twitter_card":"summary_large_image","twitter_misc":{"Dur\u00e9e de lecture estim\u00e9e":"1 minute"},"schema":{"@context":"https:\/\/schema.org","@graph":[{"@type":"WebPage","@id":"https:\/\/rainbowkjewelry.com\/fr\/produit\/bracelet-illusion-pave\/","url":"https:\/\/rainbowkjewelry.com\/fr\/produit\/bracelet-illusion-pave\/","name":"BRACELET ILLUSION PAVE - Rainbow K","isPartOf":{"@id":"https:\/\/rainbowkjewelry.com\/fr\/#website"},"primaryImageOfPage":{"@id":"https:\/\/rainbowkjewelry.com\/fr\/produit\/bracelet-illusion-pave\/#primaryimage"},"image":{"@id":"https:\/\/rainbowkjewelry.com\/fr\/produit\/bracelet-illusion-pave\/#primaryimage"},"thumbnailUrl":"https:\/\/rainbowkjewelry.com\/wp-content\/uploads\/2025\/10\/ILLUSION-bracelet-pave.jpg","datePublished":"2025-10-31T11:29:21+00:00","dateModified":"2026-02-10T14:52:48+00:00","breadcrumb":{"@id":"https:\/\/rainbowkjewelry.com\/fr\/produit\/bracelet-illusion-pave\/#breadcrumb"},"inLanguage":"fr-FR","potentialAction":[{"@type":"ReadAction","target":["https:\/\/rainbowkjewelry.com\/fr\/produit\/bracelet-illusion-pave\/"]}]},{"@type":"ImageObject","inLanguage":"fr-FR","@id":"https:\/\/rainbowkjewelry.com\/fr\/produit\/bracelet-illusion-pave\/#primaryimage","url":"https:\/\/rainbowkjewelry.com\/wp-content\/uploads\/2025\/10\/ILLUSION-bracelet-pave.jpg","contentUrl":"https:\/\/rainbowkjewelry.com\/wp-content\/uploads\/2025\/10\/ILLUSION-bracelet-pave.jpg","width":1300,"height":1300},{"@type":"BreadcrumbList","@id":"https:\/\/rainbowkjewelry.com\/fr\/produit\/bracelet-illusion-pave\/#breadcrumb","itemListElement":[{"@type":"ListItem","position":1,"name":"Accueil","item":"https:\/\/rainbowkjewelry.com\/fr\/"},{"@type":"ListItem","position":2,"name":"Boutique","item":"https:\/\/rainbowkjewelry.com\/fr\/boutique\/"},{"@type":"ListItem","position":3,"name":"BRACELET ILLUSION PAVE"}]},{"@type":"WebSite","@id":"https:\/\/rainbowkjewelry.com\/fr\/#website","url":"https:\/\/rainbowkjewelry.com\/fr\/","name":"Rainbow K","description":"","publisher":{"@id":"https:\/\/rainbowkjewelry.com\/fr\/#organization"},"potentialAction":[{"@type":"SearchAction","target":{"@type":"EntryPoint","urlTemplate":"https:\/\/rainbowkjewelry.com\/fr\/?s={search_term_string}"},"query-input":{"@type":"PropertyValueSpecification","valueRequired":true,"valueName":"search_term_string"}}],"inLanguage":"fr-FR"},{"@type":"Organization","@id":"https:\/\/rainbowkjewelry.com\/fr\/#organization","name":"Rainbow K","url":"https:\/\/rainbowkjewelry.com\/fr\/","logo":{"@type":"ImageObject","inLanguage":"fr-FR","@id":"https:\/\/rainbowkjewelry.com\/fr\/#\/schema\/logo\/image\/","url":"https:\/\/rainbowkjewelry.com\/wp-content\/uploads\/2023\/01\/DARK_LOGO_RAINBOW_K.png","contentUrl":"https:\/\/rainbowkjewelry.com\/wp-content\/uploads\/2023\/01\/DARK_LOGO_RAINBOW_K.png","width":1392,"height":451,"caption":"Rainbow K"},"image":{"@id":"https:\/\/rainbowkjewelry.com\/fr\/#\/schema\/logo\/image\/"},"sameAs":["https:\/\/www.instagram.com\/rainbowkjewelry\/"]}]}},"_links":{"self":[{"href":"https:\/\/rainbowkjewelry.com\/fr\/wp-json\/wp\/v2\/product\/36197","targetHints":{"allow":["GET"]}}],"collection":[{"href":"https:\/\/rainbowkjewelry.com\/fr\/wp-json\/wp\/v2\/product"}],"about":[{"href":"https:\/\/rainbowkjewelry.com\/fr\/wp-json\/wp\/v2\/types\/product"}],"wp:featuredmedia":[{"embeddable":true,"href":"https:\/\/rainbowkjewelry.com\/fr\/wp-json\/wp\/v2\/media\/36203"}],"wp:attachment":[{"href":"https:\/\/rainbowkjewelry.com\/fr\/wp-json\/wp\/v2\/media?parent=36197"}],"wp:term":[{"taxonomy":"product_brand","embeddable":true,"href":"https:\/\/rainbowkjewelry.com\/fr\/wp-json\/wp\/v2\/product_brand?post=36197"},{"taxonomy":"product_cat","embeddable":true,"href":"https:\/\/rainbowkjewelry.com\/fr\/wp-json\/wp\/v2\/product_cat?post=36197"},{"taxonomy":"product_tag","embeddable":true,"href":"https:\/\/rainbowkjewelry.com\/fr\/wp-json\/wp\/v2\/product_tag?post=36197"}],"curies":[{"name":"wp","href":"https:\/\/api.w.org\/{rel}","templated":true}]}}