{"id":35410,"date":"2025-05-23T17:53:47","date_gmt":"2025-05-23T15:53:47","guid":{"rendered":"https:\/\/rainbowkjewelry.com\/?post_type=product&#038;p=35410"},"modified":"2025-05-27T14:05:04","modified_gmt":"2025-05-27T12:05:04","slug":"boucle-doreille-tribal-oeil-de-tigre","status":"publish","type":"product","link":"https:\/\/rainbowkjewelry.com\/fr\/produit\/boucle-doreille-tribal-oeil-de-tigre\/","title":{"rendered":"BOUCLE D&rsquo;OREILLE TRIBAL OEIL DE TIGRE"},"content":{"rendered":"","protected":false},"excerpt":{"rendered":"<p>Mat\u00e9riel: 14K Or jaune<br \/>\nPierres: Diamants blancs 0,37cts \/ POIRE diamants blancs 0,40cts \/ 2,61cts Oeil de tigre<\/p>\n<p>D\u00e9couvrez la boucle d&rsquo;oreille Tribal sign\u00e9e RK inspir\u00e9e des traditions ancestrales, Tribal c\u00e9l\u00e8bre la force des symboles et l&rsquo;\u00e9l\u00e9gance brute de la nature. Un hommage \u00e0 l&rsquo;authenticit\u00e9, \u00e0 porter comme une signature.<br \/>\nVendue \u00e0 l&rsquo;unit\u00e9<\/p>\n<p>Livraison 4 \u00e0 6 semaines<\/p>\n","protected":false},"featured_media":35396,"template":"","meta":[],"product_brand":[],"product_cat":[311,318,485],"product_tag":[],"class_list":{"0":"post-35410","1":"product","2":"type-product","3":"status-publish","4":"has-post-thumbnail","6":"product_cat-boucles-doreilles","7":"product_cat-tous-les-produits","8":"product_cat-tribal-fr","10":"first","11":"instock","12":"taxable","13":"shipping-taxable","14":"purchasable","15":"product-type-variable"},"acf":[],"yoast_head":"<!-- This site is optimized with the Yoast SEO plugin v27.2 - https:\/\/yoast.com\/product\/yoast-seo-wordpress\/ -->\n<title>BOUCLE D&#039;OREILLE TRIBAL OEIL DE TIGRE - Rainbow K<\/title>\n<meta name=\"robots\" content=\"index, follow, max-snippet:-1, max-image-preview:large, max-video-preview:-1\" \/>\n<link rel=\"canonical\" href=\"https:\/\/rainbowkjewelry.com\/fr\/produit\/boucle-doreille-tribal-oeil-de-tigre\/\" \/>\n<meta property=\"og:locale\" content=\"fr_FR\" \/>\n<meta property=\"og:type\" content=\"article\" \/>\n<meta property=\"og:title\" content=\"BOUCLE D&#039;OREILLE TRIBAL OEIL DE TIGRE - Rainbow K\" \/>\n<meta property=\"og:description\" content=\"Mat\u00e9riel: 14K Or jaune Pierres: Diamants blancs 0,37cts \/ POIRE diamants blancs 0,40cts \/ 2,61cts Oeil de tigre  D\u00e9couvrez la boucle d&#039;oreille Tribal sign\u00e9e RK inspir\u00e9e des traditions ancestrales, Tribal c\u00e9l\u00e8bre la force des symboles et l&#039;\u00e9l\u00e9gance brute de la nature. Un hommage \u00e0 l&#039;authenticit\u00e9, \u00e0 porter comme une signature. Vendue \u00e0 l&#039;unit\u00e9  Livraison 4 \u00e0 6 semaines\" \/>\n<meta property=\"og:url\" content=\"https:\/\/rainbowkjewelry.com\/fr\/produit\/boucle-doreille-tribal-oeil-de-tigre\/\" \/>\n<meta property=\"og:site_name\" content=\"Rainbow K\" \/>\n<meta property=\"article:modified_time\" content=\"2025-05-27T12:05:04+00:00\" \/>\n<meta property=\"og:image\" content=\"https:\/\/rainbowkjewelry.com\/wp-content\/uploads\/2025\/05\/WhatsApp-Image-2025-05-22-at-13.40.11.jpeg\" \/>\n\t<meta property=\"og:image:width\" content=\"1300\" \/>\n\t<meta property=\"og:image:height\" content=\"1300\" \/>\n\t<meta property=\"og:image:type\" content=\"image\/jpeg\" \/>\n<meta name=\"twitter:card\" content=\"summary_large_image\" \/>\n<meta name=\"twitter:label1\" content=\"Dur\u00e9e de lecture estim\u00e9e\" \/>\n\t<meta name=\"twitter:data1\" content=\"1 minute\" \/>\n<script type=\"application\/ld+json\" class=\"yoast-schema-graph\">{\"@context\":\"https:\/\/schema.org\",\"@graph\":[{\"@type\":\"WebPage\",\"@id\":\"https:\/\/rainbowkjewelry.com\/fr\/produit\/boucle-doreille-tribal-oeil-de-tigre\/\",\"url\":\"https:\/\/rainbowkjewelry.com\/fr\/produit\/boucle-doreille-tribal-oeil-de-tigre\/\",\"name\":\"BOUCLE D'OREILLE TRIBAL OEIL DE TIGRE - Rainbow K\",\"isPartOf\":{\"@id\":\"https:\/\/rainbowkjewelry.com\/fr\/#website\"},\"primaryImageOfPage\":{\"@id\":\"https:\/\/rainbowkjewelry.com\/fr\/produit\/boucle-doreille-tribal-oeil-de-tigre\/#primaryimage\"},\"image\":{\"@id\":\"https:\/\/rainbowkjewelry.com\/fr\/produit\/boucle-doreille-tribal-oeil-de-tigre\/#primaryimage\"},\"thumbnailUrl\":\"https:\/\/rainbowkjewelry.com\/wp-content\/uploads\/2025\/05\/WhatsApp-Image-2025-05-22-at-13.40.11.jpeg\",\"datePublished\":\"2025-05-23T15:53:47+00:00\",\"dateModified\":\"2025-05-27T12:05:04+00:00\",\"breadcrumb\":{\"@id\":\"https:\/\/rainbowkjewelry.com\/fr\/produit\/boucle-doreille-tribal-oeil-de-tigre\/#breadcrumb\"},\"inLanguage\":\"fr-FR\",\"potentialAction\":[{\"@type\":\"ReadAction\",\"target\":[\"https:\/\/rainbowkjewelry.com\/fr\/produit\/boucle-doreille-tribal-oeil-de-tigre\/\"]}]},{\"@type\":\"ImageObject\",\"inLanguage\":\"fr-FR\",\"@id\":\"https:\/\/rainbowkjewelry.com\/fr\/produit\/boucle-doreille-tribal-oeil-de-tigre\/#primaryimage\",\"url\":\"https:\/\/rainbowkjewelry.com\/wp-content\/uploads\/2025\/05\/WhatsApp-Image-2025-05-22-at-13.40.11.jpeg\",\"contentUrl\":\"https:\/\/rainbowkjewelry.com\/wp-content\/uploads\/2025\/05\/WhatsApp-Image-2025-05-22-at-13.40.11.jpeg\",\"width\":1300,\"height\":1300},{\"@type\":\"BreadcrumbList\",\"@id\":\"https:\/\/rainbowkjewelry.com\/fr\/produit\/boucle-doreille-tribal-oeil-de-tigre\/#breadcrumb\",\"itemListElement\":[{\"@type\":\"ListItem\",\"position\":1,\"name\":\"Accueil\",\"item\":\"https:\/\/rainbowkjewelry.com\/fr\/\"},{\"@type\":\"ListItem\",\"position\":2,\"name\":\"Boutique\",\"item\":\"https:\/\/rainbowkjewelry.com\/fr\/boutique\/\"},{\"@type\":\"ListItem\",\"position\":3,\"name\":\"BOUCLE D&rsquo;OREILLE TRIBAL OEIL DE TIGRE\"}]},{\"@type\":\"WebSite\",\"@id\":\"https:\/\/rainbowkjewelry.com\/fr\/#website\",\"url\":\"https:\/\/rainbowkjewelry.com\/fr\/\",\"name\":\"Rainbow K\",\"description\":\"\",\"publisher\":{\"@id\":\"https:\/\/rainbowkjewelry.com\/fr\/#organization\"},\"potentialAction\":[{\"@type\":\"SearchAction\",\"target\":{\"@type\":\"EntryPoint\",\"urlTemplate\":\"https:\/\/rainbowkjewelry.com\/fr\/?s={search_term_string}\"},\"query-input\":{\"@type\":\"PropertyValueSpecification\",\"valueRequired\":true,\"valueName\":\"search_term_string\"}}],\"inLanguage\":\"fr-FR\"},{\"@type\":\"Organization\",\"@id\":\"https:\/\/rainbowkjewelry.com\/fr\/#organization\",\"name\":\"Rainbow K\",\"url\":\"https:\/\/rainbowkjewelry.com\/fr\/\",\"logo\":{\"@type\":\"ImageObject\",\"inLanguage\":\"fr-FR\",\"@id\":\"https:\/\/rainbowkjewelry.com\/fr\/#\/schema\/logo\/image\/\",\"url\":\"https:\/\/rainbowkjewelry.com\/wp-content\/uploads\/2023\/01\/DARK_LOGO_RAINBOW_K.png\",\"contentUrl\":\"https:\/\/rainbowkjewelry.com\/wp-content\/uploads\/2023\/01\/DARK_LOGO_RAINBOW_K.png\",\"width\":1392,\"height\":451,\"caption\":\"Rainbow K\"},\"image\":{\"@id\":\"https:\/\/rainbowkjewelry.com\/fr\/#\/schema\/logo\/image\/\"},\"sameAs\":[\"https:\/\/www.instagram.com\/rainbowkjewelry\/\"]}]}<\/script>\n<!-- \/ Yoast SEO plugin. -->","yoast_head_json":{"title":"BOUCLE D'OREILLE TRIBAL OEIL DE TIGRE - Rainbow K","robots":{"index":"index","follow":"follow","max-snippet":"max-snippet:-1","max-image-preview":"max-image-preview:large","max-video-preview":"max-video-preview:-1"},"canonical":"https:\/\/rainbowkjewelry.com\/fr\/produit\/boucle-doreille-tribal-oeil-de-tigre\/","og_locale":"fr_FR","og_type":"article","og_title":"BOUCLE D'OREILLE TRIBAL OEIL DE TIGRE - Rainbow K","og_description":"Mat\u00e9riel: 14K Or jaune Pierres: Diamants blancs 0,37cts \/ POIRE diamants blancs 0,40cts \/ 2,61cts Oeil de tigre  D\u00e9couvrez la boucle d'oreille Tribal sign\u00e9e RK inspir\u00e9e des traditions ancestrales, Tribal c\u00e9l\u00e8bre la force des symboles et l'\u00e9l\u00e9gance brute de la nature. Un hommage \u00e0 l'authenticit\u00e9, \u00e0 porter comme une signature. Vendue \u00e0 l'unit\u00e9  Livraison 4 \u00e0 6 semaines","og_url":"https:\/\/rainbowkjewelry.com\/fr\/produit\/boucle-doreille-tribal-oeil-de-tigre\/","og_site_name":"Rainbow K","article_modified_time":"2025-05-27T12:05:04+00:00","og_image":[{"width":1300,"height":1300,"url":"https:\/\/rainbowkjewelry.com\/wp-content\/uploads\/2025\/05\/WhatsApp-Image-2025-05-22-at-13.40.11.jpeg","type":"image\/jpeg"}],"twitter_card":"summary_large_image","twitter_misc":{"Dur\u00e9e de lecture estim\u00e9e":"1 minute"},"schema":{"@context":"https:\/\/schema.org","@graph":[{"@type":"WebPage","@id":"https:\/\/rainbowkjewelry.com\/fr\/produit\/boucle-doreille-tribal-oeil-de-tigre\/","url":"https:\/\/rainbowkjewelry.com\/fr\/produit\/boucle-doreille-tribal-oeil-de-tigre\/","name":"BOUCLE D'OREILLE TRIBAL OEIL DE TIGRE - Rainbow K","isPartOf":{"@id":"https:\/\/rainbowkjewelry.com\/fr\/#website"},"primaryImageOfPage":{"@id":"https:\/\/rainbowkjewelry.com\/fr\/produit\/boucle-doreille-tribal-oeil-de-tigre\/#primaryimage"},"image":{"@id":"https:\/\/rainbowkjewelry.com\/fr\/produit\/boucle-doreille-tribal-oeil-de-tigre\/#primaryimage"},"thumbnailUrl":"https:\/\/rainbowkjewelry.com\/wp-content\/uploads\/2025\/05\/WhatsApp-Image-2025-05-22-at-13.40.11.jpeg","datePublished":"2025-05-23T15:53:47+00:00","dateModified":"2025-05-27T12:05:04+00:00","breadcrumb":{"@id":"https:\/\/rainbowkjewelry.com\/fr\/produit\/boucle-doreille-tribal-oeil-de-tigre\/#breadcrumb"},"inLanguage":"fr-FR","potentialAction":[{"@type":"ReadAction","target":["https:\/\/rainbowkjewelry.com\/fr\/produit\/boucle-doreille-tribal-oeil-de-tigre\/"]}]},{"@type":"ImageObject","inLanguage":"fr-FR","@id":"https:\/\/rainbowkjewelry.com\/fr\/produit\/boucle-doreille-tribal-oeil-de-tigre\/#primaryimage","url":"https:\/\/rainbowkjewelry.com\/wp-content\/uploads\/2025\/05\/WhatsApp-Image-2025-05-22-at-13.40.11.jpeg","contentUrl":"https:\/\/rainbowkjewelry.com\/wp-content\/uploads\/2025\/05\/WhatsApp-Image-2025-05-22-at-13.40.11.jpeg","width":1300,"height":1300},{"@type":"BreadcrumbList","@id":"https:\/\/rainbowkjewelry.com\/fr\/produit\/boucle-doreille-tribal-oeil-de-tigre\/#breadcrumb","itemListElement":[{"@type":"ListItem","position":1,"name":"Accueil","item":"https:\/\/rainbowkjewelry.com\/fr\/"},{"@type":"ListItem","position":2,"name":"Boutique","item":"https:\/\/rainbowkjewelry.com\/fr\/boutique\/"},{"@type":"ListItem","position":3,"name":"BOUCLE D&rsquo;OREILLE TRIBAL OEIL DE TIGRE"}]},{"@type":"WebSite","@id":"https:\/\/rainbowkjewelry.com\/fr\/#website","url":"https:\/\/rainbowkjewelry.com\/fr\/","name":"Rainbow K","description":"","publisher":{"@id":"https:\/\/rainbowkjewelry.com\/fr\/#organization"},"potentialAction":[{"@type":"SearchAction","target":{"@type":"EntryPoint","urlTemplate":"https:\/\/rainbowkjewelry.com\/fr\/?s={search_term_string}"},"query-input":{"@type":"PropertyValueSpecification","valueRequired":true,"valueName":"search_term_string"}}],"inLanguage":"fr-FR"},{"@type":"Organization","@id":"https:\/\/rainbowkjewelry.com\/fr\/#organization","name":"Rainbow K","url":"https:\/\/rainbowkjewelry.com\/fr\/","logo":{"@type":"ImageObject","inLanguage":"fr-FR","@id":"https:\/\/rainbowkjewelry.com\/fr\/#\/schema\/logo\/image\/","url":"https:\/\/rainbowkjewelry.com\/wp-content\/uploads\/2023\/01\/DARK_LOGO_RAINBOW_K.png","contentUrl":"https:\/\/rainbowkjewelry.com\/wp-content\/uploads\/2023\/01\/DARK_LOGO_RAINBOW_K.png","width":1392,"height":451,"caption":"Rainbow K"},"image":{"@id":"https:\/\/rainbowkjewelry.com\/fr\/#\/schema\/logo\/image\/"},"sameAs":["https:\/\/www.instagram.com\/rainbowkjewelry\/"]}]}},"_links":{"self":[{"href":"https:\/\/rainbowkjewelry.com\/fr\/wp-json\/wp\/v2\/product\/35410","targetHints":{"allow":["GET"]}}],"collection":[{"href":"https:\/\/rainbowkjewelry.com\/fr\/wp-json\/wp\/v2\/product"}],"about":[{"href":"https:\/\/rainbowkjewelry.com\/fr\/wp-json\/wp\/v2\/types\/product"}],"wp:featuredmedia":[{"embeddable":true,"href":"https:\/\/rainbowkjewelry.com\/fr\/wp-json\/wp\/v2\/media\/35396"}],"wp:attachment":[{"href":"https:\/\/rainbowkjewelry.com\/fr\/wp-json\/wp\/v2\/media?parent=35410"}],"wp:term":[{"taxonomy":"product_brand","embeddable":true,"href":"https:\/\/rainbowkjewelry.com\/fr\/wp-json\/wp\/v2\/product_brand?post=35410"},{"taxonomy":"product_cat","embeddable":true,"href":"https:\/\/rainbowkjewelry.com\/fr\/wp-json\/wp\/v2\/product_cat?post=35410"},{"taxonomy":"product_tag","embeddable":true,"href":"https:\/\/rainbowkjewelry.com\/fr\/wp-json\/wp\/v2\/product_tag?post=35410"}],"curies":[{"name":"wp","href":"https:\/\/api.w.org\/{rel}","templated":true}]}}