{"id":34950,"date":"2025-02-05T12:59:30","date_gmt":"2025-02-05T10:59:30","guid":{"rendered":"https:\/\/rainbowkjewelry.com\/?post_type=product&#038;p=34950"},"modified":"2025-10-29T17:34:33","modified_gmt":"2025-10-29T15:34:33","slug":"bracelet-prestige-or-brosse-coeur","status":"publish","type":"product","link":"https:\/\/rainbowkjewelry.com\/fr\/produit\/bracelet-prestige-or-brosse-coeur\/","title":{"rendered":"BRACELET PRESTIGE OR BROSS\u00c9 COEUR"},"content":{"rendered":"","protected":false},"excerpt":{"rendered":"<p>Mat\u00e9riel: OR 18K<br \/>\nDiamant C\u0153ur de 0,30 carat certifi\u00e9 GIA et diamants blancs de 0,54 carat.<\/p>\n<p>Laissez-vous s\u00e9duire par l&rsquo;\u00e9l\u00e9gance intemporelle du jonc Prestige en or bross\u00e9, d\u00e9licatement pav\u00e9 de diamants et sublim\u00e9 par un diamant poire, \u00e9meraude ou c\u0153ur. Un symbole d&rsquo;\u00e9l\u00e9gance glamour et de raffinement \u00e0 porter en toute occasion.<\/p>\n","protected":false},"featured_media":34957,"template":"","meta":[],"product_brand":[],"product_cat":[309,277,318],"product_tag":[],"class_list":{"0":"post-34950","1":"product","2":"type-product","3":"status-publish","4":"has-post-thumbnail","6":"product_cat-bracelets","7":"product_cat-prestige-fr","8":"product_cat-tous-les-produits","10":"first","11":"instock","12":"taxable","13":"shipping-taxable","14":"purchasable","15":"product-type-variable"},"acf":[],"yoast_head":"<!-- This site is optimized with the Yoast SEO plugin v27.2 - https:\/\/yoast.com\/product\/yoast-seo-wordpress\/ -->\n<title>BRACELET PRESTIGE OR BROSS\u00c9 COEUR - Rainbow K<\/title>\n<meta name=\"robots\" content=\"index, follow, max-snippet:-1, max-image-preview:large, max-video-preview:-1\" \/>\n<link rel=\"canonical\" href=\"https:\/\/rainbowkjewelry.com\/fr\/produit\/bracelet-prestige-or-brosse-coeur\/\" \/>\n<meta property=\"og:locale\" content=\"fr_FR\" \/>\n<meta property=\"og:type\" content=\"article\" \/>\n<meta property=\"og:title\" content=\"BRACELET PRESTIGE OR BROSS\u00c9 COEUR - Rainbow K\" \/>\n<meta property=\"og:description\" content=\"Mat\u00e9riel: OR 18K Diamant C\u0153ur de 0,30 carat certifi\u00e9 GIA et diamants blancs de 0,54 carat.  Laissez-vous s\u00e9duire par l&#039;\u00e9l\u00e9gance intemporelle du jonc Prestige en or bross\u00e9, d\u00e9licatement pav\u00e9 de diamants et sublim\u00e9 par un diamant poire, \u00e9meraude ou c\u0153ur. Un symbole d&#039;\u00e9l\u00e9gance glamour et de raffinement \u00e0 porter en toute occasion.\" \/>\n<meta property=\"og:url\" content=\"https:\/\/rainbowkjewelry.com\/fr\/produit\/bracelet-prestige-or-brosse-coeur\/\" \/>\n<meta property=\"og:site_name\" content=\"Rainbow K\" \/>\n<meta property=\"article:modified_time\" content=\"2025-10-29T15:34:33+00:00\" \/>\n<meta property=\"og:image\" content=\"https:\/\/rainbowkjewelry.com\/wp-content\/uploads\/2025\/02\/DIM_5347-scaled.jpg\" \/>\n\t<meta property=\"og:image:width\" content=\"2560\" \/>\n\t<meta property=\"og:image:height\" content=\"2560\" \/>\n\t<meta property=\"og:image:type\" content=\"image\/jpeg\" \/>\n<meta name=\"twitter:card\" content=\"summary_large_image\" \/>\n<meta name=\"twitter:label1\" content=\"Dur\u00e9e de lecture estim\u00e9e\" \/>\n\t<meta name=\"twitter:data1\" content=\"1 minute\" \/>\n<script type=\"application\/ld+json\" class=\"yoast-schema-graph\">{\"@context\":\"https:\/\/schema.org\",\"@graph\":[{\"@type\":\"WebPage\",\"@id\":\"https:\/\/rainbowkjewelry.com\/fr\/produit\/bracelet-prestige-or-brosse-coeur\/\",\"url\":\"https:\/\/rainbowkjewelry.com\/fr\/produit\/bracelet-prestige-or-brosse-coeur\/\",\"name\":\"BRACELET PRESTIGE OR BROSS\u00c9 COEUR - Rainbow K\",\"isPartOf\":{\"@id\":\"https:\/\/rainbowkjewelry.com\/fr\/#website\"},\"primaryImageOfPage\":{\"@id\":\"https:\/\/rainbowkjewelry.com\/fr\/produit\/bracelet-prestige-or-brosse-coeur\/#primaryimage\"},\"image\":{\"@id\":\"https:\/\/rainbowkjewelry.com\/fr\/produit\/bracelet-prestige-or-brosse-coeur\/#primaryimage\"},\"thumbnailUrl\":\"https:\/\/rainbowkjewelry.com\/wp-content\/uploads\/2025\/02\/DIM_5347-scaled.jpg\",\"datePublished\":\"2025-02-05T10:59:30+00:00\",\"dateModified\":\"2025-10-29T15:34:33+00:00\",\"breadcrumb\":{\"@id\":\"https:\/\/rainbowkjewelry.com\/fr\/produit\/bracelet-prestige-or-brosse-coeur\/#breadcrumb\"},\"inLanguage\":\"fr-FR\",\"potentialAction\":[{\"@type\":\"ReadAction\",\"target\":[\"https:\/\/rainbowkjewelry.com\/fr\/produit\/bracelet-prestige-or-brosse-coeur\/\"]}]},{\"@type\":\"ImageObject\",\"inLanguage\":\"fr-FR\",\"@id\":\"https:\/\/rainbowkjewelry.com\/fr\/produit\/bracelet-prestige-or-brosse-coeur\/#primaryimage\",\"url\":\"https:\/\/rainbowkjewelry.com\/wp-content\/uploads\/2025\/02\/DIM_5347-scaled.jpg\",\"contentUrl\":\"https:\/\/rainbowkjewelry.com\/wp-content\/uploads\/2025\/02\/DIM_5347-scaled.jpg\",\"width\":2560,\"height\":2560},{\"@type\":\"BreadcrumbList\",\"@id\":\"https:\/\/rainbowkjewelry.com\/fr\/produit\/bracelet-prestige-or-brosse-coeur\/#breadcrumb\",\"itemListElement\":[{\"@type\":\"ListItem\",\"position\":1,\"name\":\"Accueil\",\"item\":\"https:\/\/rainbowkjewelry.com\/fr\/\"},{\"@type\":\"ListItem\",\"position\":2,\"name\":\"Boutique\",\"item\":\"https:\/\/rainbowkjewelry.com\/fr\/boutique\/\"},{\"@type\":\"ListItem\",\"position\":3,\"name\":\"BRACELET PRESTIGE OR BROSS\u00c9 COEUR\"}]},{\"@type\":\"WebSite\",\"@id\":\"https:\/\/rainbowkjewelry.com\/fr\/#website\",\"url\":\"https:\/\/rainbowkjewelry.com\/fr\/\",\"name\":\"Rainbow K\",\"description\":\"\",\"publisher\":{\"@id\":\"https:\/\/rainbowkjewelry.com\/fr\/#organization\"},\"potentialAction\":[{\"@type\":\"SearchAction\",\"target\":{\"@type\":\"EntryPoint\",\"urlTemplate\":\"https:\/\/rainbowkjewelry.com\/fr\/?s={search_term_string}\"},\"query-input\":{\"@type\":\"PropertyValueSpecification\",\"valueRequired\":true,\"valueName\":\"search_term_string\"}}],\"inLanguage\":\"fr-FR\"},{\"@type\":\"Organization\",\"@id\":\"https:\/\/rainbowkjewelry.com\/fr\/#organization\",\"name\":\"Rainbow K\",\"url\":\"https:\/\/rainbowkjewelry.com\/fr\/\",\"logo\":{\"@type\":\"ImageObject\",\"inLanguage\":\"fr-FR\",\"@id\":\"https:\/\/rainbowkjewelry.com\/fr\/#\/schema\/logo\/image\/\",\"url\":\"https:\/\/rainbowkjewelry.com\/wp-content\/uploads\/2023\/01\/DARK_LOGO_RAINBOW_K.png\",\"contentUrl\":\"https:\/\/rainbowkjewelry.com\/wp-content\/uploads\/2023\/01\/DARK_LOGO_RAINBOW_K.png\",\"width\":1392,\"height\":451,\"caption\":\"Rainbow K\"},\"image\":{\"@id\":\"https:\/\/rainbowkjewelry.com\/fr\/#\/schema\/logo\/image\/\"},\"sameAs\":[\"https:\/\/www.instagram.com\/rainbowkjewelry\/\"]}]}<\/script>\n<!-- \/ Yoast SEO plugin. -->","yoast_head_json":{"title":"BRACELET PRESTIGE OR BROSS\u00c9 COEUR - Rainbow K","robots":{"index":"index","follow":"follow","max-snippet":"max-snippet:-1","max-image-preview":"max-image-preview:large","max-video-preview":"max-video-preview:-1"},"canonical":"https:\/\/rainbowkjewelry.com\/fr\/produit\/bracelet-prestige-or-brosse-coeur\/","og_locale":"fr_FR","og_type":"article","og_title":"BRACELET PRESTIGE OR BROSS\u00c9 COEUR - Rainbow K","og_description":"Mat\u00e9riel: OR 18K Diamant C\u0153ur de 0,30 carat certifi\u00e9 GIA et diamants blancs de 0,54 carat.  Laissez-vous s\u00e9duire par l'\u00e9l\u00e9gance intemporelle du jonc Prestige en or bross\u00e9, d\u00e9licatement pav\u00e9 de diamants et sublim\u00e9 par un diamant poire, \u00e9meraude ou c\u0153ur. Un symbole d'\u00e9l\u00e9gance glamour et de raffinement \u00e0 porter en toute occasion.","og_url":"https:\/\/rainbowkjewelry.com\/fr\/produit\/bracelet-prestige-or-brosse-coeur\/","og_site_name":"Rainbow K","article_modified_time":"2025-10-29T15:34:33+00:00","og_image":[{"width":2560,"height":2560,"url":"https:\/\/rainbowkjewelry.com\/wp-content\/uploads\/2025\/02\/DIM_5347-scaled.jpg","type":"image\/jpeg"}],"twitter_card":"summary_large_image","twitter_misc":{"Dur\u00e9e de lecture estim\u00e9e":"1 minute"},"schema":{"@context":"https:\/\/schema.org","@graph":[{"@type":"WebPage","@id":"https:\/\/rainbowkjewelry.com\/fr\/produit\/bracelet-prestige-or-brosse-coeur\/","url":"https:\/\/rainbowkjewelry.com\/fr\/produit\/bracelet-prestige-or-brosse-coeur\/","name":"BRACELET PRESTIGE OR BROSS\u00c9 COEUR - Rainbow K","isPartOf":{"@id":"https:\/\/rainbowkjewelry.com\/fr\/#website"},"primaryImageOfPage":{"@id":"https:\/\/rainbowkjewelry.com\/fr\/produit\/bracelet-prestige-or-brosse-coeur\/#primaryimage"},"image":{"@id":"https:\/\/rainbowkjewelry.com\/fr\/produit\/bracelet-prestige-or-brosse-coeur\/#primaryimage"},"thumbnailUrl":"https:\/\/rainbowkjewelry.com\/wp-content\/uploads\/2025\/02\/DIM_5347-scaled.jpg","datePublished":"2025-02-05T10:59:30+00:00","dateModified":"2025-10-29T15:34:33+00:00","breadcrumb":{"@id":"https:\/\/rainbowkjewelry.com\/fr\/produit\/bracelet-prestige-or-brosse-coeur\/#breadcrumb"},"inLanguage":"fr-FR","potentialAction":[{"@type":"ReadAction","target":["https:\/\/rainbowkjewelry.com\/fr\/produit\/bracelet-prestige-or-brosse-coeur\/"]}]},{"@type":"ImageObject","inLanguage":"fr-FR","@id":"https:\/\/rainbowkjewelry.com\/fr\/produit\/bracelet-prestige-or-brosse-coeur\/#primaryimage","url":"https:\/\/rainbowkjewelry.com\/wp-content\/uploads\/2025\/02\/DIM_5347-scaled.jpg","contentUrl":"https:\/\/rainbowkjewelry.com\/wp-content\/uploads\/2025\/02\/DIM_5347-scaled.jpg","width":2560,"height":2560},{"@type":"BreadcrumbList","@id":"https:\/\/rainbowkjewelry.com\/fr\/produit\/bracelet-prestige-or-brosse-coeur\/#breadcrumb","itemListElement":[{"@type":"ListItem","position":1,"name":"Accueil","item":"https:\/\/rainbowkjewelry.com\/fr\/"},{"@type":"ListItem","position":2,"name":"Boutique","item":"https:\/\/rainbowkjewelry.com\/fr\/boutique\/"},{"@type":"ListItem","position":3,"name":"BRACELET PRESTIGE OR BROSS\u00c9 COEUR"}]},{"@type":"WebSite","@id":"https:\/\/rainbowkjewelry.com\/fr\/#website","url":"https:\/\/rainbowkjewelry.com\/fr\/","name":"Rainbow K","description":"","publisher":{"@id":"https:\/\/rainbowkjewelry.com\/fr\/#organization"},"potentialAction":[{"@type":"SearchAction","target":{"@type":"EntryPoint","urlTemplate":"https:\/\/rainbowkjewelry.com\/fr\/?s={search_term_string}"},"query-input":{"@type":"PropertyValueSpecification","valueRequired":true,"valueName":"search_term_string"}}],"inLanguage":"fr-FR"},{"@type":"Organization","@id":"https:\/\/rainbowkjewelry.com\/fr\/#organization","name":"Rainbow K","url":"https:\/\/rainbowkjewelry.com\/fr\/","logo":{"@type":"ImageObject","inLanguage":"fr-FR","@id":"https:\/\/rainbowkjewelry.com\/fr\/#\/schema\/logo\/image\/","url":"https:\/\/rainbowkjewelry.com\/wp-content\/uploads\/2023\/01\/DARK_LOGO_RAINBOW_K.png","contentUrl":"https:\/\/rainbowkjewelry.com\/wp-content\/uploads\/2023\/01\/DARK_LOGO_RAINBOW_K.png","width":1392,"height":451,"caption":"Rainbow K"},"image":{"@id":"https:\/\/rainbowkjewelry.com\/fr\/#\/schema\/logo\/image\/"},"sameAs":["https:\/\/www.instagram.com\/rainbowkjewelry\/"]}]}},"_links":{"self":[{"href":"https:\/\/rainbowkjewelry.com\/fr\/wp-json\/wp\/v2\/product\/34950","targetHints":{"allow":["GET"]}}],"collection":[{"href":"https:\/\/rainbowkjewelry.com\/fr\/wp-json\/wp\/v2\/product"}],"about":[{"href":"https:\/\/rainbowkjewelry.com\/fr\/wp-json\/wp\/v2\/types\/product"}],"wp:featuredmedia":[{"embeddable":true,"href":"https:\/\/rainbowkjewelry.com\/fr\/wp-json\/wp\/v2\/media\/34957"}],"wp:attachment":[{"href":"https:\/\/rainbowkjewelry.com\/fr\/wp-json\/wp\/v2\/media?parent=34950"}],"wp:term":[{"taxonomy":"product_brand","embeddable":true,"href":"https:\/\/rainbowkjewelry.com\/fr\/wp-json\/wp\/v2\/product_brand?post=34950"},{"taxonomy":"product_cat","embeddable":true,"href":"https:\/\/rainbowkjewelry.com\/fr\/wp-json\/wp\/v2\/product_cat?post=34950"},{"taxonomy":"product_tag","embeddable":true,"href":"https:\/\/rainbowkjewelry.com\/fr\/wp-json\/wp\/v2\/product_tag?post=34950"}],"curies":[{"name":"wp","href":"https:\/\/api.w.org\/{rel}","templated":true}]}}