{"id":33626,"date":"2024-10-23T11:28:19","date_gmt":"2024-10-23T09:28:19","guid":{"rendered":"https:\/\/rainbowkjewelry.com\/?post_type=product&#038;p=33626"},"modified":"2024-10-23T16:46:26","modified_gmt":"2024-10-23T14:46:26","slug":"bracelet-bold-pave","status":"publish","type":"product","link":"https:\/\/rainbowkjewelry.com\/fr\/produit\/bracelet-bold-pave\/","title":{"rendered":"BRACELET BOLD PAV\u00c9"},"content":{"rendered":"","protected":false},"excerpt":{"rendered":"<p>Mat\u00e9riel: OR 14K<br \/>\nPierres: Diamants blancs 2,51cts<\/p>\n<p>Le bracelet Bold pav\u00e9 est une pi\u00e8ce unique qui allie \u00e9l\u00e9gance et audace. Avec sa menotte g\u00e9om\u00e9trique inspir\u00e9e de l&rsquo;architecture moderne, chaque d\u00e9tail est sublim\u00e9 par ces multiples diamants \u00e9tincelants. Ce bijou incarne le raffinement et la cr\u00e9ativit\u00e9, parfait pour celles qui osent se d\u00e9marquer.<\/p>\n","protected":false},"featured_media":33635,"template":"","meta":[],"product_brand":[],"product_cat":[483,309,318],"product_tag":[],"class_list":{"0":"post-33626","1":"product","2":"type-product","3":"status-publish","4":"has-post-thumbnail","6":"product_cat-bold-fr","7":"product_cat-bracelets","8":"product_cat-tous-les-produits","10":"first","11":"instock","12":"taxable","13":"shipping-taxable","14":"purchasable","15":"product-type-variable"},"acf":[],"yoast_head":"<!-- This site is optimized with the Yoast SEO plugin v27.2 - https:\/\/yoast.com\/product\/yoast-seo-wordpress\/ -->\n<title>BRACELET BOLD PAV\u00c9 - Rainbow K<\/title>\n<meta name=\"robots\" content=\"index, follow, max-snippet:-1, max-image-preview:large, max-video-preview:-1\" \/>\n<link rel=\"canonical\" href=\"https:\/\/rainbowkjewelry.com\/fr\/produit\/bracelet-bold-pave\/\" \/>\n<meta property=\"og:locale\" content=\"fr_FR\" \/>\n<meta property=\"og:type\" content=\"article\" \/>\n<meta property=\"og:title\" content=\"BRACELET BOLD PAV\u00c9 - Rainbow K\" \/>\n<meta property=\"og:description\" content=\"Mat\u00e9riel: OR 14K Pierres: Diamants blancs 2,51cts  Le bracelet Bold pav\u00e9 est une pi\u00e8ce unique qui allie \u00e9l\u00e9gance et audace. Avec sa menotte g\u00e9om\u00e9trique inspir\u00e9e de l&#039;architecture moderne, chaque d\u00e9tail est sublim\u00e9 par ces multiples diamants \u00e9tincelants. Ce bijou incarne le raffinement et la cr\u00e9ativit\u00e9, parfait pour celles qui osent se d\u00e9marquer.\" \/>\n<meta property=\"og:url\" content=\"https:\/\/rainbowkjewelry.com\/fr\/produit\/bracelet-bold-pave\/\" \/>\n<meta property=\"og:site_name\" content=\"Rainbow K\" \/>\n<meta property=\"article:modified_time\" content=\"2024-10-23T14:46:26+00:00\" \/>\n<meta property=\"og:image\" content=\"https:\/\/rainbowkjewelry.com\/wp-content\/uploads\/2024\/10\/BOLD-braceletfull-pave.jpg\" \/>\n\t<meta property=\"og:image:width\" content=\"1300\" \/>\n\t<meta property=\"og:image:height\" content=\"1300\" \/>\n\t<meta property=\"og:image:type\" content=\"image\/jpeg\" \/>\n<meta name=\"twitter:card\" content=\"summary_large_image\" \/>\n<script type=\"application\/ld+json\" class=\"yoast-schema-graph\">{\"@context\":\"https:\/\/schema.org\",\"@graph\":[{\"@type\":\"WebPage\",\"@id\":\"https:\/\/rainbowkjewelry.com\/fr\/produit\/bracelet-bold-pave\/\",\"url\":\"https:\/\/rainbowkjewelry.com\/fr\/produit\/bracelet-bold-pave\/\",\"name\":\"BRACELET BOLD PAV\u00c9 - Rainbow K\",\"isPartOf\":{\"@id\":\"https:\/\/rainbowkjewelry.com\/fr\/#website\"},\"primaryImageOfPage\":{\"@id\":\"https:\/\/rainbowkjewelry.com\/fr\/produit\/bracelet-bold-pave\/#primaryimage\"},\"image\":{\"@id\":\"https:\/\/rainbowkjewelry.com\/fr\/produit\/bracelet-bold-pave\/#primaryimage\"},\"thumbnailUrl\":\"https:\/\/rainbowkjewelry.com\/wp-content\/uploads\/2024\/10\/BOLD-braceletfull-pave.jpg\",\"datePublished\":\"2024-10-23T09:28:19+00:00\",\"dateModified\":\"2024-10-23T14:46:26+00:00\",\"breadcrumb\":{\"@id\":\"https:\/\/rainbowkjewelry.com\/fr\/produit\/bracelet-bold-pave\/#breadcrumb\"},\"inLanguage\":\"fr-FR\",\"potentialAction\":[{\"@type\":\"ReadAction\",\"target\":[\"https:\/\/rainbowkjewelry.com\/fr\/produit\/bracelet-bold-pave\/\"]}]},{\"@type\":\"ImageObject\",\"inLanguage\":\"fr-FR\",\"@id\":\"https:\/\/rainbowkjewelry.com\/fr\/produit\/bracelet-bold-pave\/#primaryimage\",\"url\":\"https:\/\/rainbowkjewelry.com\/wp-content\/uploads\/2024\/10\/BOLD-braceletfull-pave.jpg\",\"contentUrl\":\"https:\/\/rainbowkjewelry.com\/wp-content\/uploads\/2024\/10\/BOLD-braceletfull-pave.jpg\",\"width\":1300,\"height\":1300},{\"@type\":\"BreadcrumbList\",\"@id\":\"https:\/\/rainbowkjewelry.com\/fr\/produit\/bracelet-bold-pave\/#breadcrumb\",\"itemListElement\":[{\"@type\":\"ListItem\",\"position\":1,\"name\":\"Accueil\",\"item\":\"https:\/\/rainbowkjewelry.com\/fr\/\"},{\"@type\":\"ListItem\",\"position\":2,\"name\":\"Boutique\",\"item\":\"https:\/\/rainbowkjewelry.com\/fr\/boutique\/\"},{\"@type\":\"ListItem\",\"position\":3,\"name\":\"BRACELET BOLD PAV\u00c9\"}]},{\"@type\":\"WebSite\",\"@id\":\"https:\/\/rainbowkjewelry.com\/fr\/#website\",\"url\":\"https:\/\/rainbowkjewelry.com\/fr\/\",\"name\":\"Rainbow K\",\"description\":\"\",\"publisher\":{\"@id\":\"https:\/\/rainbowkjewelry.com\/fr\/#organization\"},\"potentialAction\":[{\"@type\":\"SearchAction\",\"target\":{\"@type\":\"EntryPoint\",\"urlTemplate\":\"https:\/\/rainbowkjewelry.com\/fr\/?s={search_term_string}\"},\"query-input\":{\"@type\":\"PropertyValueSpecification\",\"valueRequired\":true,\"valueName\":\"search_term_string\"}}],\"inLanguage\":\"fr-FR\"},{\"@type\":\"Organization\",\"@id\":\"https:\/\/rainbowkjewelry.com\/fr\/#organization\",\"name\":\"Rainbow K\",\"url\":\"https:\/\/rainbowkjewelry.com\/fr\/\",\"logo\":{\"@type\":\"ImageObject\",\"inLanguage\":\"fr-FR\",\"@id\":\"https:\/\/rainbowkjewelry.com\/fr\/#\/schema\/logo\/image\/\",\"url\":\"https:\/\/rainbowkjewelry.com\/wp-content\/uploads\/2023\/01\/DARK_LOGO_RAINBOW_K.png\",\"contentUrl\":\"https:\/\/rainbowkjewelry.com\/wp-content\/uploads\/2023\/01\/DARK_LOGO_RAINBOW_K.png\",\"width\":1392,\"height\":451,\"caption\":\"Rainbow K\"},\"image\":{\"@id\":\"https:\/\/rainbowkjewelry.com\/fr\/#\/schema\/logo\/image\/\"},\"sameAs\":[\"https:\/\/www.instagram.com\/rainbowkjewelry\/\"]}]}<\/script>\n<!-- \/ Yoast SEO plugin. -->","yoast_head_json":{"title":"BRACELET BOLD PAV\u00c9 - Rainbow K","robots":{"index":"index","follow":"follow","max-snippet":"max-snippet:-1","max-image-preview":"max-image-preview:large","max-video-preview":"max-video-preview:-1"},"canonical":"https:\/\/rainbowkjewelry.com\/fr\/produit\/bracelet-bold-pave\/","og_locale":"fr_FR","og_type":"article","og_title":"BRACELET BOLD PAV\u00c9 - Rainbow K","og_description":"Mat\u00e9riel: OR 14K Pierres: Diamants blancs 2,51cts  Le bracelet Bold pav\u00e9 est une pi\u00e8ce unique qui allie \u00e9l\u00e9gance et audace. Avec sa menotte g\u00e9om\u00e9trique inspir\u00e9e de l'architecture moderne, chaque d\u00e9tail est sublim\u00e9 par ces multiples diamants \u00e9tincelants. Ce bijou incarne le raffinement et la cr\u00e9ativit\u00e9, parfait pour celles qui osent se d\u00e9marquer.","og_url":"https:\/\/rainbowkjewelry.com\/fr\/produit\/bracelet-bold-pave\/","og_site_name":"Rainbow K","article_modified_time":"2024-10-23T14:46:26+00:00","og_image":[{"width":1300,"height":1300,"url":"https:\/\/rainbowkjewelry.com\/wp-content\/uploads\/2024\/10\/BOLD-braceletfull-pave.jpg","type":"image\/jpeg"}],"twitter_card":"summary_large_image","schema":{"@context":"https:\/\/schema.org","@graph":[{"@type":"WebPage","@id":"https:\/\/rainbowkjewelry.com\/fr\/produit\/bracelet-bold-pave\/","url":"https:\/\/rainbowkjewelry.com\/fr\/produit\/bracelet-bold-pave\/","name":"BRACELET BOLD PAV\u00c9 - Rainbow K","isPartOf":{"@id":"https:\/\/rainbowkjewelry.com\/fr\/#website"},"primaryImageOfPage":{"@id":"https:\/\/rainbowkjewelry.com\/fr\/produit\/bracelet-bold-pave\/#primaryimage"},"image":{"@id":"https:\/\/rainbowkjewelry.com\/fr\/produit\/bracelet-bold-pave\/#primaryimage"},"thumbnailUrl":"https:\/\/rainbowkjewelry.com\/wp-content\/uploads\/2024\/10\/BOLD-braceletfull-pave.jpg","datePublished":"2024-10-23T09:28:19+00:00","dateModified":"2024-10-23T14:46:26+00:00","breadcrumb":{"@id":"https:\/\/rainbowkjewelry.com\/fr\/produit\/bracelet-bold-pave\/#breadcrumb"},"inLanguage":"fr-FR","potentialAction":[{"@type":"ReadAction","target":["https:\/\/rainbowkjewelry.com\/fr\/produit\/bracelet-bold-pave\/"]}]},{"@type":"ImageObject","inLanguage":"fr-FR","@id":"https:\/\/rainbowkjewelry.com\/fr\/produit\/bracelet-bold-pave\/#primaryimage","url":"https:\/\/rainbowkjewelry.com\/wp-content\/uploads\/2024\/10\/BOLD-braceletfull-pave.jpg","contentUrl":"https:\/\/rainbowkjewelry.com\/wp-content\/uploads\/2024\/10\/BOLD-braceletfull-pave.jpg","width":1300,"height":1300},{"@type":"BreadcrumbList","@id":"https:\/\/rainbowkjewelry.com\/fr\/produit\/bracelet-bold-pave\/#breadcrumb","itemListElement":[{"@type":"ListItem","position":1,"name":"Accueil","item":"https:\/\/rainbowkjewelry.com\/fr\/"},{"@type":"ListItem","position":2,"name":"Boutique","item":"https:\/\/rainbowkjewelry.com\/fr\/boutique\/"},{"@type":"ListItem","position":3,"name":"BRACELET BOLD PAV\u00c9"}]},{"@type":"WebSite","@id":"https:\/\/rainbowkjewelry.com\/fr\/#website","url":"https:\/\/rainbowkjewelry.com\/fr\/","name":"Rainbow K","description":"","publisher":{"@id":"https:\/\/rainbowkjewelry.com\/fr\/#organization"},"potentialAction":[{"@type":"SearchAction","target":{"@type":"EntryPoint","urlTemplate":"https:\/\/rainbowkjewelry.com\/fr\/?s={search_term_string}"},"query-input":{"@type":"PropertyValueSpecification","valueRequired":true,"valueName":"search_term_string"}}],"inLanguage":"fr-FR"},{"@type":"Organization","@id":"https:\/\/rainbowkjewelry.com\/fr\/#organization","name":"Rainbow K","url":"https:\/\/rainbowkjewelry.com\/fr\/","logo":{"@type":"ImageObject","inLanguage":"fr-FR","@id":"https:\/\/rainbowkjewelry.com\/fr\/#\/schema\/logo\/image\/","url":"https:\/\/rainbowkjewelry.com\/wp-content\/uploads\/2023\/01\/DARK_LOGO_RAINBOW_K.png","contentUrl":"https:\/\/rainbowkjewelry.com\/wp-content\/uploads\/2023\/01\/DARK_LOGO_RAINBOW_K.png","width":1392,"height":451,"caption":"Rainbow K"},"image":{"@id":"https:\/\/rainbowkjewelry.com\/fr\/#\/schema\/logo\/image\/"},"sameAs":["https:\/\/www.instagram.com\/rainbowkjewelry\/"]}]}},"_links":{"self":[{"href":"https:\/\/rainbowkjewelry.com\/fr\/wp-json\/wp\/v2\/product\/33626","targetHints":{"allow":["GET"]}}],"collection":[{"href":"https:\/\/rainbowkjewelry.com\/fr\/wp-json\/wp\/v2\/product"}],"about":[{"href":"https:\/\/rainbowkjewelry.com\/fr\/wp-json\/wp\/v2\/types\/product"}],"wp:featuredmedia":[{"embeddable":true,"href":"https:\/\/rainbowkjewelry.com\/fr\/wp-json\/wp\/v2\/media\/33635"}],"wp:attachment":[{"href":"https:\/\/rainbowkjewelry.com\/fr\/wp-json\/wp\/v2\/media?parent=33626"}],"wp:term":[{"taxonomy":"product_brand","embeddable":true,"href":"https:\/\/rainbowkjewelry.com\/fr\/wp-json\/wp\/v2\/product_brand?post=33626"},{"taxonomy":"product_cat","embeddable":true,"href":"https:\/\/rainbowkjewelry.com\/fr\/wp-json\/wp\/v2\/product_cat?post=33626"},{"taxonomy":"product_tag","embeddable":true,"href":"https:\/\/rainbowkjewelry.com\/fr\/wp-json\/wp\/v2\/product_tag?post=33626"}],"curies":[{"name":"wp","href":"https:\/\/api.w.org\/{rel}","templated":true}]}}