{"id":32634,"date":"2024-07-15T15:12:22","date_gmt":"2024-07-15T13:12:22","guid":{"rendered":"https:\/\/rainbowkjewelry.com\/?post_type=product&#038;p=32634"},"modified":"2024-12-03T17:35:00","modified_gmt":"2024-12-03T15:35:00","slug":"ring-illusion-diamants-or-noir","status":"publish","type":"product","link":"https:\/\/rainbowkjewelry.com\/fr\/produit\/ring-illusion-diamants-or-noir\/","title":{"rendered":"BAGUE ILLUSION DIAMANTS OR NOIR"},"content":{"rendered":"","protected":false},"excerpt":{"rendered":"<p>Material: 14K Gold<br \/>\nStones: White diamonds 1,71cts<\/p>\n<p>La bague Illusion est une pi\u00e8ce \u00e0 la fois myst\u00e9rieuse et envo\u00fbtante. Cette bague est con\u00e7ue pour captiver le regard et faire tourner les t\u00eates gr\u00e2ce \u00e0 sa beaut\u00e9 intemporelle. La bague Illusion est un choix parfait pour les occasions sp\u00e9ciales, telles que les demandes en mariage ou les anniversaires.<\/p>\n","protected":false},"featured_media":32642,"template":"","meta":[],"product_brand":[],"product_cat":[315,495,318],"product_tag":[],"class_list":{"0":"post-32634","1":"product","2":"type-product","3":"status-publish","4":"has-post-thumbnail","6":"product_cat-bagues","7":"product_cat-illusion-fr","8":"product_cat-tous-les-produits","10":"first","11":"instock","12":"taxable","13":"shipping-taxable","14":"purchasable","15":"product-type-variable"},"acf":[],"yoast_head":"<!-- This site is optimized with the Yoast SEO plugin v27.2 - https:\/\/yoast.com\/product\/yoast-seo-wordpress\/ -->\n<title>BAGUE ILLUSION DIAMANTS OR NOIR - Rainbow K<\/title>\n<meta name=\"robots\" content=\"index, follow, max-snippet:-1, max-image-preview:large, max-video-preview:-1\" \/>\n<link rel=\"canonical\" href=\"https:\/\/rainbowkjewelry.com\/fr\/produit\/ring-illusion-diamants-or-noir\/\" \/>\n<meta property=\"og:locale\" content=\"fr_FR\" \/>\n<meta property=\"og:type\" content=\"article\" \/>\n<meta property=\"og:title\" content=\"BAGUE ILLUSION DIAMANTS OR NOIR - Rainbow K\" \/>\n<meta property=\"og:description\" content=\"Material: 14K Gold Stones: White diamonds 1,71cts  La bague Illusion est une pi\u00e8ce \u00e0 la fois myst\u00e9rieuse et envo\u00fbtante. Cette bague est con\u00e7ue pour captiver le regard et faire tourner les t\u00eates gr\u00e2ce \u00e0 sa beaut\u00e9 intemporelle. La bague Illusion est un choix parfait pour les occasions sp\u00e9ciales, telles que les demandes en mariage ou les anniversaires.\" \/>\n<meta property=\"og:url\" content=\"https:\/\/rainbowkjewelry.com\/fr\/produit\/ring-illusion-diamants-or-noir\/\" \/>\n<meta property=\"og:site_name\" content=\"Rainbow K\" \/>\n<meta property=\"article:modified_time\" content=\"2024-12-03T15:35:00+00:00\" \/>\n<meta property=\"og:image\" content=\"https:\/\/rainbowkjewelry.com\/wp-content\/uploads\/2024\/07\/RING-ILLUSION-PAVE-BLACK-GOLD.jpg\" \/>\n\t<meta property=\"og:image:width\" content=\"1300\" \/>\n\t<meta property=\"og:image:height\" content=\"1300\" \/>\n\t<meta property=\"og:image:type\" content=\"image\/jpeg\" \/>\n<meta name=\"twitter:card\" content=\"summary_large_image\" \/>\n<meta name=\"twitter:label1\" content=\"Dur\u00e9e de lecture estim\u00e9e\" \/>\n\t<meta name=\"twitter:data1\" content=\"1 minute\" \/>\n<script type=\"application\/ld+json\" class=\"yoast-schema-graph\">{\"@context\":\"https:\/\/schema.org\",\"@graph\":[{\"@type\":\"WebPage\",\"@id\":\"https:\/\/rainbowkjewelry.com\/fr\/produit\/ring-illusion-diamants-or-noir\/\",\"url\":\"https:\/\/rainbowkjewelry.com\/fr\/produit\/ring-illusion-diamants-or-noir\/\",\"name\":\"BAGUE ILLUSION DIAMANTS OR NOIR - Rainbow K\",\"isPartOf\":{\"@id\":\"https:\/\/rainbowkjewelry.com\/fr\/#website\"},\"primaryImageOfPage\":{\"@id\":\"https:\/\/rainbowkjewelry.com\/fr\/produit\/ring-illusion-diamants-or-noir\/#primaryimage\"},\"image\":{\"@id\":\"https:\/\/rainbowkjewelry.com\/fr\/produit\/ring-illusion-diamants-or-noir\/#primaryimage\"},\"thumbnailUrl\":\"https:\/\/rainbowkjewelry.com\/wp-content\/uploads\/2024\/07\/RING-ILLUSION-PAVE-BLACK-GOLD.jpg\",\"datePublished\":\"2024-07-15T13:12:22+00:00\",\"dateModified\":\"2024-12-03T15:35:00+00:00\",\"breadcrumb\":{\"@id\":\"https:\/\/rainbowkjewelry.com\/fr\/produit\/ring-illusion-diamants-or-noir\/#breadcrumb\"},\"inLanguage\":\"fr-FR\",\"potentialAction\":[{\"@type\":\"ReadAction\",\"target\":[\"https:\/\/rainbowkjewelry.com\/fr\/produit\/ring-illusion-diamants-or-noir\/\"]}]},{\"@type\":\"ImageObject\",\"inLanguage\":\"fr-FR\",\"@id\":\"https:\/\/rainbowkjewelry.com\/fr\/produit\/ring-illusion-diamants-or-noir\/#primaryimage\",\"url\":\"https:\/\/rainbowkjewelry.com\/wp-content\/uploads\/2024\/07\/RING-ILLUSION-PAVE-BLACK-GOLD.jpg\",\"contentUrl\":\"https:\/\/rainbowkjewelry.com\/wp-content\/uploads\/2024\/07\/RING-ILLUSION-PAVE-BLACK-GOLD.jpg\",\"width\":1300,\"height\":1300},{\"@type\":\"BreadcrumbList\",\"@id\":\"https:\/\/rainbowkjewelry.com\/fr\/produit\/ring-illusion-diamants-or-noir\/#breadcrumb\",\"itemListElement\":[{\"@type\":\"ListItem\",\"position\":1,\"name\":\"Accueil\",\"item\":\"https:\/\/rainbowkjewelry.com\/fr\/\"},{\"@type\":\"ListItem\",\"position\":2,\"name\":\"Boutique\",\"item\":\"https:\/\/rainbowkjewelry.com\/fr\/boutique\/\"},{\"@type\":\"ListItem\",\"position\":3,\"name\":\"BAGUE ILLUSION DIAMANTS OR NOIR\"}]},{\"@type\":\"WebSite\",\"@id\":\"https:\/\/rainbowkjewelry.com\/fr\/#website\",\"url\":\"https:\/\/rainbowkjewelry.com\/fr\/\",\"name\":\"Rainbow K\",\"description\":\"\",\"publisher\":{\"@id\":\"https:\/\/rainbowkjewelry.com\/fr\/#organization\"},\"potentialAction\":[{\"@type\":\"SearchAction\",\"target\":{\"@type\":\"EntryPoint\",\"urlTemplate\":\"https:\/\/rainbowkjewelry.com\/fr\/?s={search_term_string}\"},\"query-input\":{\"@type\":\"PropertyValueSpecification\",\"valueRequired\":true,\"valueName\":\"search_term_string\"}}],\"inLanguage\":\"fr-FR\"},{\"@type\":\"Organization\",\"@id\":\"https:\/\/rainbowkjewelry.com\/fr\/#organization\",\"name\":\"Rainbow K\",\"url\":\"https:\/\/rainbowkjewelry.com\/fr\/\",\"logo\":{\"@type\":\"ImageObject\",\"inLanguage\":\"fr-FR\",\"@id\":\"https:\/\/rainbowkjewelry.com\/fr\/#\/schema\/logo\/image\/\",\"url\":\"https:\/\/rainbowkjewelry.com\/wp-content\/uploads\/2023\/01\/DARK_LOGO_RAINBOW_K.png\",\"contentUrl\":\"https:\/\/rainbowkjewelry.com\/wp-content\/uploads\/2023\/01\/DARK_LOGO_RAINBOW_K.png\",\"width\":1392,\"height\":451,\"caption\":\"Rainbow K\"},\"image\":{\"@id\":\"https:\/\/rainbowkjewelry.com\/fr\/#\/schema\/logo\/image\/\"},\"sameAs\":[\"https:\/\/www.instagram.com\/rainbowkjewelry\/\"]}]}<\/script>\n<!-- \/ Yoast SEO plugin. -->","yoast_head_json":{"title":"BAGUE ILLUSION DIAMANTS OR NOIR - Rainbow K","robots":{"index":"index","follow":"follow","max-snippet":"max-snippet:-1","max-image-preview":"max-image-preview:large","max-video-preview":"max-video-preview:-1"},"canonical":"https:\/\/rainbowkjewelry.com\/fr\/produit\/ring-illusion-diamants-or-noir\/","og_locale":"fr_FR","og_type":"article","og_title":"BAGUE ILLUSION DIAMANTS OR NOIR - Rainbow K","og_description":"Material: 14K Gold Stones: White diamonds 1,71cts  La bague Illusion est une pi\u00e8ce \u00e0 la fois myst\u00e9rieuse et envo\u00fbtante. Cette bague est con\u00e7ue pour captiver le regard et faire tourner les t\u00eates gr\u00e2ce \u00e0 sa beaut\u00e9 intemporelle. La bague Illusion est un choix parfait pour les occasions sp\u00e9ciales, telles que les demandes en mariage ou les anniversaires.","og_url":"https:\/\/rainbowkjewelry.com\/fr\/produit\/ring-illusion-diamants-or-noir\/","og_site_name":"Rainbow K","article_modified_time":"2024-12-03T15:35:00+00:00","og_image":[{"width":1300,"height":1300,"url":"https:\/\/rainbowkjewelry.com\/wp-content\/uploads\/2024\/07\/RING-ILLUSION-PAVE-BLACK-GOLD.jpg","type":"image\/jpeg"}],"twitter_card":"summary_large_image","twitter_misc":{"Dur\u00e9e de lecture estim\u00e9e":"1 minute"},"schema":{"@context":"https:\/\/schema.org","@graph":[{"@type":"WebPage","@id":"https:\/\/rainbowkjewelry.com\/fr\/produit\/ring-illusion-diamants-or-noir\/","url":"https:\/\/rainbowkjewelry.com\/fr\/produit\/ring-illusion-diamants-or-noir\/","name":"BAGUE ILLUSION DIAMANTS OR NOIR - Rainbow K","isPartOf":{"@id":"https:\/\/rainbowkjewelry.com\/fr\/#website"},"primaryImageOfPage":{"@id":"https:\/\/rainbowkjewelry.com\/fr\/produit\/ring-illusion-diamants-or-noir\/#primaryimage"},"image":{"@id":"https:\/\/rainbowkjewelry.com\/fr\/produit\/ring-illusion-diamants-or-noir\/#primaryimage"},"thumbnailUrl":"https:\/\/rainbowkjewelry.com\/wp-content\/uploads\/2024\/07\/RING-ILLUSION-PAVE-BLACK-GOLD.jpg","datePublished":"2024-07-15T13:12:22+00:00","dateModified":"2024-12-03T15:35:00+00:00","breadcrumb":{"@id":"https:\/\/rainbowkjewelry.com\/fr\/produit\/ring-illusion-diamants-or-noir\/#breadcrumb"},"inLanguage":"fr-FR","potentialAction":[{"@type":"ReadAction","target":["https:\/\/rainbowkjewelry.com\/fr\/produit\/ring-illusion-diamants-or-noir\/"]}]},{"@type":"ImageObject","inLanguage":"fr-FR","@id":"https:\/\/rainbowkjewelry.com\/fr\/produit\/ring-illusion-diamants-or-noir\/#primaryimage","url":"https:\/\/rainbowkjewelry.com\/wp-content\/uploads\/2024\/07\/RING-ILLUSION-PAVE-BLACK-GOLD.jpg","contentUrl":"https:\/\/rainbowkjewelry.com\/wp-content\/uploads\/2024\/07\/RING-ILLUSION-PAVE-BLACK-GOLD.jpg","width":1300,"height":1300},{"@type":"BreadcrumbList","@id":"https:\/\/rainbowkjewelry.com\/fr\/produit\/ring-illusion-diamants-or-noir\/#breadcrumb","itemListElement":[{"@type":"ListItem","position":1,"name":"Accueil","item":"https:\/\/rainbowkjewelry.com\/fr\/"},{"@type":"ListItem","position":2,"name":"Boutique","item":"https:\/\/rainbowkjewelry.com\/fr\/boutique\/"},{"@type":"ListItem","position":3,"name":"BAGUE ILLUSION DIAMANTS OR NOIR"}]},{"@type":"WebSite","@id":"https:\/\/rainbowkjewelry.com\/fr\/#website","url":"https:\/\/rainbowkjewelry.com\/fr\/","name":"Rainbow K","description":"","publisher":{"@id":"https:\/\/rainbowkjewelry.com\/fr\/#organization"},"potentialAction":[{"@type":"SearchAction","target":{"@type":"EntryPoint","urlTemplate":"https:\/\/rainbowkjewelry.com\/fr\/?s={search_term_string}"},"query-input":{"@type":"PropertyValueSpecification","valueRequired":true,"valueName":"search_term_string"}}],"inLanguage":"fr-FR"},{"@type":"Organization","@id":"https:\/\/rainbowkjewelry.com\/fr\/#organization","name":"Rainbow K","url":"https:\/\/rainbowkjewelry.com\/fr\/","logo":{"@type":"ImageObject","inLanguage":"fr-FR","@id":"https:\/\/rainbowkjewelry.com\/fr\/#\/schema\/logo\/image\/","url":"https:\/\/rainbowkjewelry.com\/wp-content\/uploads\/2023\/01\/DARK_LOGO_RAINBOW_K.png","contentUrl":"https:\/\/rainbowkjewelry.com\/wp-content\/uploads\/2023\/01\/DARK_LOGO_RAINBOW_K.png","width":1392,"height":451,"caption":"Rainbow K"},"image":{"@id":"https:\/\/rainbowkjewelry.com\/fr\/#\/schema\/logo\/image\/"},"sameAs":["https:\/\/www.instagram.com\/rainbowkjewelry\/"]}]}},"_links":{"self":[{"href":"https:\/\/rainbowkjewelry.com\/fr\/wp-json\/wp\/v2\/product\/32634","targetHints":{"allow":["GET"]}}],"collection":[{"href":"https:\/\/rainbowkjewelry.com\/fr\/wp-json\/wp\/v2\/product"}],"about":[{"href":"https:\/\/rainbowkjewelry.com\/fr\/wp-json\/wp\/v2\/types\/product"}],"wp:featuredmedia":[{"embeddable":true,"href":"https:\/\/rainbowkjewelry.com\/fr\/wp-json\/wp\/v2\/media\/32642"}],"wp:attachment":[{"href":"https:\/\/rainbowkjewelry.com\/fr\/wp-json\/wp\/v2\/media?parent=32634"}],"wp:term":[{"taxonomy":"product_brand","embeddable":true,"href":"https:\/\/rainbowkjewelry.com\/fr\/wp-json\/wp\/v2\/product_brand?post=32634"},{"taxonomy":"product_cat","embeddable":true,"href":"https:\/\/rainbowkjewelry.com\/fr\/wp-json\/wp\/v2\/product_cat?post=32634"},{"taxonomy":"product_tag","embeddable":true,"href":"https:\/\/rainbowkjewelry.com\/fr\/wp-json\/wp\/v2\/product_tag?post=32634"}],"curies":[{"name":"wp","href":"https:\/\/api.w.org\/{rel}","templated":true}]}}