{"id":31734,"date":"2022-10-17T15:51:41","date_gmt":"2022-10-17T13:51:41","guid":{"rendered":"https:\/\/rainbowkjewelry.com\/produit\/bamboo-l-earring\/"},"modified":"2024-05-22T15:00:11","modified_gmt":"2024-05-22T13:00:11","slug":"boucle-doreille-bamboo-l","status":"publish","type":"product","link":"https:\/\/rainbowkjewelry.com\/fr\/produit\/boucle-doreille-bamboo-l\/","title":{"rendered":"BOUCLE D&rsquo;OREILLE BAMBOO L"},"content":{"rendered":"","protected":false},"excerpt":{"rendered":"<p>Mat\u00e9riel: OR 14K<br \/>\nPierres: Diamants blancs 0,24cts<\/p>\n<p>La boucle d&rsquo;oreille Bamboo est l\u00e9g\u00e8re et agr\u00e9able \u00e0 porter. Parfait pour une accumulation de boucles d&rsquo;oreilles en jouant avec les diff\u00e9rentes tailles.\u00a0 Il refl\u00e8te l\u2019approche visionnaire de la marque. S&rsquo;inspirant de la nature, il est r\u00e9alis\u00e9 en or 14 carats avec une finition bross\u00e9e et polie et parsem\u00e9 de diamants scintillants sertis en pav\u00e9.<\/p>\n<p>Vendue \u00e0 l&rsquo;unit\u00e9<\/p>\n","protected":false},"featured_media":20424,"template":"","meta":[],"product_brand":[],"product_cat":[273,311,318],"product_tag":[],"class_list":{"0":"post-31734","1":"product","2":"type-product","3":"status-publish","4":"has-post-thumbnail","6":"product_cat-bambo","7":"product_cat-boucles-doreilles","8":"product_cat-tous-les-produits","10":"first","11":"instock","12":"taxable","13":"shipping-taxable","14":"purchasable","15":"product-type-variable"},"acf":[],"yoast_head":"<!-- This site is optimized with the Yoast SEO plugin v27.2 - https:\/\/yoast.com\/product\/yoast-seo-wordpress\/ -->\n<title>BOUCLE D&#039;OREILLE BAMBOO L - Rainbow K<\/title>\n<meta name=\"robots\" content=\"index, follow, max-snippet:-1, max-image-preview:large, max-video-preview:-1\" \/>\n<link rel=\"canonical\" href=\"https:\/\/rainbowkjewelry.com\/fr\/produit\/boucle-doreille-bamboo-l\/\" \/>\n<meta property=\"og:locale\" content=\"fr_FR\" \/>\n<meta property=\"og:type\" content=\"article\" \/>\n<meta property=\"og:title\" content=\"BOUCLE D&#039;OREILLE BAMBOO L - Rainbow K\" \/>\n<meta property=\"og:description\" content=\"Mat\u00e9riel: OR 14K Pierres: Diamants blancs 0,24cts  La boucle d&#039;oreille Bamboo est l\u00e9g\u00e8re et agr\u00e9able \u00e0 porter. Parfait pour une accumulation de boucles d&#039;oreilles en jouant avec les diff\u00e9rentes tailles.\u00a0 Il refl\u00e8te l\u2019approche visionnaire de la marque. S&#039;inspirant de la nature, il est r\u00e9alis\u00e9 en or 14 carats avec une finition bross\u00e9e et polie et parsem\u00e9 de diamants scintillants sertis en pav\u00e9.  Vendue \u00e0 l&#039;unit\u00e9\" \/>\n<meta property=\"og:url\" content=\"https:\/\/rainbowkjewelry.com\/fr\/produit\/boucle-doreille-bamboo-l\/\" \/>\n<meta property=\"og:site_name\" content=\"Rainbow K\" \/>\n<meta property=\"article:modified_time\" content=\"2024-05-22T13:00:11+00:00\" \/>\n<meta property=\"og:image\" content=\"https:\/\/rainbowkjewelry.com\/wp-content\/uploads\/2022\/10\/Bamboo-Earring-L.jpg\" \/>\n\t<meta property=\"og:image:width\" content=\"1300\" \/>\n\t<meta property=\"og:image:height\" content=\"1300\" \/>\n\t<meta property=\"og:image:type\" content=\"image\/jpeg\" \/>\n<meta name=\"twitter:card\" content=\"summary_large_image\" \/>\n<script type=\"application\/ld+json\" class=\"yoast-schema-graph\">{\"@context\":\"https:\/\/schema.org\",\"@graph\":[{\"@type\":\"WebPage\",\"@id\":\"https:\/\/rainbowkjewelry.com\/fr\/produit\/boucle-doreille-bamboo-l\/\",\"url\":\"https:\/\/rainbowkjewelry.com\/fr\/produit\/boucle-doreille-bamboo-l\/\",\"name\":\"BOUCLE D'OREILLE BAMBOO L - Rainbow K\",\"isPartOf\":{\"@id\":\"https:\/\/rainbowkjewelry.com\/fr\/#website\"},\"primaryImageOfPage\":{\"@id\":\"https:\/\/rainbowkjewelry.com\/fr\/produit\/boucle-doreille-bamboo-l\/#primaryimage\"},\"image\":{\"@id\":\"https:\/\/rainbowkjewelry.com\/fr\/produit\/boucle-doreille-bamboo-l\/#primaryimage\"},\"thumbnailUrl\":\"https:\/\/rainbowkjewelry.com\/wp-content\/uploads\/2022\/10\/Bamboo-Earring-L.jpg\",\"datePublished\":\"2022-10-17T13:51:41+00:00\",\"dateModified\":\"2024-05-22T13:00:11+00:00\",\"breadcrumb\":{\"@id\":\"https:\/\/rainbowkjewelry.com\/fr\/produit\/boucle-doreille-bamboo-l\/#breadcrumb\"},\"inLanguage\":\"fr-FR\",\"potentialAction\":[{\"@type\":\"ReadAction\",\"target\":[\"https:\/\/rainbowkjewelry.com\/fr\/produit\/boucle-doreille-bamboo-l\/\"]}]},{\"@type\":\"ImageObject\",\"inLanguage\":\"fr-FR\",\"@id\":\"https:\/\/rainbowkjewelry.com\/fr\/produit\/boucle-doreille-bamboo-l\/#primaryimage\",\"url\":\"https:\/\/rainbowkjewelry.com\/wp-content\/uploads\/2022\/10\/Bamboo-Earring-L.jpg\",\"contentUrl\":\"https:\/\/rainbowkjewelry.com\/wp-content\/uploads\/2022\/10\/Bamboo-Earring-L.jpg\",\"width\":1300,\"height\":1300},{\"@type\":\"BreadcrumbList\",\"@id\":\"https:\/\/rainbowkjewelry.com\/fr\/produit\/boucle-doreille-bamboo-l\/#breadcrumb\",\"itemListElement\":[{\"@type\":\"ListItem\",\"position\":1,\"name\":\"Accueil\",\"item\":\"https:\/\/rainbowkjewelry.com\/fr\/\"},{\"@type\":\"ListItem\",\"position\":2,\"name\":\"Boutique\",\"item\":\"https:\/\/rainbowkjewelry.com\/fr\/boutique\/\"},{\"@type\":\"ListItem\",\"position\":3,\"name\":\"BOUCLE D&rsquo;OREILLE BAMBOO L\"}]},{\"@type\":\"WebSite\",\"@id\":\"https:\/\/rainbowkjewelry.com\/fr\/#website\",\"url\":\"https:\/\/rainbowkjewelry.com\/fr\/\",\"name\":\"Rainbow K\",\"description\":\"\",\"publisher\":{\"@id\":\"https:\/\/rainbowkjewelry.com\/fr\/#organization\"},\"potentialAction\":[{\"@type\":\"SearchAction\",\"target\":{\"@type\":\"EntryPoint\",\"urlTemplate\":\"https:\/\/rainbowkjewelry.com\/fr\/?s={search_term_string}\"},\"query-input\":{\"@type\":\"PropertyValueSpecification\",\"valueRequired\":true,\"valueName\":\"search_term_string\"}}],\"inLanguage\":\"fr-FR\"},{\"@type\":\"Organization\",\"@id\":\"https:\/\/rainbowkjewelry.com\/fr\/#organization\",\"name\":\"Rainbow K\",\"url\":\"https:\/\/rainbowkjewelry.com\/fr\/\",\"logo\":{\"@type\":\"ImageObject\",\"inLanguage\":\"fr-FR\",\"@id\":\"https:\/\/rainbowkjewelry.com\/fr\/#\/schema\/logo\/image\/\",\"url\":\"https:\/\/rainbowkjewelry.com\/wp-content\/uploads\/2023\/01\/DARK_LOGO_RAINBOW_K.png\",\"contentUrl\":\"https:\/\/rainbowkjewelry.com\/wp-content\/uploads\/2023\/01\/DARK_LOGO_RAINBOW_K.png\",\"width\":1392,\"height\":451,\"caption\":\"Rainbow K\"},\"image\":{\"@id\":\"https:\/\/rainbowkjewelry.com\/fr\/#\/schema\/logo\/image\/\"},\"sameAs\":[\"https:\/\/www.instagram.com\/rainbowkjewelry\/\"]}]}<\/script>\n<!-- \/ Yoast SEO plugin. -->","yoast_head_json":{"title":"BOUCLE D'OREILLE BAMBOO L - Rainbow K","robots":{"index":"index","follow":"follow","max-snippet":"max-snippet:-1","max-image-preview":"max-image-preview:large","max-video-preview":"max-video-preview:-1"},"canonical":"https:\/\/rainbowkjewelry.com\/fr\/produit\/boucle-doreille-bamboo-l\/","og_locale":"fr_FR","og_type":"article","og_title":"BOUCLE D'OREILLE BAMBOO L - Rainbow K","og_description":"Mat\u00e9riel: OR 14K Pierres: Diamants blancs 0,24cts  La boucle d'oreille Bamboo est l\u00e9g\u00e8re et agr\u00e9able \u00e0 porter. Parfait pour une accumulation de boucles d'oreilles en jouant avec les diff\u00e9rentes tailles.\u00a0 Il refl\u00e8te l\u2019approche visionnaire de la marque. S'inspirant de la nature, il est r\u00e9alis\u00e9 en or 14 carats avec une finition bross\u00e9e et polie et parsem\u00e9 de diamants scintillants sertis en pav\u00e9.  Vendue \u00e0 l'unit\u00e9","og_url":"https:\/\/rainbowkjewelry.com\/fr\/produit\/boucle-doreille-bamboo-l\/","og_site_name":"Rainbow K","article_modified_time":"2024-05-22T13:00:11+00:00","og_image":[{"width":1300,"height":1300,"url":"https:\/\/rainbowkjewelry.com\/wp-content\/uploads\/2022\/10\/Bamboo-Earring-L.jpg","type":"image\/jpeg"}],"twitter_card":"summary_large_image","schema":{"@context":"https:\/\/schema.org","@graph":[{"@type":"WebPage","@id":"https:\/\/rainbowkjewelry.com\/fr\/produit\/boucle-doreille-bamboo-l\/","url":"https:\/\/rainbowkjewelry.com\/fr\/produit\/boucle-doreille-bamboo-l\/","name":"BOUCLE D'OREILLE BAMBOO L - Rainbow K","isPartOf":{"@id":"https:\/\/rainbowkjewelry.com\/fr\/#website"},"primaryImageOfPage":{"@id":"https:\/\/rainbowkjewelry.com\/fr\/produit\/boucle-doreille-bamboo-l\/#primaryimage"},"image":{"@id":"https:\/\/rainbowkjewelry.com\/fr\/produit\/boucle-doreille-bamboo-l\/#primaryimage"},"thumbnailUrl":"https:\/\/rainbowkjewelry.com\/wp-content\/uploads\/2022\/10\/Bamboo-Earring-L.jpg","datePublished":"2022-10-17T13:51:41+00:00","dateModified":"2024-05-22T13:00:11+00:00","breadcrumb":{"@id":"https:\/\/rainbowkjewelry.com\/fr\/produit\/boucle-doreille-bamboo-l\/#breadcrumb"},"inLanguage":"fr-FR","potentialAction":[{"@type":"ReadAction","target":["https:\/\/rainbowkjewelry.com\/fr\/produit\/boucle-doreille-bamboo-l\/"]}]},{"@type":"ImageObject","inLanguage":"fr-FR","@id":"https:\/\/rainbowkjewelry.com\/fr\/produit\/boucle-doreille-bamboo-l\/#primaryimage","url":"https:\/\/rainbowkjewelry.com\/wp-content\/uploads\/2022\/10\/Bamboo-Earring-L.jpg","contentUrl":"https:\/\/rainbowkjewelry.com\/wp-content\/uploads\/2022\/10\/Bamboo-Earring-L.jpg","width":1300,"height":1300},{"@type":"BreadcrumbList","@id":"https:\/\/rainbowkjewelry.com\/fr\/produit\/boucle-doreille-bamboo-l\/#breadcrumb","itemListElement":[{"@type":"ListItem","position":1,"name":"Accueil","item":"https:\/\/rainbowkjewelry.com\/fr\/"},{"@type":"ListItem","position":2,"name":"Boutique","item":"https:\/\/rainbowkjewelry.com\/fr\/boutique\/"},{"@type":"ListItem","position":3,"name":"BOUCLE D&rsquo;OREILLE BAMBOO L"}]},{"@type":"WebSite","@id":"https:\/\/rainbowkjewelry.com\/fr\/#website","url":"https:\/\/rainbowkjewelry.com\/fr\/","name":"Rainbow K","description":"","publisher":{"@id":"https:\/\/rainbowkjewelry.com\/fr\/#organization"},"potentialAction":[{"@type":"SearchAction","target":{"@type":"EntryPoint","urlTemplate":"https:\/\/rainbowkjewelry.com\/fr\/?s={search_term_string}"},"query-input":{"@type":"PropertyValueSpecification","valueRequired":true,"valueName":"search_term_string"}}],"inLanguage":"fr-FR"},{"@type":"Organization","@id":"https:\/\/rainbowkjewelry.com\/fr\/#organization","name":"Rainbow K","url":"https:\/\/rainbowkjewelry.com\/fr\/","logo":{"@type":"ImageObject","inLanguage":"fr-FR","@id":"https:\/\/rainbowkjewelry.com\/fr\/#\/schema\/logo\/image\/","url":"https:\/\/rainbowkjewelry.com\/wp-content\/uploads\/2023\/01\/DARK_LOGO_RAINBOW_K.png","contentUrl":"https:\/\/rainbowkjewelry.com\/wp-content\/uploads\/2023\/01\/DARK_LOGO_RAINBOW_K.png","width":1392,"height":451,"caption":"Rainbow K"},"image":{"@id":"https:\/\/rainbowkjewelry.com\/fr\/#\/schema\/logo\/image\/"},"sameAs":["https:\/\/www.instagram.com\/rainbowkjewelry\/"]}]}},"_links":{"self":[{"href":"https:\/\/rainbowkjewelry.com\/fr\/wp-json\/wp\/v2\/product\/31734","targetHints":{"allow":["GET"]}}],"collection":[{"href":"https:\/\/rainbowkjewelry.com\/fr\/wp-json\/wp\/v2\/product"}],"about":[{"href":"https:\/\/rainbowkjewelry.com\/fr\/wp-json\/wp\/v2\/types\/product"}],"wp:featuredmedia":[{"embeddable":true,"href":"https:\/\/rainbowkjewelry.com\/fr\/wp-json\/wp\/v2\/media\/20424"}],"wp:attachment":[{"href":"https:\/\/rainbowkjewelry.com\/fr\/wp-json\/wp\/v2\/media?parent=31734"}],"wp:term":[{"taxonomy":"product_brand","embeddable":true,"href":"https:\/\/rainbowkjewelry.com\/fr\/wp-json\/wp\/v2\/product_brand?post=31734"},{"taxonomy":"product_cat","embeddable":true,"href":"https:\/\/rainbowkjewelry.com\/fr\/wp-json\/wp\/v2\/product_cat?post=31734"},{"taxonomy":"product_tag","embeddable":true,"href":"https:\/\/rainbowkjewelry.com\/fr\/wp-json\/wp\/v2\/product_tag?post=31734"}],"curies":[{"name":"wp","href":"https:\/\/api.w.org\/{rel}","templated":true}]}}