{"id":29880,"date":"2022-12-14T17:15:02","date_gmt":"2022-12-14T15:15:02","guid":{"rendered":"https:\/\/rainbowkjewelry.com\/produit\/earrings-river\/"},"modified":"2024-10-17T15:31:03","modified_gmt":"2024-10-17T13:31:03","slug":"boucles-doreilles-river","status":"publish","type":"product","link":"https:\/\/rainbowkjewelry.com\/fr\/produit\/boucles-doreilles-river\/","title":{"rendered":"BOUCLES D&rsquo;OREILLES RIVER"},"content":{"rendered":"","protected":false},"excerpt":{"rendered":"<p>Mat\u00e9riel: OR 18K<br \/>\nPierres: Diamants blancs 1,65cts chacune (Total 3,3cts)<\/p>\n<p>La paire de boucles d&rsquo;oreilles River est une pi\u00e8ce de haute joaillerie d&rsquo;exception toute orn\u00e9e de marquises et de diamants d\u00e9structur\u00e9s. Ce bijou apportera une touche rock \u00e0 n&rsquo;importe quelle tenue. Peut \u00eatre port\u00e9 sur les deux oreilles pour un look plus tendance.<\/p>\n<p style=\"font-weight: 400;\">Livraison sous 3 \u00e0 7 jours<\/p>\n","protected":false},"featured_media":22114,"template":"","meta":[],"product_brand":[],"product_cat":[311,308,281,318],"product_tag":[],"class_list":{"0":"post-29880","1":"product","2":"type-product","3":"status-publish","4":"has-post-thumbnail","6":"product_cat-boucles-doreilles","7":"product_cat-engagement-fr","8":"product_cat-signature-fr","9":"product_cat-tous-les-produits","11":"first","12":"instock","13":"taxable","14":"shipping-taxable","15":"purchasable","16":"product-type-variable"},"acf":[],"yoast_head":"<!-- This site is optimized with the Yoast SEO plugin v27.2 - https:\/\/yoast.com\/product\/yoast-seo-wordpress\/ -->\n<title>BOUCLES D&#039;OREILLES RIVER - Rainbow K<\/title>\n<meta name=\"robots\" content=\"index, follow, max-snippet:-1, max-image-preview:large, max-video-preview:-1\" \/>\n<link rel=\"canonical\" href=\"https:\/\/rainbowkjewelry.com\/fr\/produit\/boucles-doreilles-river\/\" \/>\n<meta property=\"og:locale\" content=\"fr_FR\" \/>\n<meta property=\"og:type\" content=\"article\" \/>\n<meta property=\"og:title\" content=\"BOUCLES D&#039;OREILLES RIVER - Rainbow K\" \/>\n<meta property=\"og:description\" content=\"Mat\u00e9riel: OR 18K Pierres: Diamants blancs 1,65cts chacune (Total 3,3cts)  La paire de boucles d&#039;oreilles River est une pi\u00e8ce de haute joaillerie d&#039;exception toute orn\u00e9e de marquises et de diamants d\u00e9structur\u00e9s. Ce bijou apportera une touche rock \u00e0 n&#039;importe quelle tenue. Peut \u00eatre port\u00e9 sur les deux oreilles pour un look plus tendance. Livraison sous 3 \u00e0 7 jours\" \/>\n<meta property=\"og:url\" content=\"https:\/\/rainbowkjewelry.com\/fr\/produit\/boucles-doreilles-river\/\" \/>\n<meta property=\"og:site_name\" content=\"Rainbow K\" \/>\n<meta property=\"article:modified_time\" content=\"2024-10-17T13:31:03+00:00\" \/>\n<meta property=\"og:image\" content=\"https:\/\/rainbowkjewelry.com\/wp-content\/uploads\/2022\/12\/EARRINGS-RIVER-2.jpg\" \/>\n\t<meta property=\"og:image:width\" content=\"1300\" \/>\n\t<meta property=\"og:image:height\" content=\"1300\" \/>\n\t<meta property=\"og:image:type\" content=\"image\/jpeg\" \/>\n<meta name=\"twitter:card\" content=\"summary_large_image\" \/>\n<script type=\"application\/ld+json\" class=\"yoast-schema-graph\">{\"@context\":\"https:\/\/schema.org\",\"@graph\":[{\"@type\":\"WebPage\",\"@id\":\"https:\/\/rainbowkjewelry.com\/fr\/produit\/boucles-doreilles-river\/\",\"url\":\"https:\/\/rainbowkjewelry.com\/fr\/produit\/boucles-doreilles-river\/\",\"name\":\"BOUCLES D'OREILLES RIVER - Rainbow K\",\"isPartOf\":{\"@id\":\"https:\/\/rainbowkjewelry.com\/fr\/#website\"},\"primaryImageOfPage\":{\"@id\":\"https:\/\/rainbowkjewelry.com\/fr\/produit\/boucles-doreilles-river\/#primaryimage\"},\"image\":{\"@id\":\"https:\/\/rainbowkjewelry.com\/fr\/produit\/boucles-doreilles-river\/#primaryimage\"},\"thumbnailUrl\":\"https:\/\/rainbowkjewelry.com\/wp-content\/uploads\/2022\/12\/EARRINGS-RIVER-2.jpg\",\"datePublished\":\"2022-12-14T15:15:02+00:00\",\"dateModified\":\"2024-10-17T13:31:03+00:00\",\"breadcrumb\":{\"@id\":\"https:\/\/rainbowkjewelry.com\/fr\/produit\/boucles-doreilles-river\/#breadcrumb\"},\"inLanguage\":\"fr-FR\",\"potentialAction\":[{\"@type\":\"ReadAction\",\"target\":[\"https:\/\/rainbowkjewelry.com\/fr\/produit\/boucles-doreilles-river\/\"]}]},{\"@type\":\"ImageObject\",\"inLanguage\":\"fr-FR\",\"@id\":\"https:\/\/rainbowkjewelry.com\/fr\/produit\/boucles-doreilles-river\/#primaryimage\",\"url\":\"https:\/\/rainbowkjewelry.com\/wp-content\/uploads\/2022\/12\/EARRINGS-RIVER-2.jpg\",\"contentUrl\":\"https:\/\/rainbowkjewelry.com\/wp-content\/uploads\/2022\/12\/EARRINGS-RIVER-2.jpg\",\"width\":1300,\"height\":1300},{\"@type\":\"BreadcrumbList\",\"@id\":\"https:\/\/rainbowkjewelry.com\/fr\/produit\/boucles-doreilles-river\/#breadcrumb\",\"itemListElement\":[{\"@type\":\"ListItem\",\"position\":1,\"name\":\"Accueil\",\"item\":\"https:\/\/rainbowkjewelry.com\/fr\/\"},{\"@type\":\"ListItem\",\"position\":2,\"name\":\"Boutique\",\"item\":\"https:\/\/rainbowkjewelry.com\/fr\/boutique\/\"},{\"@type\":\"ListItem\",\"position\":3,\"name\":\"BOUCLES D&#8217;OREILLES RIVER\"}]},{\"@type\":\"WebSite\",\"@id\":\"https:\/\/rainbowkjewelry.com\/fr\/#website\",\"url\":\"https:\/\/rainbowkjewelry.com\/fr\/\",\"name\":\"Rainbow K\",\"description\":\"\",\"publisher\":{\"@id\":\"https:\/\/rainbowkjewelry.com\/fr\/#organization\"},\"potentialAction\":[{\"@type\":\"SearchAction\",\"target\":{\"@type\":\"EntryPoint\",\"urlTemplate\":\"https:\/\/rainbowkjewelry.com\/fr\/?s={search_term_string}\"},\"query-input\":{\"@type\":\"PropertyValueSpecification\",\"valueRequired\":true,\"valueName\":\"search_term_string\"}}],\"inLanguage\":\"fr-FR\"},{\"@type\":\"Organization\",\"@id\":\"https:\/\/rainbowkjewelry.com\/fr\/#organization\",\"name\":\"Rainbow K\",\"url\":\"https:\/\/rainbowkjewelry.com\/fr\/\",\"logo\":{\"@type\":\"ImageObject\",\"inLanguage\":\"fr-FR\",\"@id\":\"https:\/\/rainbowkjewelry.com\/fr\/#\/schema\/logo\/image\/\",\"url\":\"https:\/\/rainbowkjewelry.com\/wp-content\/uploads\/2023\/01\/DARK_LOGO_RAINBOW_K.png\",\"contentUrl\":\"https:\/\/rainbowkjewelry.com\/wp-content\/uploads\/2023\/01\/DARK_LOGO_RAINBOW_K.png\",\"width\":1392,\"height\":451,\"caption\":\"Rainbow K\"},\"image\":{\"@id\":\"https:\/\/rainbowkjewelry.com\/fr\/#\/schema\/logo\/image\/\"},\"sameAs\":[\"https:\/\/www.instagram.com\/rainbowkjewelry\/\"]}]}<\/script>\n<!-- \/ Yoast SEO plugin. -->","yoast_head_json":{"title":"BOUCLES D'OREILLES RIVER - Rainbow K","robots":{"index":"index","follow":"follow","max-snippet":"max-snippet:-1","max-image-preview":"max-image-preview:large","max-video-preview":"max-video-preview:-1"},"canonical":"https:\/\/rainbowkjewelry.com\/fr\/produit\/boucles-doreilles-river\/","og_locale":"fr_FR","og_type":"article","og_title":"BOUCLES D'OREILLES RIVER - Rainbow K","og_description":"Mat\u00e9riel: OR 18K Pierres: Diamants blancs 1,65cts chacune (Total 3,3cts)  La paire de boucles d'oreilles River est une pi\u00e8ce de haute joaillerie d'exception toute orn\u00e9e de marquises et de diamants d\u00e9structur\u00e9s. Ce bijou apportera une touche rock \u00e0 n'importe quelle tenue. Peut \u00eatre port\u00e9 sur les deux oreilles pour un look plus tendance. Livraison sous 3 \u00e0 7 jours","og_url":"https:\/\/rainbowkjewelry.com\/fr\/produit\/boucles-doreilles-river\/","og_site_name":"Rainbow K","article_modified_time":"2024-10-17T13:31:03+00:00","og_image":[{"width":1300,"height":1300,"url":"https:\/\/rainbowkjewelry.com\/wp-content\/uploads\/2022\/12\/EARRINGS-RIVER-2.jpg","type":"image\/jpeg"}],"twitter_card":"summary_large_image","schema":{"@context":"https:\/\/schema.org","@graph":[{"@type":"WebPage","@id":"https:\/\/rainbowkjewelry.com\/fr\/produit\/boucles-doreilles-river\/","url":"https:\/\/rainbowkjewelry.com\/fr\/produit\/boucles-doreilles-river\/","name":"BOUCLES D'OREILLES RIVER - Rainbow K","isPartOf":{"@id":"https:\/\/rainbowkjewelry.com\/fr\/#website"},"primaryImageOfPage":{"@id":"https:\/\/rainbowkjewelry.com\/fr\/produit\/boucles-doreilles-river\/#primaryimage"},"image":{"@id":"https:\/\/rainbowkjewelry.com\/fr\/produit\/boucles-doreilles-river\/#primaryimage"},"thumbnailUrl":"https:\/\/rainbowkjewelry.com\/wp-content\/uploads\/2022\/12\/EARRINGS-RIVER-2.jpg","datePublished":"2022-12-14T15:15:02+00:00","dateModified":"2024-10-17T13:31:03+00:00","breadcrumb":{"@id":"https:\/\/rainbowkjewelry.com\/fr\/produit\/boucles-doreilles-river\/#breadcrumb"},"inLanguage":"fr-FR","potentialAction":[{"@type":"ReadAction","target":["https:\/\/rainbowkjewelry.com\/fr\/produit\/boucles-doreilles-river\/"]}]},{"@type":"ImageObject","inLanguage":"fr-FR","@id":"https:\/\/rainbowkjewelry.com\/fr\/produit\/boucles-doreilles-river\/#primaryimage","url":"https:\/\/rainbowkjewelry.com\/wp-content\/uploads\/2022\/12\/EARRINGS-RIVER-2.jpg","contentUrl":"https:\/\/rainbowkjewelry.com\/wp-content\/uploads\/2022\/12\/EARRINGS-RIVER-2.jpg","width":1300,"height":1300},{"@type":"BreadcrumbList","@id":"https:\/\/rainbowkjewelry.com\/fr\/produit\/boucles-doreilles-river\/#breadcrumb","itemListElement":[{"@type":"ListItem","position":1,"name":"Accueil","item":"https:\/\/rainbowkjewelry.com\/fr\/"},{"@type":"ListItem","position":2,"name":"Boutique","item":"https:\/\/rainbowkjewelry.com\/fr\/boutique\/"},{"@type":"ListItem","position":3,"name":"BOUCLES D&#8217;OREILLES RIVER"}]},{"@type":"WebSite","@id":"https:\/\/rainbowkjewelry.com\/fr\/#website","url":"https:\/\/rainbowkjewelry.com\/fr\/","name":"Rainbow K","description":"","publisher":{"@id":"https:\/\/rainbowkjewelry.com\/fr\/#organization"},"potentialAction":[{"@type":"SearchAction","target":{"@type":"EntryPoint","urlTemplate":"https:\/\/rainbowkjewelry.com\/fr\/?s={search_term_string}"},"query-input":{"@type":"PropertyValueSpecification","valueRequired":true,"valueName":"search_term_string"}}],"inLanguage":"fr-FR"},{"@type":"Organization","@id":"https:\/\/rainbowkjewelry.com\/fr\/#organization","name":"Rainbow K","url":"https:\/\/rainbowkjewelry.com\/fr\/","logo":{"@type":"ImageObject","inLanguage":"fr-FR","@id":"https:\/\/rainbowkjewelry.com\/fr\/#\/schema\/logo\/image\/","url":"https:\/\/rainbowkjewelry.com\/wp-content\/uploads\/2023\/01\/DARK_LOGO_RAINBOW_K.png","contentUrl":"https:\/\/rainbowkjewelry.com\/wp-content\/uploads\/2023\/01\/DARK_LOGO_RAINBOW_K.png","width":1392,"height":451,"caption":"Rainbow K"},"image":{"@id":"https:\/\/rainbowkjewelry.com\/fr\/#\/schema\/logo\/image\/"},"sameAs":["https:\/\/www.instagram.com\/rainbowkjewelry\/"]}]}},"_links":{"self":[{"href":"https:\/\/rainbowkjewelry.com\/fr\/wp-json\/wp\/v2\/product\/29880","targetHints":{"allow":["GET"]}}],"collection":[{"href":"https:\/\/rainbowkjewelry.com\/fr\/wp-json\/wp\/v2\/product"}],"about":[{"href":"https:\/\/rainbowkjewelry.com\/fr\/wp-json\/wp\/v2\/types\/product"}],"wp:featuredmedia":[{"embeddable":true,"href":"https:\/\/rainbowkjewelry.com\/fr\/wp-json\/wp\/v2\/media\/22114"}],"wp:attachment":[{"href":"https:\/\/rainbowkjewelry.com\/fr\/wp-json\/wp\/v2\/media?parent=29880"}],"wp:term":[{"taxonomy":"product_brand","embeddable":true,"href":"https:\/\/rainbowkjewelry.com\/fr\/wp-json\/wp\/v2\/product_brand?post=29880"},{"taxonomy":"product_cat","embeddable":true,"href":"https:\/\/rainbowkjewelry.com\/fr\/wp-json\/wp\/v2\/product_cat?post=29880"},{"taxonomy":"product_tag","embeddable":true,"href":"https:\/\/rainbowkjewelry.com\/fr\/wp-json\/wp\/v2\/product_tag?post=29880"}],"curies":[{"name":"wp","href":"https:\/\/api.w.org\/{rel}","templated":true}]}}