{"id":26035,"date":"2023-08-03T11:53:17","date_gmt":"2023-08-03T09:53:17","guid":{"rendered":"https:\/\/rainbowkjewelry.com\/produit\/necklace-summer-black-men\/"},"modified":"2024-05-02T13:47:09","modified_gmt":"2024-05-02T11:47:09","slug":"collier-summer-noir-men","status":"publish","type":"product","link":"https:\/\/rainbowkjewelry.com\/fr\/produit\/collier-summer-noir-men\/","title":{"rendered":"COLLIER SUMMER NOIR"},"content":{"rendered":"","protected":false},"excerpt":{"rendered":"<p>Mat\u00e9riel: OR 9K &amp; Argent &#8211; Agate<br \/>\nPierres: Diamants blancs 0,18cts<\/p>\n<p>Le collier Summer est une belle pi\u00e8ce qui allie \u00e9l\u00e9gance classique et style contemporain pour cr\u00e9er un bijou vraiment unique. Id\u00e9al pour apporter une touche de couleur et de joaillerie \u00e0 vos look d&rsquo;\u00e9t\u00e9.<\/p>\n","protected":false},"featured_media":20176,"template":"","meta":[],"product_brand":[],"product_cat":[314,296,317],"product_tag":[],"class_list":{"0":"post-26035","1":"product","2":"type-product","3":"status-publish","4":"has-post-thumbnail","6":"product_cat-colliers-homme","7":"product_cat-summer-homme","8":"product_cat-tous-les-produits-homme","10":"first","11":"instock","12":"taxable","13":"shipping-taxable","14":"purchasable","15":"product-type-variable"},"acf":[],"yoast_head":"<!-- This site is optimized with the Yoast SEO plugin v27.2 - https:\/\/yoast.com\/product\/yoast-seo-wordpress\/ -->\n<title>COLLIER SUMMER NOIR - Rainbow K<\/title>\n<meta name=\"robots\" content=\"index, follow, max-snippet:-1, max-image-preview:large, max-video-preview:-1\" \/>\n<link rel=\"canonical\" href=\"https:\/\/rainbowkjewelry.com\/fr\/produit\/collier-summer-noir-men\/\" \/>\n<meta property=\"og:locale\" content=\"fr_FR\" \/>\n<meta property=\"og:type\" content=\"article\" \/>\n<meta property=\"og:title\" content=\"COLLIER SUMMER NOIR - Rainbow K\" \/>\n<meta property=\"og:description\" content=\"Mat\u00e9riel: OR 9K &amp; Argent - Agate Pierres: Diamants blancs 0,18cts  Le collier Summer est une belle pi\u00e8ce qui allie \u00e9l\u00e9gance classique et style contemporain pour cr\u00e9er un bijou vraiment unique. Id\u00e9al pour apporter une touche de couleur et de joaillerie \u00e0 vos look d&#039;\u00e9t\u00e9.\" \/>\n<meta property=\"og:url\" content=\"https:\/\/rainbowkjewelry.com\/fr\/produit\/collier-summer-noir-men\/\" \/>\n<meta property=\"og:site_name\" content=\"Rainbow K\" \/>\n<meta property=\"article:modified_time\" content=\"2024-05-02T11:47:09+00:00\" \/>\n<meta property=\"og:image\" content=\"https:\/\/rainbowkjewelry.com\/wp-content\/uploads\/2022\/10\/NECKLACE-SUMMER-BLACK-.jpg\" \/>\n\t<meta property=\"og:image:width\" content=\"1300\" \/>\n\t<meta property=\"og:image:height\" content=\"1299\" \/>\n\t<meta property=\"og:image:type\" content=\"image\/jpeg\" \/>\n<meta name=\"twitter:card\" content=\"summary_large_image\" \/>\n<meta name=\"twitter:label1\" content=\"Dur\u00e9e de lecture estim\u00e9e\" \/>\n\t<meta name=\"twitter:data1\" content=\"1 minute\" \/>\n<script type=\"application\/ld+json\" class=\"yoast-schema-graph\">{\"@context\":\"https:\/\/schema.org\",\"@graph\":[{\"@type\":\"WebPage\",\"@id\":\"https:\/\/rainbowkjewelry.com\/fr\/produit\/collier-summer-noir-men\/\",\"url\":\"https:\/\/rainbowkjewelry.com\/fr\/produit\/collier-summer-noir-men\/\",\"name\":\"COLLIER SUMMER NOIR - Rainbow K\",\"isPartOf\":{\"@id\":\"https:\/\/rainbowkjewelry.com\/fr\/#website\"},\"primaryImageOfPage\":{\"@id\":\"https:\/\/rainbowkjewelry.com\/fr\/produit\/collier-summer-noir-men\/#primaryimage\"},\"image\":{\"@id\":\"https:\/\/rainbowkjewelry.com\/fr\/produit\/collier-summer-noir-men\/#primaryimage\"},\"thumbnailUrl\":\"https:\/\/rainbowkjewelry.com\/wp-content\/uploads\/2022\/10\/NECKLACE-SUMMER-BLACK-.jpg\",\"datePublished\":\"2023-08-03T09:53:17+00:00\",\"dateModified\":\"2024-05-02T11:47:09+00:00\",\"breadcrumb\":{\"@id\":\"https:\/\/rainbowkjewelry.com\/fr\/produit\/collier-summer-noir-men\/#breadcrumb\"},\"inLanguage\":\"fr-FR\",\"potentialAction\":[{\"@type\":\"ReadAction\",\"target\":[\"https:\/\/rainbowkjewelry.com\/fr\/produit\/collier-summer-noir-men\/\"]}]},{\"@type\":\"ImageObject\",\"inLanguage\":\"fr-FR\",\"@id\":\"https:\/\/rainbowkjewelry.com\/fr\/produit\/collier-summer-noir-men\/#primaryimage\",\"url\":\"https:\/\/rainbowkjewelry.com\/wp-content\/uploads\/2022\/10\/NECKLACE-SUMMER-BLACK-.jpg\",\"contentUrl\":\"https:\/\/rainbowkjewelry.com\/wp-content\/uploads\/2022\/10\/NECKLACE-SUMMER-BLACK-.jpg\",\"width\":1300,\"height\":1299},{\"@type\":\"BreadcrumbList\",\"@id\":\"https:\/\/rainbowkjewelry.com\/fr\/produit\/collier-summer-noir-men\/#breadcrumb\",\"itemListElement\":[{\"@type\":\"ListItem\",\"position\":1,\"name\":\"Accueil\",\"item\":\"https:\/\/rainbowkjewelry.com\/fr\/\"},{\"@type\":\"ListItem\",\"position\":2,\"name\":\"Boutique\",\"item\":\"https:\/\/rainbowkjewelry.com\/fr\/boutique\/\"},{\"@type\":\"ListItem\",\"position\":3,\"name\":\"COLLIER SUMMER NOIR\"}]},{\"@type\":\"WebSite\",\"@id\":\"https:\/\/rainbowkjewelry.com\/fr\/#website\",\"url\":\"https:\/\/rainbowkjewelry.com\/fr\/\",\"name\":\"Rainbow K\",\"description\":\"\",\"publisher\":{\"@id\":\"https:\/\/rainbowkjewelry.com\/fr\/#organization\"},\"potentialAction\":[{\"@type\":\"SearchAction\",\"target\":{\"@type\":\"EntryPoint\",\"urlTemplate\":\"https:\/\/rainbowkjewelry.com\/fr\/?s={search_term_string}\"},\"query-input\":{\"@type\":\"PropertyValueSpecification\",\"valueRequired\":true,\"valueName\":\"search_term_string\"}}],\"inLanguage\":\"fr-FR\"},{\"@type\":\"Organization\",\"@id\":\"https:\/\/rainbowkjewelry.com\/fr\/#organization\",\"name\":\"Rainbow K\",\"url\":\"https:\/\/rainbowkjewelry.com\/fr\/\",\"logo\":{\"@type\":\"ImageObject\",\"inLanguage\":\"fr-FR\",\"@id\":\"https:\/\/rainbowkjewelry.com\/fr\/#\/schema\/logo\/image\/\",\"url\":\"https:\/\/rainbowkjewelry.com\/wp-content\/uploads\/2023\/01\/DARK_LOGO_RAINBOW_K.png\",\"contentUrl\":\"https:\/\/rainbowkjewelry.com\/wp-content\/uploads\/2023\/01\/DARK_LOGO_RAINBOW_K.png\",\"width\":1392,\"height\":451,\"caption\":\"Rainbow K\"},\"image\":{\"@id\":\"https:\/\/rainbowkjewelry.com\/fr\/#\/schema\/logo\/image\/\"},\"sameAs\":[\"https:\/\/www.instagram.com\/rainbowkjewelry\/\"]}]}<\/script>\n<!-- \/ Yoast SEO plugin. -->","yoast_head_json":{"title":"COLLIER SUMMER NOIR - Rainbow K","robots":{"index":"index","follow":"follow","max-snippet":"max-snippet:-1","max-image-preview":"max-image-preview:large","max-video-preview":"max-video-preview:-1"},"canonical":"https:\/\/rainbowkjewelry.com\/fr\/produit\/collier-summer-noir-men\/","og_locale":"fr_FR","og_type":"article","og_title":"COLLIER SUMMER NOIR - Rainbow K","og_description":"Mat\u00e9riel: OR 9K &amp; Argent - Agate Pierres: Diamants blancs 0,18cts  Le collier Summer est une belle pi\u00e8ce qui allie \u00e9l\u00e9gance classique et style contemporain pour cr\u00e9er un bijou vraiment unique. Id\u00e9al pour apporter une touche de couleur et de joaillerie \u00e0 vos look d'\u00e9t\u00e9.","og_url":"https:\/\/rainbowkjewelry.com\/fr\/produit\/collier-summer-noir-men\/","og_site_name":"Rainbow K","article_modified_time":"2024-05-02T11:47:09+00:00","og_image":[{"width":1300,"height":1299,"url":"https:\/\/rainbowkjewelry.com\/wp-content\/uploads\/2022\/10\/NECKLACE-SUMMER-BLACK-.jpg","type":"image\/jpeg"}],"twitter_card":"summary_large_image","twitter_misc":{"Dur\u00e9e de lecture estim\u00e9e":"1 minute"},"schema":{"@context":"https:\/\/schema.org","@graph":[{"@type":"WebPage","@id":"https:\/\/rainbowkjewelry.com\/fr\/produit\/collier-summer-noir-men\/","url":"https:\/\/rainbowkjewelry.com\/fr\/produit\/collier-summer-noir-men\/","name":"COLLIER SUMMER NOIR - Rainbow K","isPartOf":{"@id":"https:\/\/rainbowkjewelry.com\/fr\/#website"},"primaryImageOfPage":{"@id":"https:\/\/rainbowkjewelry.com\/fr\/produit\/collier-summer-noir-men\/#primaryimage"},"image":{"@id":"https:\/\/rainbowkjewelry.com\/fr\/produit\/collier-summer-noir-men\/#primaryimage"},"thumbnailUrl":"https:\/\/rainbowkjewelry.com\/wp-content\/uploads\/2022\/10\/NECKLACE-SUMMER-BLACK-.jpg","datePublished":"2023-08-03T09:53:17+00:00","dateModified":"2024-05-02T11:47:09+00:00","breadcrumb":{"@id":"https:\/\/rainbowkjewelry.com\/fr\/produit\/collier-summer-noir-men\/#breadcrumb"},"inLanguage":"fr-FR","potentialAction":[{"@type":"ReadAction","target":["https:\/\/rainbowkjewelry.com\/fr\/produit\/collier-summer-noir-men\/"]}]},{"@type":"ImageObject","inLanguage":"fr-FR","@id":"https:\/\/rainbowkjewelry.com\/fr\/produit\/collier-summer-noir-men\/#primaryimage","url":"https:\/\/rainbowkjewelry.com\/wp-content\/uploads\/2022\/10\/NECKLACE-SUMMER-BLACK-.jpg","contentUrl":"https:\/\/rainbowkjewelry.com\/wp-content\/uploads\/2022\/10\/NECKLACE-SUMMER-BLACK-.jpg","width":1300,"height":1299},{"@type":"BreadcrumbList","@id":"https:\/\/rainbowkjewelry.com\/fr\/produit\/collier-summer-noir-men\/#breadcrumb","itemListElement":[{"@type":"ListItem","position":1,"name":"Accueil","item":"https:\/\/rainbowkjewelry.com\/fr\/"},{"@type":"ListItem","position":2,"name":"Boutique","item":"https:\/\/rainbowkjewelry.com\/fr\/boutique\/"},{"@type":"ListItem","position":3,"name":"COLLIER SUMMER NOIR"}]},{"@type":"WebSite","@id":"https:\/\/rainbowkjewelry.com\/fr\/#website","url":"https:\/\/rainbowkjewelry.com\/fr\/","name":"Rainbow K","description":"","publisher":{"@id":"https:\/\/rainbowkjewelry.com\/fr\/#organization"},"potentialAction":[{"@type":"SearchAction","target":{"@type":"EntryPoint","urlTemplate":"https:\/\/rainbowkjewelry.com\/fr\/?s={search_term_string}"},"query-input":{"@type":"PropertyValueSpecification","valueRequired":true,"valueName":"search_term_string"}}],"inLanguage":"fr-FR"},{"@type":"Organization","@id":"https:\/\/rainbowkjewelry.com\/fr\/#organization","name":"Rainbow K","url":"https:\/\/rainbowkjewelry.com\/fr\/","logo":{"@type":"ImageObject","inLanguage":"fr-FR","@id":"https:\/\/rainbowkjewelry.com\/fr\/#\/schema\/logo\/image\/","url":"https:\/\/rainbowkjewelry.com\/wp-content\/uploads\/2023\/01\/DARK_LOGO_RAINBOW_K.png","contentUrl":"https:\/\/rainbowkjewelry.com\/wp-content\/uploads\/2023\/01\/DARK_LOGO_RAINBOW_K.png","width":1392,"height":451,"caption":"Rainbow K"},"image":{"@id":"https:\/\/rainbowkjewelry.com\/fr\/#\/schema\/logo\/image\/"},"sameAs":["https:\/\/www.instagram.com\/rainbowkjewelry\/"]}]}},"_links":{"self":[{"href":"https:\/\/rainbowkjewelry.com\/fr\/wp-json\/wp\/v2\/product\/26035","targetHints":{"allow":["GET"]}}],"collection":[{"href":"https:\/\/rainbowkjewelry.com\/fr\/wp-json\/wp\/v2\/product"}],"about":[{"href":"https:\/\/rainbowkjewelry.com\/fr\/wp-json\/wp\/v2\/types\/product"}],"wp:featuredmedia":[{"embeddable":true,"href":"https:\/\/rainbowkjewelry.com\/fr\/wp-json\/wp\/v2\/media\/20176"}],"wp:attachment":[{"href":"https:\/\/rainbowkjewelry.com\/fr\/wp-json\/wp\/v2\/media?parent=26035"}],"wp:term":[{"taxonomy":"product_brand","embeddable":true,"href":"https:\/\/rainbowkjewelry.com\/fr\/wp-json\/wp\/v2\/product_brand?post=26035"},{"taxonomy":"product_cat","embeddable":true,"href":"https:\/\/rainbowkjewelry.com\/fr\/wp-json\/wp\/v2\/product_cat?post=26035"},{"taxonomy":"product_tag","embeddable":true,"href":"https:\/\/rainbowkjewelry.com\/fr\/wp-json\/wp\/v2\/product_tag?post=26035"}],"curies":[{"name":"wp","href":"https:\/\/api.w.org\/{rel}","templated":true}]}}