{"id":24311,"date":"2023-11-14T17:45:57","date_gmt":"2023-11-14T15:45:57","guid":{"rendered":"https:\/\/rainbowkjewelry.com\/produit\/necklace-ecailles\/"},"modified":"2024-10-17T15:36:14","modified_gmt":"2024-10-17T13:36:14","slug":"collier-ecailles","status":"publish","type":"product","link":"https:\/\/rainbowkjewelry.com\/fr\/produit\/collier-ecailles\/","title":{"rendered":"COLLIER ECAILLES"},"content":{"rendered":"","protected":false},"excerpt":{"rendered":"<p>Mat\u00e9riel: OR 14K<br \/>\nPierres: Diamants blancs 1,2cts<\/p>\n<p>Le collier Ecailles est une pi\u00e8ce d&rsquo;exception, elle repr\u00e9sente tous les codes de RK. Une pi\u00e8ce de haute joaillerie, d\u00e9licate dans son mouvement, les \u00e9cailles s&rsquo;articulent entre elles pour un design fort. Elle s&rsquo;adapte \u00e0 tous les looks, du classique au plus flamboyant.<\/p>\n<p style=\"font-weight: 400;\">Livraison sous 3 \u00e0 7 jours<\/p>\n","protected":false},"featured_media":22068,"template":"","meta":[],"product_brand":[],"product_cat":[313,299,318],"product_tag":[],"class_list":{"0":"post-24311","1":"product","2":"type-product","3":"status-publish","4":"has-post-thumbnail","6":"product_cat-colliers","7":"product_cat-ecailles-fr","8":"product_cat-tous-les-produits","10":"first","11":"instock","12":"taxable","13":"shipping-taxable","14":"purchasable","15":"product-type-variable"},"acf":[],"yoast_head":"<!-- This site is optimized with the Yoast SEO plugin v27.2 - https:\/\/yoast.com\/product\/yoast-seo-wordpress\/ -->\n<title>COLLIER ECAILLES - Rainbow K<\/title>\n<meta name=\"robots\" content=\"index, follow, max-snippet:-1, max-image-preview:large, max-video-preview:-1\" \/>\n<link rel=\"canonical\" href=\"https:\/\/rainbowkjewelry.com\/fr\/produit\/collier-ecailles\/\" \/>\n<meta property=\"og:locale\" content=\"fr_FR\" \/>\n<meta property=\"og:type\" content=\"article\" \/>\n<meta property=\"og:title\" content=\"COLLIER ECAILLES - Rainbow K\" \/>\n<meta property=\"og:description\" content=\"Mat\u00e9riel: OR 14K Pierres: Diamants blancs 1,2cts  Le collier Ecailles est une pi\u00e8ce d&#039;exception, elle repr\u00e9sente tous les codes de RK. Une pi\u00e8ce de haute joaillerie, d\u00e9licate dans son mouvement, les \u00e9cailles s&#039;articulent entre elles pour un design fort. Elle s&#039;adapte \u00e0 tous les looks, du classique au plus flamboyant. Livraison sous 3 \u00e0 7 jours\" \/>\n<meta property=\"og:url\" content=\"https:\/\/rainbowkjewelry.com\/fr\/produit\/collier-ecailles\/\" \/>\n<meta property=\"og:site_name\" content=\"Rainbow K\" \/>\n<meta property=\"article:modified_time\" content=\"2024-10-17T13:36:14+00:00\" \/>\n<meta property=\"og:image\" content=\"https:\/\/rainbowkjewelry.com\/wp-content\/uploads\/2023\/11\/DIM_5505.jpg\" \/>\n\t<meta property=\"og:image:width\" content=\"1200\" \/>\n\t<meta property=\"og:image:height\" content=\"1200\" \/>\n\t<meta property=\"og:image:type\" content=\"image\/jpeg\" \/>\n<meta name=\"twitter:card\" content=\"summary_large_image\" \/>\n<script type=\"application\/ld+json\" class=\"yoast-schema-graph\">{\"@context\":\"https:\/\/schema.org\",\"@graph\":[{\"@type\":\"WebPage\",\"@id\":\"https:\/\/rainbowkjewelry.com\/fr\/produit\/collier-ecailles\/\",\"url\":\"https:\/\/rainbowkjewelry.com\/fr\/produit\/collier-ecailles\/\",\"name\":\"COLLIER ECAILLES - Rainbow K\",\"isPartOf\":{\"@id\":\"https:\/\/rainbowkjewelry.com\/fr\/#website\"},\"primaryImageOfPage\":{\"@id\":\"https:\/\/rainbowkjewelry.com\/fr\/produit\/collier-ecailles\/#primaryimage\"},\"image\":{\"@id\":\"https:\/\/rainbowkjewelry.com\/fr\/produit\/collier-ecailles\/#primaryimage\"},\"thumbnailUrl\":\"https:\/\/rainbowkjewelry.com\/wp-content\/uploads\/2023\/11\/DIM_5505.jpg\",\"datePublished\":\"2023-11-14T15:45:57+00:00\",\"dateModified\":\"2024-10-17T13:36:14+00:00\",\"breadcrumb\":{\"@id\":\"https:\/\/rainbowkjewelry.com\/fr\/produit\/collier-ecailles\/#breadcrumb\"},\"inLanguage\":\"fr-FR\",\"potentialAction\":[{\"@type\":\"ReadAction\",\"target\":[\"https:\/\/rainbowkjewelry.com\/fr\/produit\/collier-ecailles\/\"]}]},{\"@type\":\"ImageObject\",\"inLanguage\":\"fr-FR\",\"@id\":\"https:\/\/rainbowkjewelry.com\/fr\/produit\/collier-ecailles\/#primaryimage\",\"url\":\"https:\/\/rainbowkjewelry.com\/wp-content\/uploads\/2023\/11\/DIM_5505.jpg\",\"contentUrl\":\"https:\/\/rainbowkjewelry.com\/wp-content\/uploads\/2023\/11\/DIM_5505.jpg\",\"width\":1200,\"height\":1200},{\"@type\":\"BreadcrumbList\",\"@id\":\"https:\/\/rainbowkjewelry.com\/fr\/produit\/collier-ecailles\/#breadcrumb\",\"itemListElement\":[{\"@type\":\"ListItem\",\"position\":1,\"name\":\"Accueil\",\"item\":\"https:\/\/rainbowkjewelry.com\/fr\/\"},{\"@type\":\"ListItem\",\"position\":2,\"name\":\"Boutique\",\"item\":\"https:\/\/rainbowkjewelry.com\/fr\/boutique\/\"},{\"@type\":\"ListItem\",\"position\":3,\"name\":\"COLLIER ECAILLES\"}]},{\"@type\":\"WebSite\",\"@id\":\"https:\/\/rainbowkjewelry.com\/fr\/#website\",\"url\":\"https:\/\/rainbowkjewelry.com\/fr\/\",\"name\":\"Rainbow K\",\"description\":\"\",\"publisher\":{\"@id\":\"https:\/\/rainbowkjewelry.com\/fr\/#organization\"},\"potentialAction\":[{\"@type\":\"SearchAction\",\"target\":{\"@type\":\"EntryPoint\",\"urlTemplate\":\"https:\/\/rainbowkjewelry.com\/fr\/?s={search_term_string}\"},\"query-input\":{\"@type\":\"PropertyValueSpecification\",\"valueRequired\":true,\"valueName\":\"search_term_string\"}}],\"inLanguage\":\"fr-FR\"},{\"@type\":\"Organization\",\"@id\":\"https:\/\/rainbowkjewelry.com\/fr\/#organization\",\"name\":\"Rainbow K\",\"url\":\"https:\/\/rainbowkjewelry.com\/fr\/\",\"logo\":{\"@type\":\"ImageObject\",\"inLanguage\":\"fr-FR\",\"@id\":\"https:\/\/rainbowkjewelry.com\/fr\/#\/schema\/logo\/image\/\",\"url\":\"https:\/\/rainbowkjewelry.com\/wp-content\/uploads\/2023\/01\/DARK_LOGO_RAINBOW_K.png\",\"contentUrl\":\"https:\/\/rainbowkjewelry.com\/wp-content\/uploads\/2023\/01\/DARK_LOGO_RAINBOW_K.png\",\"width\":1392,\"height\":451,\"caption\":\"Rainbow K\"},\"image\":{\"@id\":\"https:\/\/rainbowkjewelry.com\/fr\/#\/schema\/logo\/image\/\"},\"sameAs\":[\"https:\/\/www.instagram.com\/rainbowkjewelry\/\"]}]}<\/script>\n<!-- \/ Yoast SEO plugin. -->","yoast_head_json":{"title":"COLLIER ECAILLES - Rainbow K","robots":{"index":"index","follow":"follow","max-snippet":"max-snippet:-1","max-image-preview":"max-image-preview:large","max-video-preview":"max-video-preview:-1"},"canonical":"https:\/\/rainbowkjewelry.com\/fr\/produit\/collier-ecailles\/","og_locale":"fr_FR","og_type":"article","og_title":"COLLIER ECAILLES - Rainbow K","og_description":"Mat\u00e9riel: OR 14K Pierres: Diamants blancs 1,2cts  Le collier Ecailles est une pi\u00e8ce d'exception, elle repr\u00e9sente tous les codes de RK. Une pi\u00e8ce de haute joaillerie, d\u00e9licate dans son mouvement, les \u00e9cailles s'articulent entre elles pour un design fort. Elle s'adapte \u00e0 tous les looks, du classique au plus flamboyant. Livraison sous 3 \u00e0 7 jours","og_url":"https:\/\/rainbowkjewelry.com\/fr\/produit\/collier-ecailles\/","og_site_name":"Rainbow K","article_modified_time":"2024-10-17T13:36:14+00:00","og_image":[{"width":1200,"height":1200,"url":"https:\/\/rainbowkjewelry.com\/wp-content\/uploads\/2023\/11\/DIM_5505.jpg","type":"image\/jpeg"}],"twitter_card":"summary_large_image","schema":{"@context":"https:\/\/schema.org","@graph":[{"@type":"WebPage","@id":"https:\/\/rainbowkjewelry.com\/fr\/produit\/collier-ecailles\/","url":"https:\/\/rainbowkjewelry.com\/fr\/produit\/collier-ecailles\/","name":"COLLIER ECAILLES - Rainbow K","isPartOf":{"@id":"https:\/\/rainbowkjewelry.com\/fr\/#website"},"primaryImageOfPage":{"@id":"https:\/\/rainbowkjewelry.com\/fr\/produit\/collier-ecailles\/#primaryimage"},"image":{"@id":"https:\/\/rainbowkjewelry.com\/fr\/produit\/collier-ecailles\/#primaryimage"},"thumbnailUrl":"https:\/\/rainbowkjewelry.com\/wp-content\/uploads\/2023\/11\/DIM_5505.jpg","datePublished":"2023-11-14T15:45:57+00:00","dateModified":"2024-10-17T13:36:14+00:00","breadcrumb":{"@id":"https:\/\/rainbowkjewelry.com\/fr\/produit\/collier-ecailles\/#breadcrumb"},"inLanguage":"fr-FR","potentialAction":[{"@type":"ReadAction","target":["https:\/\/rainbowkjewelry.com\/fr\/produit\/collier-ecailles\/"]}]},{"@type":"ImageObject","inLanguage":"fr-FR","@id":"https:\/\/rainbowkjewelry.com\/fr\/produit\/collier-ecailles\/#primaryimage","url":"https:\/\/rainbowkjewelry.com\/wp-content\/uploads\/2023\/11\/DIM_5505.jpg","contentUrl":"https:\/\/rainbowkjewelry.com\/wp-content\/uploads\/2023\/11\/DIM_5505.jpg","width":1200,"height":1200},{"@type":"BreadcrumbList","@id":"https:\/\/rainbowkjewelry.com\/fr\/produit\/collier-ecailles\/#breadcrumb","itemListElement":[{"@type":"ListItem","position":1,"name":"Accueil","item":"https:\/\/rainbowkjewelry.com\/fr\/"},{"@type":"ListItem","position":2,"name":"Boutique","item":"https:\/\/rainbowkjewelry.com\/fr\/boutique\/"},{"@type":"ListItem","position":3,"name":"COLLIER ECAILLES"}]},{"@type":"WebSite","@id":"https:\/\/rainbowkjewelry.com\/fr\/#website","url":"https:\/\/rainbowkjewelry.com\/fr\/","name":"Rainbow K","description":"","publisher":{"@id":"https:\/\/rainbowkjewelry.com\/fr\/#organization"},"potentialAction":[{"@type":"SearchAction","target":{"@type":"EntryPoint","urlTemplate":"https:\/\/rainbowkjewelry.com\/fr\/?s={search_term_string}"},"query-input":{"@type":"PropertyValueSpecification","valueRequired":true,"valueName":"search_term_string"}}],"inLanguage":"fr-FR"},{"@type":"Organization","@id":"https:\/\/rainbowkjewelry.com\/fr\/#organization","name":"Rainbow K","url":"https:\/\/rainbowkjewelry.com\/fr\/","logo":{"@type":"ImageObject","inLanguage":"fr-FR","@id":"https:\/\/rainbowkjewelry.com\/fr\/#\/schema\/logo\/image\/","url":"https:\/\/rainbowkjewelry.com\/wp-content\/uploads\/2023\/01\/DARK_LOGO_RAINBOW_K.png","contentUrl":"https:\/\/rainbowkjewelry.com\/wp-content\/uploads\/2023\/01\/DARK_LOGO_RAINBOW_K.png","width":1392,"height":451,"caption":"Rainbow K"},"image":{"@id":"https:\/\/rainbowkjewelry.com\/fr\/#\/schema\/logo\/image\/"},"sameAs":["https:\/\/www.instagram.com\/rainbowkjewelry\/"]}]}},"_links":{"self":[{"href":"https:\/\/rainbowkjewelry.com\/fr\/wp-json\/wp\/v2\/product\/24311","targetHints":{"allow":["GET"]}}],"collection":[{"href":"https:\/\/rainbowkjewelry.com\/fr\/wp-json\/wp\/v2\/product"}],"about":[{"href":"https:\/\/rainbowkjewelry.com\/fr\/wp-json\/wp\/v2\/types\/product"}],"wp:featuredmedia":[{"embeddable":true,"href":"https:\/\/rainbowkjewelry.com\/fr\/wp-json\/wp\/v2\/media\/22068"}],"wp:attachment":[{"href":"https:\/\/rainbowkjewelry.com\/fr\/wp-json\/wp\/v2\/media?parent=24311"}],"wp:term":[{"taxonomy":"product_brand","embeddable":true,"href":"https:\/\/rainbowkjewelry.com\/fr\/wp-json\/wp\/v2\/product_brand?post=24311"},{"taxonomy":"product_cat","embeddable":true,"href":"https:\/\/rainbowkjewelry.com\/fr\/wp-json\/wp\/v2\/product_cat?post=24311"},{"taxonomy":"product_tag","embeddable":true,"href":"https:\/\/rainbowkjewelry.com\/fr\/wp-json\/wp\/v2\/product_tag?post=24311"}],"curies":[{"name":"wp","href":"https:\/\/api.w.org\/{rel}","templated":true}]}}