{"id":24119,"date":"2023-12-26T18:15:24","date_gmt":"2023-12-26T16:15:24","guid":{"rendered":"https:\/\/rainbowkjewelry.com\/produit\/ring-rainbow-white-striated\/"},"modified":"2024-12-03T17:35:03","modified_gmt":"2024-12-03T15:35:03","slug":"bague-rainbow-diamants-blancs-striee","status":"publish","type":"product","link":"https:\/\/rainbowkjewelry.com\/fr\/produit\/bague-rainbow-diamants-blancs-striee\/","title":{"rendered":"BAGUE RAINBOW DIAMANTS BLANCS  &#038; STRI\u00c9E"},"content":{"rendered":"","protected":false},"excerpt":{"rendered":"<p>Mat\u00e9riel: OR 14K<br \/>\nPierres: Diamants blancs 0,27cts<\/p>\n<p>La bague Rainbow refl\u00e8te l&rsquo;originalit\u00e9 de la marque et la possibilit\u00e9 de cr\u00e9er sa propre bague gr\u00e2ce \u00e0 l&rsquo;accumulation de plusieurs bagues. Toutes les bagues peuvent s&rsquo;assembler et se m\u00e9langer.<\/p>\n<p>Set de trois bagues<\/p>\n","protected":false},"featured_media":22318,"template":"","meta":[],"product_brand":[],"product_cat":[315,281,318],"product_tag":[],"class_list":{"0":"post-24119","1":"product","2":"type-product","3":"status-publish","4":"has-post-thumbnail","6":"product_cat-bagues","7":"product_cat-signature-fr","8":"product_cat-tous-les-produits","10":"first","11":"instock","12":"taxable","13":"shipping-taxable","14":"purchasable","15":"product-type-variable"},"acf":[],"yoast_head":"<!-- This site is optimized with the Yoast SEO plugin v27.2 - https:\/\/yoast.com\/product\/yoast-seo-wordpress\/ -->\n<title>BAGUE RAINBOW DIAMANTS BLANCS &amp; STRI\u00c9E - Rainbow K<\/title>\n<meta name=\"robots\" content=\"index, follow, max-snippet:-1, max-image-preview:large, max-video-preview:-1\" \/>\n<link rel=\"canonical\" href=\"https:\/\/rainbowkjewelry.com\/fr\/produit\/bague-rainbow-diamants-blancs-striee\/\" \/>\n<meta property=\"og:locale\" content=\"fr_FR\" \/>\n<meta property=\"og:type\" content=\"article\" \/>\n<meta property=\"og:title\" content=\"BAGUE RAINBOW DIAMANTS BLANCS &amp; STRI\u00c9E - Rainbow K\" \/>\n<meta property=\"og:description\" content=\"Mat\u00e9riel: OR 14K Pierres: Diamants blancs 0,27cts  La bague Rainbow refl\u00e8te l&#039;originalit\u00e9 de la marque et la possibilit\u00e9 de cr\u00e9er sa propre bague gr\u00e2ce \u00e0 l&#039;accumulation de plusieurs bagues. Toutes les bagues peuvent s&#039;assembler et se m\u00e9langer.  Set de trois bagues\" \/>\n<meta property=\"og:url\" content=\"https:\/\/rainbowkjewelry.com\/fr\/produit\/bague-rainbow-diamants-blancs-striee\/\" \/>\n<meta property=\"og:site_name\" content=\"Rainbow K\" \/>\n<meta property=\"article:modified_time\" content=\"2024-12-03T15:35:03+00:00\" \/>\n<meta property=\"og:image\" content=\"https:\/\/rainbowkjewelry.com\/wp-content\/uploads\/2023\/12\/1J-2BD-3JS-small.jpg\" \/>\n\t<meta property=\"og:image:width\" content=\"1200\" \/>\n\t<meta property=\"og:image:height\" content=\"1200\" \/>\n\t<meta property=\"og:image:type\" content=\"image\/jpeg\" \/>\n<meta name=\"twitter:card\" content=\"summary_large_image\" \/>\n<meta name=\"twitter:label1\" content=\"Dur\u00e9e de lecture estim\u00e9e\" \/>\n\t<meta name=\"twitter:data1\" content=\"1 minute\" \/>\n<script type=\"application\/ld+json\" class=\"yoast-schema-graph\">{\"@context\":\"https:\/\/schema.org\",\"@graph\":[{\"@type\":\"WebPage\",\"@id\":\"https:\/\/rainbowkjewelry.com\/fr\/produit\/bague-rainbow-diamants-blancs-striee\/\",\"url\":\"https:\/\/rainbowkjewelry.com\/fr\/produit\/bague-rainbow-diamants-blancs-striee\/\",\"name\":\"BAGUE RAINBOW DIAMANTS BLANCS & STRI\u00c9E - Rainbow K\",\"isPartOf\":{\"@id\":\"https:\/\/rainbowkjewelry.com\/fr\/#website\"},\"primaryImageOfPage\":{\"@id\":\"https:\/\/rainbowkjewelry.com\/fr\/produit\/bague-rainbow-diamants-blancs-striee\/#primaryimage\"},\"image\":{\"@id\":\"https:\/\/rainbowkjewelry.com\/fr\/produit\/bague-rainbow-diamants-blancs-striee\/#primaryimage\"},\"thumbnailUrl\":\"https:\/\/rainbowkjewelry.com\/wp-content\/uploads\/2023\/12\/1J-2BD-3JS-small.jpg\",\"datePublished\":\"2023-12-26T16:15:24+00:00\",\"dateModified\":\"2024-12-03T15:35:03+00:00\",\"breadcrumb\":{\"@id\":\"https:\/\/rainbowkjewelry.com\/fr\/produit\/bague-rainbow-diamants-blancs-striee\/#breadcrumb\"},\"inLanguage\":\"fr-FR\",\"potentialAction\":[{\"@type\":\"ReadAction\",\"target\":[\"https:\/\/rainbowkjewelry.com\/fr\/produit\/bague-rainbow-diamants-blancs-striee\/\"]}]},{\"@type\":\"ImageObject\",\"inLanguage\":\"fr-FR\",\"@id\":\"https:\/\/rainbowkjewelry.com\/fr\/produit\/bague-rainbow-diamants-blancs-striee\/#primaryimage\",\"url\":\"https:\/\/rainbowkjewelry.com\/wp-content\/uploads\/2023\/12\/1J-2BD-3JS-small.jpg\",\"contentUrl\":\"https:\/\/rainbowkjewelry.com\/wp-content\/uploads\/2023\/12\/1J-2BD-3JS-small.jpg\",\"width\":1200,\"height\":1200},{\"@type\":\"BreadcrumbList\",\"@id\":\"https:\/\/rainbowkjewelry.com\/fr\/produit\/bague-rainbow-diamants-blancs-striee\/#breadcrumb\",\"itemListElement\":[{\"@type\":\"ListItem\",\"position\":1,\"name\":\"Accueil\",\"item\":\"https:\/\/rainbowkjewelry.com\/fr\/\"},{\"@type\":\"ListItem\",\"position\":2,\"name\":\"Boutique\",\"item\":\"https:\/\/rainbowkjewelry.com\/fr\/boutique\/\"},{\"@type\":\"ListItem\",\"position\":3,\"name\":\"BAGUE RAINBOW DIAMANTS BLANCS &#038; STRI\u00c9E\"}]},{\"@type\":\"WebSite\",\"@id\":\"https:\/\/rainbowkjewelry.com\/fr\/#website\",\"url\":\"https:\/\/rainbowkjewelry.com\/fr\/\",\"name\":\"Rainbow K\",\"description\":\"\",\"publisher\":{\"@id\":\"https:\/\/rainbowkjewelry.com\/fr\/#organization\"},\"potentialAction\":[{\"@type\":\"SearchAction\",\"target\":{\"@type\":\"EntryPoint\",\"urlTemplate\":\"https:\/\/rainbowkjewelry.com\/fr\/?s={search_term_string}\"},\"query-input\":{\"@type\":\"PropertyValueSpecification\",\"valueRequired\":true,\"valueName\":\"search_term_string\"}}],\"inLanguage\":\"fr-FR\"},{\"@type\":\"Organization\",\"@id\":\"https:\/\/rainbowkjewelry.com\/fr\/#organization\",\"name\":\"Rainbow K\",\"url\":\"https:\/\/rainbowkjewelry.com\/fr\/\",\"logo\":{\"@type\":\"ImageObject\",\"inLanguage\":\"fr-FR\",\"@id\":\"https:\/\/rainbowkjewelry.com\/fr\/#\/schema\/logo\/image\/\",\"url\":\"https:\/\/rainbowkjewelry.com\/wp-content\/uploads\/2023\/01\/DARK_LOGO_RAINBOW_K.png\",\"contentUrl\":\"https:\/\/rainbowkjewelry.com\/wp-content\/uploads\/2023\/01\/DARK_LOGO_RAINBOW_K.png\",\"width\":1392,\"height\":451,\"caption\":\"Rainbow K\"},\"image\":{\"@id\":\"https:\/\/rainbowkjewelry.com\/fr\/#\/schema\/logo\/image\/\"},\"sameAs\":[\"https:\/\/www.instagram.com\/rainbowkjewelry\/\"]}]}<\/script>\n<!-- \/ Yoast SEO plugin. -->","yoast_head_json":{"title":"BAGUE RAINBOW DIAMANTS BLANCS & STRI\u00c9E - Rainbow K","robots":{"index":"index","follow":"follow","max-snippet":"max-snippet:-1","max-image-preview":"max-image-preview:large","max-video-preview":"max-video-preview:-1"},"canonical":"https:\/\/rainbowkjewelry.com\/fr\/produit\/bague-rainbow-diamants-blancs-striee\/","og_locale":"fr_FR","og_type":"article","og_title":"BAGUE RAINBOW DIAMANTS BLANCS & STRI\u00c9E - Rainbow K","og_description":"Mat\u00e9riel: OR 14K Pierres: Diamants blancs 0,27cts  La bague Rainbow refl\u00e8te l'originalit\u00e9 de la marque et la possibilit\u00e9 de cr\u00e9er sa propre bague gr\u00e2ce \u00e0 l'accumulation de plusieurs bagues. Toutes les bagues peuvent s'assembler et se m\u00e9langer.  Set de trois bagues","og_url":"https:\/\/rainbowkjewelry.com\/fr\/produit\/bague-rainbow-diamants-blancs-striee\/","og_site_name":"Rainbow K","article_modified_time":"2024-12-03T15:35:03+00:00","og_image":[{"width":1200,"height":1200,"url":"https:\/\/rainbowkjewelry.com\/wp-content\/uploads\/2023\/12\/1J-2BD-3JS-small.jpg","type":"image\/jpeg"}],"twitter_card":"summary_large_image","twitter_misc":{"Dur\u00e9e de lecture estim\u00e9e":"1 minute"},"schema":{"@context":"https:\/\/schema.org","@graph":[{"@type":"WebPage","@id":"https:\/\/rainbowkjewelry.com\/fr\/produit\/bague-rainbow-diamants-blancs-striee\/","url":"https:\/\/rainbowkjewelry.com\/fr\/produit\/bague-rainbow-diamants-blancs-striee\/","name":"BAGUE RAINBOW DIAMANTS BLANCS & STRI\u00c9E - Rainbow K","isPartOf":{"@id":"https:\/\/rainbowkjewelry.com\/fr\/#website"},"primaryImageOfPage":{"@id":"https:\/\/rainbowkjewelry.com\/fr\/produit\/bague-rainbow-diamants-blancs-striee\/#primaryimage"},"image":{"@id":"https:\/\/rainbowkjewelry.com\/fr\/produit\/bague-rainbow-diamants-blancs-striee\/#primaryimage"},"thumbnailUrl":"https:\/\/rainbowkjewelry.com\/wp-content\/uploads\/2023\/12\/1J-2BD-3JS-small.jpg","datePublished":"2023-12-26T16:15:24+00:00","dateModified":"2024-12-03T15:35:03+00:00","breadcrumb":{"@id":"https:\/\/rainbowkjewelry.com\/fr\/produit\/bague-rainbow-diamants-blancs-striee\/#breadcrumb"},"inLanguage":"fr-FR","potentialAction":[{"@type":"ReadAction","target":["https:\/\/rainbowkjewelry.com\/fr\/produit\/bague-rainbow-diamants-blancs-striee\/"]}]},{"@type":"ImageObject","inLanguage":"fr-FR","@id":"https:\/\/rainbowkjewelry.com\/fr\/produit\/bague-rainbow-diamants-blancs-striee\/#primaryimage","url":"https:\/\/rainbowkjewelry.com\/wp-content\/uploads\/2023\/12\/1J-2BD-3JS-small.jpg","contentUrl":"https:\/\/rainbowkjewelry.com\/wp-content\/uploads\/2023\/12\/1J-2BD-3JS-small.jpg","width":1200,"height":1200},{"@type":"BreadcrumbList","@id":"https:\/\/rainbowkjewelry.com\/fr\/produit\/bague-rainbow-diamants-blancs-striee\/#breadcrumb","itemListElement":[{"@type":"ListItem","position":1,"name":"Accueil","item":"https:\/\/rainbowkjewelry.com\/fr\/"},{"@type":"ListItem","position":2,"name":"Boutique","item":"https:\/\/rainbowkjewelry.com\/fr\/boutique\/"},{"@type":"ListItem","position":3,"name":"BAGUE RAINBOW DIAMANTS BLANCS &#038; STRI\u00c9E"}]},{"@type":"WebSite","@id":"https:\/\/rainbowkjewelry.com\/fr\/#website","url":"https:\/\/rainbowkjewelry.com\/fr\/","name":"Rainbow K","description":"","publisher":{"@id":"https:\/\/rainbowkjewelry.com\/fr\/#organization"},"potentialAction":[{"@type":"SearchAction","target":{"@type":"EntryPoint","urlTemplate":"https:\/\/rainbowkjewelry.com\/fr\/?s={search_term_string}"},"query-input":{"@type":"PropertyValueSpecification","valueRequired":true,"valueName":"search_term_string"}}],"inLanguage":"fr-FR"},{"@type":"Organization","@id":"https:\/\/rainbowkjewelry.com\/fr\/#organization","name":"Rainbow K","url":"https:\/\/rainbowkjewelry.com\/fr\/","logo":{"@type":"ImageObject","inLanguage":"fr-FR","@id":"https:\/\/rainbowkjewelry.com\/fr\/#\/schema\/logo\/image\/","url":"https:\/\/rainbowkjewelry.com\/wp-content\/uploads\/2023\/01\/DARK_LOGO_RAINBOW_K.png","contentUrl":"https:\/\/rainbowkjewelry.com\/wp-content\/uploads\/2023\/01\/DARK_LOGO_RAINBOW_K.png","width":1392,"height":451,"caption":"Rainbow K"},"image":{"@id":"https:\/\/rainbowkjewelry.com\/fr\/#\/schema\/logo\/image\/"},"sameAs":["https:\/\/www.instagram.com\/rainbowkjewelry\/"]}]}},"_links":{"self":[{"href":"https:\/\/rainbowkjewelry.com\/fr\/wp-json\/wp\/v2\/product\/24119","targetHints":{"allow":["GET"]}}],"collection":[{"href":"https:\/\/rainbowkjewelry.com\/fr\/wp-json\/wp\/v2\/product"}],"about":[{"href":"https:\/\/rainbowkjewelry.com\/fr\/wp-json\/wp\/v2\/types\/product"}],"wp:featuredmedia":[{"embeddable":true,"href":"https:\/\/rainbowkjewelry.com\/fr\/wp-json\/wp\/v2\/media\/22318"}],"wp:attachment":[{"href":"https:\/\/rainbowkjewelry.com\/fr\/wp-json\/wp\/v2\/media?parent=24119"}],"wp:term":[{"taxonomy":"product_brand","embeddable":true,"href":"https:\/\/rainbowkjewelry.com\/fr\/wp-json\/wp\/v2\/product_brand?post=24119"},{"taxonomy":"product_cat","embeddable":true,"href":"https:\/\/rainbowkjewelry.com\/fr\/wp-json\/wp\/v2\/product_cat?post=24119"},{"taxonomy":"product_tag","embeddable":true,"href":"https:\/\/rainbowkjewelry.com\/fr\/wp-json\/wp\/v2\/product_tag?post=24119"}],"curies":[{"name":"wp","href":"https:\/\/api.w.org\/{rel}","templated":true}]}}