{"id":34592,"date":"2022-09-06T17:05:49","date_gmt":"2022-09-06T15:05:49","guid":{"rendered":"https:\/\/rainbowkjewelry.com\/about\/"},"modified":"2024-12-05T11:25:13","modified_gmt":"2024-12-05T09:25:13","slug":"about","status":"publish","type":"page","link":"https:\/\/rainbowkjewelry.com\/fr\/about\/","title":{"rendered":"About"},"content":{"rendered":"\t\t<div data-elementor-type=\"wp-page\" data-elementor-id=\"34592\" class=\"elementor elementor-34592 elementor-432\" data-elementor-settings=\"{&quot;ha_cmc_init_switcher&quot;:&quot;no&quot;}\" data-elementor-post-type=\"page\">\n\t\t\t\t\t\t<section class=\"elementor-section elementor-top-section elementor-element elementor-element-be1520c elementor-section-boxed elementor-section-height-default elementor-section-height-default\" data-id=\"be1520c\" data-element_type=\"section\" data-e-type=\"section\" data-settings=\"{&quot;background_background&quot;:&quot;classic&quot;,&quot;_ha_eqh_enable&quot;:false}\">\n\t\t\t\t\t\t<div class=\"elementor-container elementor-column-gap-default\">\n\t\t\t\t\t<div class=\"elementor-column elementor-col-100 elementor-top-column elementor-element elementor-element-b1ce1e3\" data-id=\"b1ce1e3\" data-element_type=\"column\" data-e-type=\"column\">\n\t\t\t<div class=\"elementor-widget-wrap elementor-element-populated\">\n\t\t\t\t\t\t<section class=\"elementor-section elementor-inner-section elementor-element elementor-element-0192be0 elementor-section-boxed elementor-section-height-default elementor-section-height-default\" data-id=\"0192be0\" data-element_type=\"section\" data-e-type=\"section\" data-settings=\"{&quot;_ha_eqh_enable&quot;:false}\">\n\t\t\t\t\t\t<div class=\"elementor-container elementor-column-gap-default\">\n\t\t\t\t\t<div class=\"elementor-column elementor-col-50 elementor-inner-column elementor-element elementor-element-26dfb4e\" data-id=\"26dfb4e\" data-element_type=\"column\" data-e-type=\"column\" data-settings=\"{&quot;background_background&quot;:&quot;classic&quot;}\">\n\t\t\t<div class=\"elementor-widget-wrap elementor-element-populated\">\n\t\t\t\t\t\t<div class=\"elementor-element elementor-element-17c9cbf elementor-widget elementor-widget-spacer\" data-id=\"17c9cbf\" data-element_type=\"widget\" data-e-type=\"widget\" data-widget_type=\"spacer.default\">\n\t\t\t\t<div class=\"elementor-widget-container\">\n\t\t\t\t\t\t\t<div class=\"elementor-spacer\">\n\t\t\t<div class=\"elementor-spacer-inner\"><\/div>\n\t\t<\/div>\n\t\t\t\t\t\t<\/div>\n\t\t\t\t<\/div>\n\t\t\t\t\t<\/div>\n\t\t<\/div>\n\t\t\t\t<div class=\"elementor-column elementor-col-50 elementor-inner-column elementor-element elementor-element-1ddffbc\" data-id=\"1ddffbc\" data-element_type=\"column\" data-e-type=\"column\" data-settings=\"{&quot;background_background&quot;:&quot;classic&quot;}\">\n\t\t\t<div class=\"elementor-widget-wrap elementor-element-populated\">\n\t\t\t\t\t\t<div class=\"elementor-element elementor-element-b65f77b elementor-widget elementor-widget-text-editor\" data-id=\"b65f77b\" data-element_type=\"widget\" data-e-type=\"widget\" data-widget_type=\"text-editor.default\">\n\t\t\t\t<div class=\"elementor-widget-container\">\n\t\t\t\t\t\t\t\t\t<p>La marque Rainbow K Jewelry cr\u00e9e des pi\u00e8ces intemporelles qui allient accessoires du quotidien et \u00e9l\u00e9ments de d\u00e9claration, permettant aux femmes de s\u2019illustrer avec \u00e9l\u00e9gance en toute occasion.<\/p><p>La signature de Rainbow K repose sur un design innovant et visionnaire. Les deux fondatrices de la marque partagent une passion commune pour la joaillerie.<\/p><p>Kelia Toledano, passionn\u00e9e de mode et toujours \u00e0 l\u2019avant-garde, cultive un go\u00fbt unique pour le style ainsi que pour les bijoux, inspir\u00e9e par les univers art d\u00e9co et rock. Elle excelle dans la cr\u00e9ation des collections RK et veille \u00e0 la direction artistique de la marque.<\/p><p>Kelly Souied, gemmologue, admire la haute joaillerie depuis son enfance. Elle attache une grande importance au choix des diamants et des pierres pr\u00e9cieuses, garantissant ainsi la qualit\u00e9 des bijoux Rainbow K. Son sens esth\u00e9tique l\u2019a pouss\u00e9e \u00e0 r\u00e9aliser son r\u00eave de cr\u00e9er une ligne de bijoux prestigieuse.<\/p><p>Rainbow K est le fruit d\u2019une fusion d\u2019inspiration et de passion entre ces deux jeunes Parisiennes. Leur collection de haute joaillerie marie puret\u00e9 et motifs complexes, red\u00e9finissant l\u2019assemblage des mat\u00e9riaux pour transcender le classicisme et offrir de nouvelles alternatives stylistiques dans un esprit Art D\u00e9co o\u00f9 vintage et modernit\u00e9 se rencontrent.<\/p><p>Leurs voyages ont nourri leur cr\u00e9ativit\u00e9, les incitant \u00e0 innover en associant le diamant \u00e0 des pierres nobles telles que le saphir, l\u2019\u00e9meraude, la perle ou l\u2019onyx. Leur admiration pour l\u2019esprit vintage les a conduit \u00e0 concevoir des mod\u00e8les uniques, avec des montures et un design atypique. Les collections se distinguent par des pi\u00e8ces iconiques, chacune dot\u00e9e d\u2019une identit\u00e9 forte.<\/p><p>Adeptes de la perfection dans le processus de production, Rainbow K a choisi un atelier parisien r\u00e9put\u00e9 pour son savoir-faire in\u00e9gal\u00e9.<\/p><p>Les bijoux Rainbow K sont con\u00e7us pour \u00eatre transmis de g\u00e9n\u00e9ration en g\u00e9n\u00e9ration et sont destin\u00e9s \u00e0 \u00eatre port\u00e9s au quotidien, car pour Kelia et Kelly, les bijoux repr\u00e9sentent l\u2019accessoire de mode par excellence.<\/p><p>\u00ab Il n\u2019y a pas d\u2019amour, seulement des preuves d\u2019amour. \u00bb <br \/>\u2014 Jean Cocteau<\/p>\t\t\t\t\t\t\t\t<\/div>\n\t\t\t\t<\/div>\n\t\t\t\t\t<\/div>\n\t\t<\/div>\n\t\t\t\t\t<\/div>\n\t\t<\/section>\n\t\t\t\t\t<\/div>\n\t\t<\/div>\n\t\t\t\t\t<\/div>\n\t\t<\/section>\n\t\t\t\t<\/div>\n\t\t","protected":false},"excerpt":{"rendered":"<p>La marque Rainbow K Jewelry cr\u00e9e des pi\u00e8ces intemporelles qui allient accessoires du quotidien et \u00e9l\u00e9ments de d\u00e9claration, permettant aux\u2026<\/p>\n","protected":false},"author":2,"featured_media":0,"parent":0,"menu_order":0,"comment_status":"closed","ping_status":"closed","template":"elementor_header_footer","meta":{"footnotes":""},"class_list":["post-34592","page","type-page","status-publish","hentry"],"acf":[],"yoast_head":"<!-- This site is optimized with the Yoast SEO plugin v27.2 - https:\/\/yoast.com\/product\/yoast-seo-wordpress\/ -->\n<title>About - Rainbow K<\/title>\n<meta name=\"robots\" content=\"index, follow, max-snippet:-1, max-image-preview:large, max-video-preview:-1\" \/>\n<link rel=\"canonical\" href=\"https:\/\/rainbowkjewelry.com\/fr\/about\/\" \/>\n<meta property=\"og:locale\" content=\"fr_FR\" \/>\n<meta property=\"og:type\" content=\"article\" \/>\n<meta property=\"og:title\" content=\"About - Rainbow K\" \/>\n<meta property=\"og:description\" content=\"La marque Rainbow K Jewelry cr\u00e9e des pi\u00e8ces intemporelles qui allient accessoires du quotidien et \u00e9l\u00e9ments de d\u00e9claration, permettant aux\u2026\" \/>\n<meta property=\"og:url\" content=\"https:\/\/rainbowkjewelry.com\/fr\/about\/\" \/>\n<meta property=\"og:site_name\" content=\"Rainbow K\" \/>\n<meta property=\"article:modified_time\" content=\"2024-12-05T09:25:13+00:00\" \/>\n<meta name=\"twitter:card\" content=\"summary_large_image\" \/>\n<meta name=\"twitter:label1\" content=\"Dur\u00e9e de lecture estim\u00e9e\" \/>\n\t<meta name=\"twitter:data1\" content=\"2 minutes\" \/>\n<script type=\"application\/ld+json\" class=\"yoast-schema-graph\">{\"@context\":\"https:\/\/schema.org\",\"@graph\":[{\"@type\":\"WebPage\",\"@id\":\"https:\/\/rainbowkjewelry.com\/fr\/about\/\",\"url\":\"https:\/\/rainbowkjewelry.com\/fr\/about\/\",\"name\":\"About - Rainbow K\",\"isPartOf\":{\"@id\":\"https:\/\/rainbowkjewelry.com\/fr\/#website\"},\"datePublished\":\"2022-09-06T15:05:49+00:00\",\"dateModified\":\"2024-12-05T09:25:13+00:00\",\"breadcrumb\":{\"@id\":\"https:\/\/rainbowkjewelry.com\/fr\/about\/#breadcrumb\"},\"inLanguage\":\"fr-FR\",\"potentialAction\":[{\"@type\":\"ReadAction\",\"target\":[\"https:\/\/rainbowkjewelry.com\/fr\/about\/\"]}]},{\"@type\":\"BreadcrumbList\",\"@id\":\"https:\/\/rainbowkjewelry.com\/fr\/about\/#breadcrumb\",\"itemListElement\":[{\"@type\":\"ListItem\",\"position\":1,\"name\":\"Accueil\",\"item\":\"https:\/\/rainbowkjewelry.com\/fr\/\"},{\"@type\":\"ListItem\",\"position\":2,\"name\":\"About\"}]},{\"@type\":\"WebSite\",\"@id\":\"https:\/\/rainbowkjewelry.com\/fr\/#website\",\"url\":\"https:\/\/rainbowkjewelry.com\/fr\/\",\"name\":\"Rainbow K\",\"description\":\"\",\"publisher\":{\"@id\":\"https:\/\/rainbowkjewelry.com\/fr\/#organization\"},\"potentialAction\":[{\"@type\":\"SearchAction\",\"target\":{\"@type\":\"EntryPoint\",\"urlTemplate\":\"https:\/\/rainbowkjewelry.com\/fr\/?s={search_term_string}\"},\"query-input\":{\"@type\":\"PropertyValueSpecification\",\"valueRequired\":true,\"valueName\":\"search_term_string\"}}],\"inLanguage\":\"fr-FR\"},{\"@type\":\"Organization\",\"@id\":\"https:\/\/rainbowkjewelry.com\/fr\/#organization\",\"name\":\"Rainbow K\",\"url\":\"https:\/\/rainbowkjewelry.com\/fr\/\",\"logo\":{\"@type\":\"ImageObject\",\"inLanguage\":\"fr-FR\",\"@id\":\"https:\/\/rainbowkjewelry.com\/fr\/#\/schema\/logo\/image\/\",\"url\":\"https:\/\/rainbowkjewelry.com\/wp-content\/uploads\/2023\/01\/DARK_LOGO_RAINBOW_K.png\",\"contentUrl\":\"https:\/\/rainbowkjewelry.com\/wp-content\/uploads\/2023\/01\/DARK_LOGO_RAINBOW_K.png\",\"width\":1392,\"height\":451,\"caption\":\"Rainbow K\"},\"image\":{\"@id\":\"https:\/\/rainbowkjewelry.com\/fr\/#\/schema\/logo\/image\/\"},\"sameAs\":[\"https:\/\/www.instagram.com\/rainbowkjewelry\/\"]}]}<\/script>\n<!-- \/ Yoast SEO plugin. -->","yoast_head_json":{"title":"About - Rainbow K","robots":{"index":"index","follow":"follow","max-snippet":"max-snippet:-1","max-image-preview":"max-image-preview:large","max-video-preview":"max-video-preview:-1"},"canonical":"https:\/\/rainbowkjewelry.com\/fr\/about\/","og_locale":"fr_FR","og_type":"article","og_title":"About - Rainbow K","og_description":"La marque Rainbow K Jewelry cr\u00e9e des pi\u00e8ces intemporelles qui allient accessoires du quotidien et \u00e9l\u00e9ments de d\u00e9claration, permettant aux\u2026","og_url":"https:\/\/rainbowkjewelry.com\/fr\/about\/","og_site_name":"Rainbow K","article_modified_time":"2024-12-05T09:25:13+00:00","twitter_card":"summary_large_image","twitter_misc":{"Dur\u00e9e de lecture estim\u00e9e":"2 minutes"},"schema":{"@context":"https:\/\/schema.org","@graph":[{"@type":"WebPage","@id":"https:\/\/rainbowkjewelry.com\/fr\/about\/","url":"https:\/\/rainbowkjewelry.com\/fr\/about\/","name":"About - Rainbow K","isPartOf":{"@id":"https:\/\/rainbowkjewelry.com\/fr\/#website"},"datePublished":"2022-09-06T15:05:49+00:00","dateModified":"2024-12-05T09:25:13+00:00","breadcrumb":{"@id":"https:\/\/rainbowkjewelry.com\/fr\/about\/#breadcrumb"},"inLanguage":"fr-FR","potentialAction":[{"@type":"ReadAction","target":["https:\/\/rainbowkjewelry.com\/fr\/about\/"]}]},{"@type":"BreadcrumbList","@id":"https:\/\/rainbowkjewelry.com\/fr\/about\/#breadcrumb","itemListElement":[{"@type":"ListItem","position":1,"name":"Accueil","item":"https:\/\/rainbowkjewelry.com\/fr\/"},{"@type":"ListItem","position":2,"name":"About"}]},{"@type":"WebSite","@id":"https:\/\/rainbowkjewelry.com\/fr\/#website","url":"https:\/\/rainbowkjewelry.com\/fr\/","name":"Rainbow K","description":"","publisher":{"@id":"https:\/\/rainbowkjewelry.com\/fr\/#organization"},"potentialAction":[{"@type":"SearchAction","target":{"@type":"EntryPoint","urlTemplate":"https:\/\/rainbowkjewelry.com\/fr\/?s={search_term_string}"},"query-input":{"@type":"PropertyValueSpecification","valueRequired":true,"valueName":"search_term_string"}}],"inLanguage":"fr-FR"},{"@type":"Organization","@id":"https:\/\/rainbowkjewelry.com\/fr\/#organization","name":"Rainbow K","url":"https:\/\/rainbowkjewelry.com\/fr\/","logo":{"@type":"ImageObject","inLanguage":"fr-FR","@id":"https:\/\/rainbowkjewelry.com\/fr\/#\/schema\/logo\/image\/","url":"https:\/\/rainbowkjewelry.com\/wp-content\/uploads\/2023\/01\/DARK_LOGO_RAINBOW_K.png","contentUrl":"https:\/\/rainbowkjewelry.com\/wp-content\/uploads\/2023\/01\/DARK_LOGO_RAINBOW_K.png","width":1392,"height":451,"caption":"Rainbow K"},"image":{"@id":"https:\/\/rainbowkjewelry.com\/fr\/#\/schema\/logo\/image\/"},"sameAs":["https:\/\/www.instagram.com\/rainbowkjewelry\/"]}]}},"_links":{"self":[{"href":"https:\/\/rainbowkjewelry.com\/fr\/wp-json\/wp\/v2\/pages\/34592","targetHints":{"allow":["GET"]}}],"collection":[{"href":"https:\/\/rainbowkjewelry.com\/fr\/wp-json\/wp\/v2\/pages"}],"about":[{"href":"https:\/\/rainbowkjewelry.com\/fr\/wp-json\/wp\/v2\/types\/page"}],"author":[{"embeddable":true,"href":"https:\/\/rainbowkjewelry.com\/fr\/wp-json\/wp\/v2\/users\/2"}],"replies":[{"embeddable":true,"href":"https:\/\/rainbowkjewelry.com\/fr\/wp-json\/wp\/v2\/comments?post=34592"}],"version-history":[{"count":18,"href":"https:\/\/rainbowkjewelry.com\/fr\/wp-json\/wp\/v2\/pages\/34592\/revisions"}],"predecessor-version":[{"id":34681,"href":"https:\/\/rainbowkjewelry.com\/fr\/wp-json\/wp\/v2\/pages\/34592\/revisions\/34681"}],"wp:attachment":[{"href":"https:\/\/rainbowkjewelry.com\/fr\/wp-json\/wp\/v2\/media?parent=34592"}],"curies":[{"name":"wp","href":"https:\/\/api.w.org\/{rel}","templated":true}]}}