{"id":23472,"date":"2023-01-10T13:17:05","date_gmt":"2023-01-10T11:17:05","guid":{"rendered":"https:\/\/rainbowkjewelry.com\/men\/"},"modified":"2024-04-18T16:17:04","modified_gmt":"2024-04-18T14:17:04","slug":"men","status":"publish","type":"page","link":"https:\/\/rainbowkjewelry.com\/fr\/men\/","title":{"rendered":"Men"},"content":{"rendered":"\t\t<div data-elementor-type=\"wp-page\" data-elementor-id=\"23472\" class=\"elementor elementor-23472 elementor-4949\" data-elementor-settings=\"{&quot;ha_cmc_init_switcher&quot;:&quot;no&quot;}\" data-elementor-post-type=\"page\">\n\t\t\t\t\t\t<section class=\"elementor-section elementor-top-section elementor-element elementor-element-a2973d9 elementor-section-boxed elementor-section-height-default elementor-section-height-default\" data-id=\"a2973d9\" data-element_type=\"section\" data-e-type=\"section\" data-settings=\"{&quot;_ha_eqh_enable&quot;:false}\">\n\t\t\t\t\t\t<div class=\"elementor-container elementor-column-gap-default\">\n\t\t\t\t\t<div class=\"elementor-column elementor-col-50 elementor-top-column elementor-element elementor-element-89ee98b\" data-id=\"89ee98b\" data-element_type=\"column\" data-e-type=\"column\">\n\t\t\t<div class=\"elementor-widget-wrap elementor-element-populated\">\n\t\t\t\t\t\t<div class=\"elementor-element elementor-element-0942775 elementor-widget elementor-widget-image\" data-id=\"0942775\" data-element_type=\"widget\" data-e-type=\"widget\" data-widget_type=\"image.default\">\n\t\t\t\t<div class=\"elementor-widget-container\">\n\t\t\t\t\t\t\t\t\t\t\t\t\t\t\t<img fetchpriority=\"high\" decoding=\"async\" width=\"590\" height=\"1024\" src=\"https:\/\/rainbowkjewelry.com\/wp-content\/uploads\/2023\/09\/Photos-a-dupliquer-en-deux-fois-en-tete-de-page-1-590x1024.jpeg\" class=\"attachment-large size-large wp-image-20961\" alt=\"\" srcset=\"https:\/\/rainbowkjewelry.com\/wp-content\/uploads\/2023\/09\/Photos-a-dupliquer-en-deux-fois-en-tete-de-page-1-590x1024.jpeg 590w, https:\/\/rainbowkjewelry.com\/wp-content\/uploads\/2023\/09\/Photos-a-dupliquer-en-deux-fois-en-tete-de-page-1-346x600.jpeg 346w, https:\/\/rainbowkjewelry.com\/wp-content\/uploads\/2023\/09\/Photos-a-dupliquer-en-deux-fois-en-tete-de-page-1-768x1332.jpeg 768w, https:\/\/rainbowkjewelry.com\/wp-content\/uploads\/2023\/09\/Photos-a-dupliquer-en-deux-fois-en-tete-de-page-1-886x1536.jpeg 886w, https:\/\/rainbowkjewelry.com\/wp-content\/uploads\/2023\/09\/Photos-a-dupliquer-en-deux-fois-en-tete-de-page-1-461x800.jpeg 461w, https:\/\/rainbowkjewelry.com\/wp-content\/uploads\/2023\/09\/Photos-a-dupliquer-en-deux-fois-en-tete-de-page-1-577x1000.jpeg 577w, https:\/\/rainbowkjewelry.com\/wp-content\/uploads\/2023\/09\/Photos-a-dupliquer-en-deux-fois-en-tete-de-page-1-600x1041.jpeg 600w, https:\/\/rainbowkjewelry.com\/wp-content\/uploads\/2023\/09\/Photos-a-dupliquer-en-deux-fois-en-tete-de-page-1.jpeg 1179w\" sizes=\"(max-width: 590px) 100vw, 590px\" \/>\t\t\t\t\t\t\t\t\t\t\t\t\t\t\t<\/div>\n\t\t\t\t<\/div>\n\t\t\t\t\t<\/div>\n\t\t<\/div>\n\t\t\t\t<div class=\"elementor-column elementor-col-50 elementor-top-column elementor-element elementor-element-db02833\" data-id=\"db02833\" data-element_type=\"column\" data-e-type=\"column\">\n\t\t\t<div class=\"elementor-widget-wrap elementor-element-populated\">\n\t\t\t\t\t\t<div class=\"elementor-element elementor-element-954c465 elementor-widget elementor-widget-image\" data-id=\"954c465\" data-element_type=\"widget\" data-e-type=\"widget\" data-widget_type=\"image.default\">\n\t\t\t\t<div class=\"elementor-widget-container\">\n\t\t\t\t\t\t\t\t\t\t\t\t\t\t\t<img fetchpriority=\"high\" decoding=\"async\" width=\"590\" height=\"1024\" src=\"https:\/\/rainbowkjewelry.com\/wp-content\/uploads\/2023\/09\/Photos-a-dupliquer-en-deux-fois-en-tete-de-page-1-590x1024.jpeg\" class=\"attachment-large size-large wp-image-20961\" alt=\"\" srcset=\"https:\/\/rainbowkjewelry.com\/wp-content\/uploads\/2023\/09\/Photos-a-dupliquer-en-deux-fois-en-tete-de-page-1-590x1024.jpeg 590w, https:\/\/rainbowkjewelry.com\/wp-content\/uploads\/2023\/09\/Photos-a-dupliquer-en-deux-fois-en-tete-de-page-1-346x600.jpeg 346w, https:\/\/rainbowkjewelry.com\/wp-content\/uploads\/2023\/09\/Photos-a-dupliquer-en-deux-fois-en-tete-de-page-1-768x1332.jpeg 768w, https:\/\/rainbowkjewelry.com\/wp-content\/uploads\/2023\/09\/Photos-a-dupliquer-en-deux-fois-en-tete-de-page-1-886x1536.jpeg 886w, https:\/\/rainbowkjewelry.com\/wp-content\/uploads\/2023\/09\/Photos-a-dupliquer-en-deux-fois-en-tete-de-page-1-461x800.jpeg 461w, https:\/\/rainbowkjewelry.com\/wp-content\/uploads\/2023\/09\/Photos-a-dupliquer-en-deux-fois-en-tete-de-page-1-577x1000.jpeg 577w, https:\/\/rainbowkjewelry.com\/wp-content\/uploads\/2023\/09\/Photos-a-dupliquer-en-deux-fois-en-tete-de-page-1-600x1041.jpeg 600w, https:\/\/rainbowkjewelry.com\/wp-content\/uploads\/2023\/09\/Photos-a-dupliquer-en-deux-fois-en-tete-de-page-1.jpeg 1179w\" sizes=\"(max-width: 590px) 100vw, 590px\" \/>\t\t\t\t\t\t\t\t\t\t\t\t\t\t\t<\/div>\n\t\t\t\t<\/div>\n\t\t\t\t\t<\/div>\n\t\t<\/div>\n\t\t\t\t\t<\/div>\n\t\t<\/section>\n\t\t\t\t<section class=\"elementor-section elementor-top-section elementor-element elementor-element-524813c elementor-section-boxed elementor-section-height-default elementor-section-height-default\" data-id=\"524813c\" data-element_type=\"section\" data-e-type=\"section\" data-settings=\"{&quot;_ha_eqh_enable&quot;:false}\">\n\t\t\t\t\t\t<div class=\"elementor-container elementor-column-gap-default\">\n\t\t\t\t\t<div class=\"elementor-column elementor-col-100 elementor-top-column elementor-element elementor-element-22bfeaa\" data-id=\"22bfeaa\" data-element_type=\"column\" data-e-type=\"column\">\n\t\t\t<div class=\"elementor-widget-wrap elementor-element-populated\">\n\t\t\t\t\t\t<div class=\"elementor-element elementor-element-3d7595b elementor-widget elementor-widget-text-editor\" data-id=\"3d7595b\" data-element_type=\"widget\" data-e-type=\"widget\" data-widget_type=\"text-editor.default\">\n\t\t\t\t<div class=\"elementor-widget-container\">\n\t\t\t\t\t\t\t\t\tPourquoi Kelia et Kelly ont-elles d\u00e9cid\u00e9 de cr\u00e9er une collection de bijoux pour hommes ?<br><br>\n\n\u00ab\u00a0Les bijoux sont aussi importants pour les hommes que pour les femmes. Les hommes accordent plus d&rsquo;attention \u00e0 leurs accessoires. De nos jours, les diamants ne sont plus r\u00e9serv\u00e9s aux femmes. Aujourd&rsquo;hui, les hommes aiment aussi porter des diamants.\nBeaucoup d&rsquo;hommes sont \u00e0 la t\u00eate des plus grandes maisons de luxe et ils ont beaucoup \u00e0 apprendre aux femmes !\nIl est temps de penser \u00e0 eux et de cr\u00e9er pour eux des bijoux parfaits. Les bijoux RK leur apporteront l&rsquo;accessoire de mode qui leur manque pour finaliser leur look parfait.\nIls pourront ainsi briller et porter des diamants avec \u00e9l\u00e9gance tout en donnant un c\u00f4t\u00e9 rock \u00e0 la mode\u00a0\u00bb.\t\t\t\t\t\t\t\t<\/div>\n\t\t\t\t<\/div>\n\t\t\t\t\t<\/div>\n\t\t<\/div>\n\t\t\t\t\t<\/div>\n\t\t<\/section>\n\t\t\t\t<section class=\"elementor-section elementor-top-section elementor-element elementor-element-06a0eee elementor-section-full_width elementor-section-height-default elementor-section-height-default\" data-id=\"06a0eee\" data-element_type=\"section\" data-e-type=\"section\" data-settings=\"{&quot;_ha_eqh_enable&quot;:false}\">\n\t\t\t\t\t\t<div class=\"elementor-container elementor-column-gap-default\">\n\t\t\t\t\t<div class=\"elementor-column elementor-col-33 elementor-top-column elementor-element elementor-element-95ba14c\" data-id=\"95ba14c\" data-element_type=\"column\" data-e-type=\"column\">\n\t\t\t<div class=\"elementor-widget-wrap elementor-element-populated\">\n\t\t\t\t\t\t<div class=\"elementor-element elementor-element-5a5ed59 elementor-widget elementor-widget-image\" data-id=\"5a5ed59\" data-element_type=\"widget\" data-e-type=\"widget\" data-widget_type=\"image.default\">\n\t\t\t\t<div class=\"elementor-widget-container\">\n\t\t\t\t\t\t\t\t\t\t\t\t\t\t\t<img decoding=\"async\" width=\"580\" height=\"1024\" src=\"https:\/\/rainbowkjewelry.com\/wp-content\/uploads\/2023\/09\/photo-produit-men-2-580x1024.jpg\" class=\"attachment-large size-large wp-image-20963\" alt=\"\" srcset=\"https:\/\/rainbowkjewelry.com\/wp-content\/uploads\/2023\/09\/photo-produit-men-2-580x1024.jpg 580w, https:\/\/rainbowkjewelry.com\/wp-content\/uploads\/2023\/09\/photo-produit-men-2-340x600.jpg 340w, https:\/\/rainbowkjewelry.com\/wp-content\/uploads\/2023\/09\/photo-produit-men-2-768x1355.jpg 768w, https:\/\/rainbowkjewelry.com\/wp-content\/uploads\/2023\/09\/photo-produit-men-2-871x1536.jpg 871w, https:\/\/rainbowkjewelry.com\/wp-content\/uploads\/2023\/09\/photo-produit-men-2-1161x2048.jpg 1161w, https:\/\/rainbowkjewelry.com\/wp-content\/uploads\/2023\/09\/photo-produit-men-2-453x800.jpg 453w, https:\/\/rainbowkjewelry.com\/wp-content\/uploads\/2023\/09\/photo-produit-men-2-567x1000.jpg 567w, https:\/\/rainbowkjewelry.com\/wp-content\/uploads\/2023\/09\/photo-produit-men-2-600x1059.jpg 600w, https:\/\/rainbowkjewelry.com\/wp-content\/uploads\/2023\/09\/photo-produit-men-2.jpg 1179w\" sizes=\"(max-width: 580px) 100vw, 580px\" \/>\t\t\t\t\t\t\t\t\t\t\t\t\t\t\t<\/div>\n\t\t\t\t<\/div>\n\t\t\t\t\t<\/div>\n\t\t<\/div>\n\t\t\t\t<div class=\"elementor-column elementor-col-33 elementor-top-column elementor-element elementor-element-21e48bb\" data-id=\"21e48bb\" data-element_type=\"column\" data-e-type=\"column\">\n\t\t\t<div class=\"elementor-widget-wrap elementor-element-populated\">\n\t\t\t\t\t\t<div class=\"elementor-element elementor-element-a82dce1 elementor-widget elementor-widget-image\" data-id=\"a82dce1\" data-element_type=\"widget\" data-e-type=\"widget\" data-widget_type=\"image.default\">\n\t\t\t\t<div class=\"elementor-widget-container\">\n\t\t\t\t\t\t\t\t\t\t\t\t\t\t\t<img decoding=\"async\" width=\"580\" height=\"1024\" src=\"https:\/\/rainbowkjewelry.com\/wp-content\/uploads\/2023\/09\/photo-produit-men-3-580x1024.jpg\" class=\"attachment-large size-large wp-image-20964\" alt=\"\" srcset=\"https:\/\/rainbowkjewelry.com\/wp-content\/uploads\/2023\/09\/photo-produit-men-3-580x1024.jpg 580w, https:\/\/rainbowkjewelry.com\/wp-content\/uploads\/2023\/09\/photo-produit-men-3-340x600.jpg 340w, https:\/\/rainbowkjewelry.com\/wp-content\/uploads\/2023\/09\/photo-produit-men-3-768x1355.jpg 768w, https:\/\/rainbowkjewelry.com\/wp-content\/uploads\/2023\/09\/photo-produit-men-3-871x1536.jpg 871w, https:\/\/rainbowkjewelry.com\/wp-content\/uploads\/2023\/09\/photo-produit-men-3-1161x2048.jpg 1161w, https:\/\/rainbowkjewelry.com\/wp-content\/uploads\/2023\/09\/photo-produit-men-3-453x800.jpg 453w, https:\/\/rainbowkjewelry.com\/wp-content\/uploads\/2023\/09\/photo-produit-men-3-567x1000.jpg 567w, https:\/\/rainbowkjewelry.com\/wp-content\/uploads\/2023\/09\/photo-produit-men-3-600x1059.jpg 600w, https:\/\/rainbowkjewelry.com\/wp-content\/uploads\/2023\/09\/photo-produit-men-3.jpg 1179w\" sizes=\"(max-width: 580px) 100vw, 580px\" \/>\t\t\t\t\t\t\t\t\t\t\t\t\t\t\t<\/div>\n\t\t\t\t<\/div>\n\t\t\t\t\t<\/div>\n\t\t<\/div>\n\t\t\t\t<div class=\"elementor-column elementor-col-33 elementor-top-column elementor-element elementor-element-e6e137d\" data-id=\"e6e137d\" data-element_type=\"column\" data-e-type=\"column\">\n\t\t\t<div class=\"elementor-widget-wrap elementor-element-populated\">\n\t\t\t\t\t\t<div class=\"elementor-element elementor-element-1e3bdc0 elementor-widget elementor-widget-image\" data-id=\"1e3bdc0\" data-element_type=\"widget\" data-e-type=\"widget\" data-widget_type=\"image.default\">\n\t\t\t\t<div class=\"elementor-widget-container\">\n\t\t\t\t\t\t\t\t\t\t\t\t\t\t\t<img loading=\"lazy\" decoding=\"async\" width=\"580\" height=\"1024\" src=\"https:\/\/rainbowkjewelry.com\/wp-content\/uploads\/2023\/09\/photo-produit-men-1-580x1024.jpg\" class=\"attachment-large size-large wp-image-20962\" alt=\"\" srcset=\"https:\/\/rainbowkjewelry.com\/wp-content\/uploads\/2023\/09\/photo-produit-men-1-580x1024.jpg 580w, https:\/\/rainbowkjewelry.com\/wp-content\/uploads\/2023\/09\/photo-produit-men-1-340x600.jpg 340w, https:\/\/rainbowkjewelry.com\/wp-content\/uploads\/2023\/09\/photo-produit-men-1-768x1355.jpg 768w, https:\/\/rainbowkjewelry.com\/wp-content\/uploads\/2023\/09\/photo-produit-men-1-871x1536.jpg 871w, https:\/\/rainbowkjewelry.com\/wp-content\/uploads\/2023\/09\/photo-produit-men-1-1161x2048.jpg 1161w, https:\/\/rainbowkjewelry.com\/wp-content\/uploads\/2023\/09\/photo-produit-men-1-453x800.jpg 453w, https:\/\/rainbowkjewelry.com\/wp-content\/uploads\/2023\/09\/photo-produit-men-1-567x1000.jpg 567w, https:\/\/rainbowkjewelry.com\/wp-content\/uploads\/2023\/09\/photo-produit-men-1-600x1059.jpg 600w, https:\/\/rainbowkjewelry.com\/wp-content\/uploads\/2023\/09\/photo-produit-men-1.jpg 1179w\" sizes=\"(max-width: 580px) 100vw, 580px\" \/>\t\t\t\t\t\t\t\t\t\t\t\t\t\t\t<\/div>\n\t\t\t\t<\/div>\n\t\t\t\t\t<\/div>\n\t\t<\/div>\n\t\t\t\t\t<\/div>\n\t\t<\/section>\n\t\t\t\t<section class=\"elementor-section elementor-top-section elementor-element elementor-element-29502e12 elementor-section-boxed elementor-section-height-default elementor-section-height-default\" data-id=\"29502e12\" data-element_type=\"section\" data-e-type=\"section\" data-settings=\"{&quot;background_background&quot;:&quot;classic&quot;,&quot;_ha_eqh_enable&quot;:false}\">\n\t\t\t\t\t\t<div class=\"elementor-container elementor-column-gap-default\">\n\t\t\t\t\t<div class=\"elementor-column elementor-col-100 elementor-top-column elementor-element elementor-element-335264f3\" data-id=\"335264f3\" data-element_type=\"column\" data-e-type=\"column\">\n\t\t\t<div class=\"elementor-widget-wrap elementor-element-populated\">\n\t\t\t\t\t\t<div class=\"elementor-element elementor-element-2b552e8b elementor-align-center elementor-widget elementor-widget-button\" data-id=\"2b552e8b\" data-element_type=\"widget\" data-e-type=\"widget\" data-widget_type=\"button.default\">\n\t\t\t\t<div class=\"elementor-widget-container\">\n\t\t\t\t\t\t\t\t\t<div class=\"elementor-button-wrapper\">\n\t\t\t\t\t<a class=\"elementor-button elementor-button-link elementor-size-sm\" href=\"https:\/\/rainbowkjewelry.com\/store\/store-men\/all-products-store-men\/\">\n\t\t\t\t\t\t<span class=\"elementor-button-content-wrapper\">\n\t\t\t\t\t\t\t\t\t<span class=\"elementor-button-text\">D\u00e9couvrir<\/span>\n\t\t\t\t\t<\/span>\n\t\t\t\t\t<\/a>\n\t\t\t\t<\/div>\n\t\t\t\t\t\t\t\t<\/div>\n\t\t\t\t<\/div>\n\t\t\t\t\t<\/div>\n\t\t<\/div>\n\t\t\t\t\t<\/div>\n\t\t<\/section>\n\t\t\t\t<\/div>\n\t\t","protected":false},"excerpt":{"rendered":"<p>Pourquoi Kelia et Kelly ont-elles d\u00e9cid\u00e9 de cr\u00e9er une collection de bijoux pour hommes ? \u00ab\u00a0Les bijoux sont aussi importants\u2026<\/p>\n","protected":false},"author":2,"featured_media":0,"parent":0,"menu_order":0,"comment_status":"closed","ping_status":"closed","template":"","meta":{"footnotes":""},"class_list":["post-23472","page","type-page","status-publish","hentry"],"acf":[],"yoast_head":"<!-- This site is optimized with the Yoast SEO plugin v27.2 - https:\/\/yoast.com\/product\/yoast-seo-wordpress\/ -->\n<title>Men - Rainbow K<\/title>\n<meta name=\"robots\" content=\"index, follow, max-snippet:-1, max-image-preview:large, max-video-preview:-1\" \/>\n<link rel=\"canonical\" href=\"https:\/\/rainbowkjewelry.com\/fr\/men\/\" \/>\n<meta property=\"og:locale\" content=\"fr_FR\" \/>\n<meta property=\"og:type\" content=\"article\" \/>\n<meta property=\"og:title\" content=\"Men - Rainbow K\" \/>\n<meta property=\"og:description\" content=\"Pourquoi Kelia et Kelly ont-elles d\u00e9cid\u00e9 de cr\u00e9er une collection de bijoux pour hommes ? \u00ab\u00a0Les bijoux sont aussi importants\u2026\" \/>\n<meta property=\"og:url\" content=\"https:\/\/rainbowkjewelry.com\/fr\/men\/\" \/>\n<meta property=\"og:site_name\" content=\"Rainbow K\" \/>\n<meta property=\"article:modified_time\" content=\"2024-04-18T14:17:04+00:00\" \/>\n<meta property=\"og:image\" content=\"https:\/\/rainbowkjewelry.com\/wp-content\/uploads\/2023\/09\/Photos-a-dupliquer-en-deux-fois-en-tete-de-page-1-590x1024.jpeg\" \/>\n<meta name=\"twitter:card\" content=\"summary_large_image\" \/>\n<meta name=\"twitter:label1\" content=\"Dur\u00e9e de lecture estim\u00e9e\" \/>\n\t<meta name=\"twitter:data1\" content=\"2 minutes\" \/>\n<script type=\"application\/ld+json\" class=\"yoast-schema-graph\">{\"@context\":\"https:\/\/schema.org\",\"@graph\":[{\"@type\":\"WebPage\",\"@id\":\"https:\/\/rainbowkjewelry.com\/fr\/men\/\",\"url\":\"https:\/\/rainbowkjewelry.com\/fr\/men\/\",\"name\":\"Men - Rainbow K\",\"isPartOf\":{\"@id\":\"https:\/\/rainbowkjewelry.com\/fr\/#website\"},\"primaryImageOfPage\":{\"@id\":\"https:\/\/rainbowkjewelry.com\/fr\/men\/#primaryimage\"},\"image\":{\"@id\":\"https:\/\/rainbowkjewelry.com\/fr\/men\/#primaryimage\"},\"thumbnailUrl\":\"https:\/\/rainbowkjewelry.com\/wp-content\/uploads\/2023\/09\/Photos-a-dupliquer-en-deux-fois-en-tete-de-page-1-590x1024.jpeg\",\"datePublished\":\"2023-01-10T11:17:05+00:00\",\"dateModified\":\"2024-04-18T14:17:04+00:00\",\"breadcrumb\":{\"@id\":\"https:\/\/rainbowkjewelry.com\/fr\/men\/#breadcrumb\"},\"inLanguage\":\"fr-FR\",\"potentialAction\":[{\"@type\":\"ReadAction\",\"target\":[\"https:\/\/rainbowkjewelry.com\/fr\/men\/\"]}]},{\"@type\":\"ImageObject\",\"inLanguage\":\"fr-FR\",\"@id\":\"https:\/\/rainbowkjewelry.com\/fr\/men\/#primaryimage\",\"url\":\"https:\/\/rainbowkjewelry.com\/wp-content\/uploads\/2023\/09\/Photos-a-dupliquer-en-deux-fois-en-tete-de-page-1-590x1024.jpeg\",\"contentUrl\":\"https:\/\/rainbowkjewelry.com\/wp-content\/uploads\/2023\/09\/Photos-a-dupliquer-en-deux-fois-en-tete-de-page-1-590x1024.jpeg\"},{\"@type\":\"BreadcrumbList\",\"@id\":\"https:\/\/rainbowkjewelry.com\/fr\/men\/#breadcrumb\",\"itemListElement\":[{\"@type\":\"ListItem\",\"position\":1,\"name\":\"Accueil\",\"item\":\"https:\/\/rainbowkjewelry.com\/fr\/\"},{\"@type\":\"ListItem\",\"position\":2,\"name\":\"Men\"}]},{\"@type\":\"WebSite\",\"@id\":\"https:\/\/rainbowkjewelry.com\/fr\/#website\",\"url\":\"https:\/\/rainbowkjewelry.com\/fr\/\",\"name\":\"Rainbow K\",\"description\":\"\",\"publisher\":{\"@id\":\"https:\/\/rainbowkjewelry.com\/fr\/#organization\"},\"potentialAction\":[{\"@type\":\"SearchAction\",\"target\":{\"@type\":\"EntryPoint\",\"urlTemplate\":\"https:\/\/rainbowkjewelry.com\/fr\/?s={search_term_string}\"},\"query-input\":{\"@type\":\"PropertyValueSpecification\",\"valueRequired\":true,\"valueName\":\"search_term_string\"}}],\"inLanguage\":\"fr-FR\"},{\"@type\":\"Organization\",\"@id\":\"https:\/\/rainbowkjewelry.com\/fr\/#organization\",\"name\":\"Rainbow K\",\"url\":\"https:\/\/rainbowkjewelry.com\/fr\/\",\"logo\":{\"@type\":\"ImageObject\",\"inLanguage\":\"fr-FR\",\"@id\":\"https:\/\/rainbowkjewelry.com\/fr\/#\/schema\/logo\/image\/\",\"url\":\"https:\/\/rainbowkjewelry.com\/wp-content\/uploads\/2023\/01\/DARK_LOGO_RAINBOW_K.png\",\"contentUrl\":\"https:\/\/rainbowkjewelry.com\/wp-content\/uploads\/2023\/01\/DARK_LOGO_RAINBOW_K.png\",\"width\":1392,\"height\":451,\"caption\":\"Rainbow K\"},\"image\":{\"@id\":\"https:\/\/rainbowkjewelry.com\/fr\/#\/schema\/logo\/image\/\"},\"sameAs\":[\"https:\/\/www.instagram.com\/rainbowkjewelry\/\"]}]}<\/script>\n<!-- \/ Yoast SEO plugin. -->","yoast_head_json":{"title":"Men - Rainbow K","robots":{"index":"index","follow":"follow","max-snippet":"max-snippet:-1","max-image-preview":"max-image-preview:large","max-video-preview":"max-video-preview:-1"},"canonical":"https:\/\/rainbowkjewelry.com\/fr\/men\/","og_locale":"fr_FR","og_type":"article","og_title":"Men - Rainbow K","og_description":"Pourquoi Kelia et Kelly ont-elles d\u00e9cid\u00e9 de cr\u00e9er une collection de bijoux pour hommes ? \u00ab\u00a0Les bijoux sont aussi importants\u2026","og_url":"https:\/\/rainbowkjewelry.com\/fr\/men\/","og_site_name":"Rainbow K","article_modified_time":"2024-04-18T14:17:04+00:00","og_image":[{"url":"https:\/\/rainbowkjewelry.com\/wp-content\/uploads\/2023\/09\/Photos-a-dupliquer-en-deux-fois-en-tete-de-page-1-590x1024.jpeg","type":"","width":"","height":""}],"twitter_card":"summary_large_image","twitter_misc":{"Dur\u00e9e de lecture estim\u00e9e":"2 minutes"},"schema":{"@context":"https:\/\/schema.org","@graph":[{"@type":"WebPage","@id":"https:\/\/rainbowkjewelry.com\/fr\/men\/","url":"https:\/\/rainbowkjewelry.com\/fr\/men\/","name":"Men - Rainbow K","isPartOf":{"@id":"https:\/\/rainbowkjewelry.com\/fr\/#website"},"primaryImageOfPage":{"@id":"https:\/\/rainbowkjewelry.com\/fr\/men\/#primaryimage"},"image":{"@id":"https:\/\/rainbowkjewelry.com\/fr\/men\/#primaryimage"},"thumbnailUrl":"https:\/\/rainbowkjewelry.com\/wp-content\/uploads\/2023\/09\/Photos-a-dupliquer-en-deux-fois-en-tete-de-page-1-590x1024.jpeg","datePublished":"2023-01-10T11:17:05+00:00","dateModified":"2024-04-18T14:17:04+00:00","breadcrumb":{"@id":"https:\/\/rainbowkjewelry.com\/fr\/men\/#breadcrumb"},"inLanguage":"fr-FR","potentialAction":[{"@type":"ReadAction","target":["https:\/\/rainbowkjewelry.com\/fr\/men\/"]}]},{"@type":"ImageObject","inLanguage":"fr-FR","@id":"https:\/\/rainbowkjewelry.com\/fr\/men\/#primaryimage","url":"https:\/\/rainbowkjewelry.com\/wp-content\/uploads\/2023\/09\/Photos-a-dupliquer-en-deux-fois-en-tete-de-page-1-590x1024.jpeg","contentUrl":"https:\/\/rainbowkjewelry.com\/wp-content\/uploads\/2023\/09\/Photos-a-dupliquer-en-deux-fois-en-tete-de-page-1-590x1024.jpeg"},{"@type":"BreadcrumbList","@id":"https:\/\/rainbowkjewelry.com\/fr\/men\/#breadcrumb","itemListElement":[{"@type":"ListItem","position":1,"name":"Accueil","item":"https:\/\/rainbowkjewelry.com\/fr\/"},{"@type":"ListItem","position":2,"name":"Men"}]},{"@type":"WebSite","@id":"https:\/\/rainbowkjewelry.com\/fr\/#website","url":"https:\/\/rainbowkjewelry.com\/fr\/","name":"Rainbow K","description":"","publisher":{"@id":"https:\/\/rainbowkjewelry.com\/fr\/#organization"},"potentialAction":[{"@type":"SearchAction","target":{"@type":"EntryPoint","urlTemplate":"https:\/\/rainbowkjewelry.com\/fr\/?s={search_term_string}"},"query-input":{"@type":"PropertyValueSpecification","valueRequired":true,"valueName":"search_term_string"}}],"inLanguage":"fr-FR"},{"@type":"Organization","@id":"https:\/\/rainbowkjewelry.com\/fr\/#organization","name":"Rainbow K","url":"https:\/\/rainbowkjewelry.com\/fr\/","logo":{"@type":"ImageObject","inLanguage":"fr-FR","@id":"https:\/\/rainbowkjewelry.com\/fr\/#\/schema\/logo\/image\/","url":"https:\/\/rainbowkjewelry.com\/wp-content\/uploads\/2023\/01\/DARK_LOGO_RAINBOW_K.png","contentUrl":"https:\/\/rainbowkjewelry.com\/wp-content\/uploads\/2023\/01\/DARK_LOGO_RAINBOW_K.png","width":1392,"height":451,"caption":"Rainbow K"},"image":{"@id":"https:\/\/rainbowkjewelry.com\/fr\/#\/schema\/logo\/image\/"},"sameAs":["https:\/\/www.instagram.com\/rainbowkjewelry\/"]}]}},"_links":{"self":[{"href":"https:\/\/rainbowkjewelry.com\/fr\/wp-json\/wp\/v2\/pages\/23472","targetHints":{"allow":["GET"]}}],"collection":[{"href":"https:\/\/rainbowkjewelry.com\/fr\/wp-json\/wp\/v2\/pages"}],"about":[{"href":"https:\/\/rainbowkjewelry.com\/fr\/wp-json\/wp\/v2\/types\/page"}],"author":[{"embeddable":true,"href":"https:\/\/rainbowkjewelry.com\/fr\/wp-json\/wp\/v2\/users\/2"}],"replies":[{"embeddable":true,"href":"https:\/\/rainbowkjewelry.com\/fr\/wp-json\/wp\/v2\/comments?post=23472"}],"version-history":[{"count":3,"href":"https:\/\/rainbowkjewelry.com\/fr\/wp-json\/wp\/v2\/pages\/23472\/revisions"}],"predecessor-version":[{"id":23476,"href":"https:\/\/rainbowkjewelry.com\/fr\/wp-json\/wp\/v2\/pages\/23472\/revisions\/23476"}],"wp:attachment":[{"href":"https:\/\/rainbowkjewelry.com\/fr\/wp-json\/wp\/v2\/media?parent=23472"}],"curies":[{"name":"wp","href":"https:\/\/api.w.org\/{rel}","templated":true}]}}