{"id":23404,"date":"2022-09-06T15:58:16","date_gmt":"2022-09-06T13:58:16","guid":{"rendered":"https:\/\/rainbowkjewelry.com\/legal-mentions\/"},"modified":"2025-10-02T10:57:39","modified_gmt":"2025-10-02T08:57:39","slug":"mentions-legales","status":"publish","type":"page","link":"https:\/\/rainbowkjewelry.com\/fr\/mentions-legales\/","title":{"rendered":"MENTIONS LEGALES"},"content":{"rendered":"\t\t<div data-elementor-type=\"wp-page\" data-elementor-id=\"23404\" class=\"elementor elementor-23404 elementor-54\" data-elementor-settings=\"{&quot;ha_cmc_init_switcher&quot;:&quot;no&quot;}\" data-elementor-post-type=\"page\">\n\t\t\t\t\t\t<section class=\"elementor-section elementor-top-section elementor-element elementor-element-9dfeb8d elementor-section-boxed elementor-section-height-default elementor-section-height-default\" data-id=\"9dfeb8d\" data-element_type=\"section\" data-e-type=\"section\" data-settings=\"{&quot;_ha_eqh_enable&quot;:false}\">\n\t\t\t\t\t\t<div class=\"elementor-container elementor-column-gap-default\">\n\t\t\t\t\t<div class=\"elementor-column elementor-col-100 elementor-top-column elementor-element elementor-element-f64b274\" data-id=\"f64b274\" data-element_type=\"column\" data-e-type=\"column\">\n\t\t\t<div class=\"elementor-widget-wrap elementor-element-populated\">\n\t\t\t\t\t\t<div class=\"elementor-element elementor-element-919d427 elementor-widget elementor-widget-text-editor\" data-id=\"919d427\" data-element_type=\"widget\" data-e-type=\"widget\" data-widget_type=\"text-editor.default\">\n\t\t\t\t<div class=\"elementor-widget-container\">\n\t\t\t\t\t\t\t\t\t<p>Rainbow K Jewelry<br \/>5 rue de Castiglione<br \/>75001 Paris<br \/>FRANCE<\/p><p><strong>HEBERGEMENT<\/strong><br \/>L\u2019h\u00e9bergement est r\u00e9alis\u00e9 par GoDaddy<br \/><br \/><strong>DROITS D\u2019AUTEUR<\/strong><br \/>En application du Code fran\u00e7ais de la Propri\u00e9t\u00e9 Intellectuelle et, plus g\u00e9n\u00e9ralement, des trait\u00e9s et accords internationaux comportant des dispositions relatives \u00e0 la protection des droits d\u2019auteurs, vous vous interdirez de reproduire pour un usage autre que priv\u00e9 mais aussi de vendre, distribuer, \u00e9mettre, diffuser, adapter, modifier, publier, communiquer int\u00e9gralement ou partiellement, sous quelque forme que ce soit, les donn\u00e9es, la pr\u00e9sentation ou l\u2019organisation du site sans l\u2019autorisation \u00e9crite pr\u00e9alable de www.rainbowkjewelry.com<br \/><br \/><strong>LEGISLATION FRANCAISE RELATIVE AU DROIT D\u2019ACCES AU FICHIER INFORMATISE<\/strong><br \/>Conform\u00e9ment \u00e0 la loi fran\u00e7aise N\u2022 78-17 du 6 janvier 1978 relative \u00e0 l\u2019informatique, aux fichiers et aux libert\u00e9s (CNIL), tout utilisateur ayant d\u00e9pos\u00e9 sur ce site des informations directement ou indirectement nominatives, peut demander la communication des informations nominatives le concernant en s\u2019adressant au rainbowk.jewelry@gmail.com et les faire rectifier le cas \u00e9ch\u00e9ant.<br \/><br \/><strong>DECHARGE DE RESPONSABILITE<\/strong><br \/>Alors que nous avons effectu\u00e9 toutes les d\u00e9marches pour nous assurer de la fiabilit\u00e9 des informations contenues sur ce site internet, www.rainbowkjewelry.com ne peut encourir aucune responsabilit\u00e9 du fait d\u2019erreurs, d\u2019omissions, ou pour les r\u00e9sultats qui pourraient \u00eatre obtenus par l\u2019usage de ces informations. www.rainbowkjewelry.com n\u2019est tenu que d\u2019une obligation de moyens concernant les informations qu\u2019il met \u00e0 disposition des personnes qui acc\u00e8dent \u00e0 son site internet. Par ailleurs, l\u2019usage de liens hypertextes peut conduire votre consultation de notre site vers d\u2019autres serveurs, serveurs sur lesquels creperiedelapelouse.fr n\u2019a aucun contr\u00f4le. creperiedelapelouse.fr n\u2019est donc pas responsable de l\u2019information et du contenu pr\u00e9sents sur ces serveurs.<br \/><br \/><strong>ACCES AU SITE INTERNET<\/strong><br \/>L\u2019acc\u00e8s au Site est possible 24 heures sur 24, 7 jours sur 7, sauf en cas de force majeure ou d\u2019un \u00e9v\u00e9nement hors du contr\u00f4le de www.rainbowkjewelry.com et sous r\u00e9serve des \u00e9ventuelles pannes et interventions de maintenance n\u00e9cessaires au bon fonctionnement du Site et des mat\u00e9riels aff\u00e9rents. L\u2019acc\u00e8s au service se fait \u00e0 partir d\u2019un micro-ordinateur connect\u00e9 \u00e0 un r\u00e9seau de t\u00e9l\u00e9communication permettant l\u2019acc\u00e8s au Site selon les protocoles de communication utilis\u00e9s sur le r\u00e9seau d\u2019Internet.<\/p>\t\t\t\t\t\t\t\t<\/div>\n\t\t\t\t<\/div>\n\t\t\t\t\t<\/div>\n\t\t<\/div>\n\t\t\t\t\t<\/div>\n\t\t<\/section>\n\t\t\t\t<\/div>\n\t\t","protected":false},"excerpt":{"rendered":"<p>Rainbow K Jewelry5 rue de Castiglione75001 ParisFRANCE HEBERGEMENTL\u2019h\u00e9bergement est r\u00e9alis\u00e9 par GoDaddy DROITS D\u2019AUTEUREn application du Code fran\u00e7ais de la\u2026<\/p>\n","protected":false},"author":2,"featured_media":0,"parent":0,"menu_order":0,"comment_status":"closed","ping_status":"closed","template":"","meta":{"footnotes":""},"class_list":["post-23404","page","type-page","status-publish","hentry"],"acf":[],"yoast_head":"<!-- This site is optimized with the Yoast SEO plugin v27.2 - https:\/\/yoast.com\/product\/yoast-seo-wordpress\/ -->\n<title>MENTIONS LEGALES - Rainbow K<\/title>\n<meta name=\"robots\" content=\"index, follow, max-snippet:-1, max-image-preview:large, max-video-preview:-1\" \/>\n<link rel=\"canonical\" href=\"https:\/\/rainbowkjewelry.com\/fr\/mentions-legales\/\" \/>\n<meta property=\"og:locale\" content=\"fr_FR\" \/>\n<meta property=\"og:type\" content=\"article\" \/>\n<meta property=\"og:title\" content=\"MENTIONS LEGALES - Rainbow K\" \/>\n<meta property=\"og:description\" content=\"Rainbow K Jewelry5 rue de Castiglione75001 ParisFRANCE HEBERGEMENTL\u2019h\u00e9bergement est r\u00e9alis\u00e9 par GoDaddy DROITS D\u2019AUTEUREn application du Code fran\u00e7ais de la\u2026\" \/>\n<meta property=\"og:url\" content=\"https:\/\/rainbowkjewelry.com\/fr\/mentions-legales\/\" \/>\n<meta property=\"og:site_name\" content=\"Rainbow K\" \/>\n<meta property=\"article:modified_time\" content=\"2025-10-02T08:57:39+00:00\" \/>\n<meta name=\"twitter:card\" content=\"summary_large_image\" \/>\n<meta name=\"twitter:label1\" content=\"Dur\u00e9e de lecture estim\u00e9e\" \/>\n\t<meta name=\"twitter:data1\" content=\"2 minutes\" \/>\n<script type=\"application\/ld+json\" class=\"yoast-schema-graph\">{\"@context\":\"https:\/\/schema.org\",\"@graph\":[{\"@type\":\"WebPage\",\"@id\":\"https:\/\/rainbowkjewelry.com\/fr\/mentions-legales\/\",\"url\":\"https:\/\/rainbowkjewelry.com\/fr\/mentions-legales\/\",\"name\":\"MENTIONS LEGALES - Rainbow K\",\"isPartOf\":{\"@id\":\"https:\/\/rainbowkjewelry.com\/fr\/#website\"},\"datePublished\":\"2022-09-06T13:58:16+00:00\",\"dateModified\":\"2025-10-02T08:57:39+00:00\",\"breadcrumb\":{\"@id\":\"https:\/\/rainbowkjewelry.com\/fr\/mentions-legales\/#breadcrumb\"},\"inLanguage\":\"fr-FR\",\"potentialAction\":[{\"@type\":\"ReadAction\",\"target\":[\"https:\/\/rainbowkjewelry.com\/fr\/mentions-legales\/\"]}]},{\"@type\":\"BreadcrumbList\",\"@id\":\"https:\/\/rainbowkjewelry.com\/fr\/mentions-legales\/#breadcrumb\",\"itemListElement\":[{\"@type\":\"ListItem\",\"position\":1,\"name\":\"Accueil\",\"item\":\"https:\/\/rainbowkjewelry.com\/fr\/\"},{\"@type\":\"ListItem\",\"position\":2,\"name\":\"MENTIONS LEGALES\"}]},{\"@type\":\"WebSite\",\"@id\":\"https:\/\/rainbowkjewelry.com\/fr\/#website\",\"url\":\"https:\/\/rainbowkjewelry.com\/fr\/\",\"name\":\"Rainbow K\",\"description\":\"\",\"publisher\":{\"@id\":\"https:\/\/rainbowkjewelry.com\/fr\/#organization\"},\"potentialAction\":[{\"@type\":\"SearchAction\",\"target\":{\"@type\":\"EntryPoint\",\"urlTemplate\":\"https:\/\/rainbowkjewelry.com\/fr\/?s={search_term_string}\"},\"query-input\":{\"@type\":\"PropertyValueSpecification\",\"valueRequired\":true,\"valueName\":\"search_term_string\"}}],\"inLanguage\":\"fr-FR\"},{\"@type\":\"Organization\",\"@id\":\"https:\/\/rainbowkjewelry.com\/fr\/#organization\",\"name\":\"Rainbow K\",\"url\":\"https:\/\/rainbowkjewelry.com\/fr\/\",\"logo\":{\"@type\":\"ImageObject\",\"inLanguage\":\"fr-FR\",\"@id\":\"https:\/\/rainbowkjewelry.com\/fr\/#\/schema\/logo\/image\/\",\"url\":\"https:\/\/rainbowkjewelry.com\/wp-content\/uploads\/2023\/01\/DARK_LOGO_RAINBOW_K.png\",\"contentUrl\":\"https:\/\/rainbowkjewelry.com\/wp-content\/uploads\/2023\/01\/DARK_LOGO_RAINBOW_K.png\",\"width\":1392,\"height\":451,\"caption\":\"Rainbow K\"},\"image\":{\"@id\":\"https:\/\/rainbowkjewelry.com\/fr\/#\/schema\/logo\/image\/\"},\"sameAs\":[\"https:\/\/www.instagram.com\/rainbowkjewelry\/\"]}]}<\/script>\n<!-- \/ Yoast SEO plugin. -->","yoast_head_json":{"title":"MENTIONS LEGALES - Rainbow K","robots":{"index":"index","follow":"follow","max-snippet":"max-snippet:-1","max-image-preview":"max-image-preview:large","max-video-preview":"max-video-preview:-1"},"canonical":"https:\/\/rainbowkjewelry.com\/fr\/mentions-legales\/","og_locale":"fr_FR","og_type":"article","og_title":"MENTIONS LEGALES - Rainbow K","og_description":"Rainbow K Jewelry5 rue de Castiglione75001 ParisFRANCE HEBERGEMENTL\u2019h\u00e9bergement est r\u00e9alis\u00e9 par GoDaddy DROITS D\u2019AUTEUREn application du Code fran\u00e7ais de la\u2026","og_url":"https:\/\/rainbowkjewelry.com\/fr\/mentions-legales\/","og_site_name":"Rainbow K","article_modified_time":"2025-10-02T08:57:39+00:00","twitter_card":"summary_large_image","twitter_misc":{"Dur\u00e9e de lecture estim\u00e9e":"2 minutes"},"schema":{"@context":"https:\/\/schema.org","@graph":[{"@type":"WebPage","@id":"https:\/\/rainbowkjewelry.com\/fr\/mentions-legales\/","url":"https:\/\/rainbowkjewelry.com\/fr\/mentions-legales\/","name":"MENTIONS LEGALES - Rainbow K","isPartOf":{"@id":"https:\/\/rainbowkjewelry.com\/fr\/#website"},"datePublished":"2022-09-06T13:58:16+00:00","dateModified":"2025-10-02T08:57:39+00:00","breadcrumb":{"@id":"https:\/\/rainbowkjewelry.com\/fr\/mentions-legales\/#breadcrumb"},"inLanguage":"fr-FR","potentialAction":[{"@type":"ReadAction","target":["https:\/\/rainbowkjewelry.com\/fr\/mentions-legales\/"]}]},{"@type":"BreadcrumbList","@id":"https:\/\/rainbowkjewelry.com\/fr\/mentions-legales\/#breadcrumb","itemListElement":[{"@type":"ListItem","position":1,"name":"Accueil","item":"https:\/\/rainbowkjewelry.com\/fr\/"},{"@type":"ListItem","position":2,"name":"MENTIONS LEGALES"}]},{"@type":"WebSite","@id":"https:\/\/rainbowkjewelry.com\/fr\/#website","url":"https:\/\/rainbowkjewelry.com\/fr\/","name":"Rainbow K","description":"","publisher":{"@id":"https:\/\/rainbowkjewelry.com\/fr\/#organization"},"potentialAction":[{"@type":"SearchAction","target":{"@type":"EntryPoint","urlTemplate":"https:\/\/rainbowkjewelry.com\/fr\/?s={search_term_string}"},"query-input":{"@type":"PropertyValueSpecification","valueRequired":true,"valueName":"search_term_string"}}],"inLanguage":"fr-FR"},{"@type":"Organization","@id":"https:\/\/rainbowkjewelry.com\/fr\/#organization","name":"Rainbow K","url":"https:\/\/rainbowkjewelry.com\/fr\/","logo":{"@type":"ImageObject","inLanguage":"fr-FR","@id":"https:\/\/rainbowkjewelry.com\/fr\/#\/schema\/logo\/image\/","url":"https:\/\/rainbowkjewelry.com\/wp-content\/uploads\/2023\/01\/DARK_LOGO_RAINBOW_K.png","contentUrl":"https:\/\/rainbowkjewelry.com\/wp-content\/uploads\/2023\/01\/DARK_LOGO_RAINBOW_K.png","width":1392,"height":451,"caption":"Rainbow K"},"image":{"@id":"https:\/\/rainbowkjewelry.com\/fr\/#\/schema\/logo\/image\/"},"sameAs":["https:\/\/www.instagram.com\/rainbowkjewelry\/"]}]}},"_links":{"self":[{"href":"https:\/\/rainbowkjewelry.com\/fr\/wp-json\/wp\/v2\/pages\/23404","targetHints":{"allow":["GET"]}}],"collection":[{"href":"https:\/\/rainbowkjewelry.com\/fr\/wp-json\/wp\/v2\/pages"}],"about":[{"href":"https:\/\/rainbowkjewelry.com\/fr\/wp-json\/wp\/v2\/types\/page"}],"author":[{"embeddable":true,"href":"https:\/\/rainbowkjewelry.com\/fr\/wp-json\/wp\/v2\/users\/2"}],"replies":[{"embeddable":true,"href":"https:\/\/rainbowkjewelry.com\/fr\/wp-json\/wp\/v2\/comments?post=23404"}],"version-history":[{"count":11,"href":"https:\/\/rainbowkjewelry.com\/fr\/wp-json\/wp\/v2\/pages\/23404\/revisions"}],"predecessor-version":[{"id":36107,"href":"https:\/\/rainbowkjewelry.com\/fr\/wp-json\/wp\/v2\/pages\/23404\/revisions\/36107"}],"wp:attachment":[{"href":"https:\/\/rainbowkjewelry.com\/fr\/wp-json\/wp\/v2\/media?parent=23404"}],"curies":[{"name":"wp","href":"https:\/\/api.w.org\/{rel}","templated":true}]}}